{"id":11651,"date":"2023-09-14T15:18:34","date_gmt":"2023-09-14T13:18:34","guid":{"rendered":"https:\/\/tos-offshore.com\/a-propos-de-nous\/history-values\/"},"modified":"2023-09-27T10:49:07","modified_gmt":"2023-09-27T08:49:07","slug":"historia-valores","status":"publish","type":"page","link":"https:\/\/tos-offshore.com\/es\/acerca-de-nosotros\/historia-valores\/","title":{"rendered":"Historia\/valores"},"content":{"rendered":"\t\t<div data-elementor-type=\"wp-page\" data-elementor-id=\"11651\" class=\"elementor elementor-11651\">\n\t\t\t\t\t\t\t\t\t<section class=\" elementor-section elementor-top-section elementor-element elementor-element-1cdd1ee elementor-section-full_width elementor-section-height-default elementor-section-height-default\" data-id=\"1cdd1ee\" data-element_type=\"section\">\r\n\t\t\t\t\t\t\t\t<div class=\"elementor-container elementor-column-gap-default\">\r\n\t\t\t\t\r\n\t\t\t\t\t\t\t\t<div class=\" elementor-column elementor-col-100 elementor-top-column elementor-element elementor-element-c12dc4f \" data-id=\"c12dc4f\" data-element_type=\"column\">\r\n\r\n\t\t\t\t\r\n\t\t\t\t<div class=\"elementor-widget-wrap elementor-element-populated\">\r\n\t\t\t\t\t\t\t\t\t\t\r\n\t\t\t\t\t\t<section class=\" elementor-section elementor-inner-section elementor-element elementor-element-8f93d72 elementor-section-boxed elementor-section-height-default elementor-section-height-default\" data-id=\"8f93d72\" data-element_type=\"section\">\r\n\t\t\t\t\t\t\t\t<div class=\"elementor-container elementor-column-gap-default\">\r\n\t\t\t\t\r\n\t\t\t\t\t\t\t\t<div class=\" elementor-column elementor-col-100 elementor-inner-column elementor-element elementor-element-97eba67 \" data-id=\"97eba67\" data-element_type=\"column\">\r\n\r\n\t\t\t\t\r\n\t\t\t\t<div class=\"elementor-widget-wrap elementor-element-populated\">\r\n\t\t\t\t\t\t\t\t\t\t\r\n\t\t\t\t\t\t<div class=\"elementor-element elementor-element-823ccac elementor-widget elementor-widget-heading\" data-id=\"823ccac\" data-element_type=\"widget\" data-widget_type=\"heading.default\">\n\t\t\t\t<div class=\"elementor-widget-container\">\n\t\t\t<style>\/*! elementor - v3.16.0 - 09-10-2023 *\/\n.elementor-heading-title{padding:0;margin:0;line-height:1}.elementor-widget-heading .elementor-heading-title[class*=elementor-size-]>a{color:inherit;font-size:inherit;line-height:inherit}.elementor-widget-heading .elementor-heading-title.elementor-size-small{font-size:15px}.elementor-widget-heading .elementor-heading-title.elementor-size-medium{font-size:19px}.elementor-widget-heading .elementor-heading-title.elementor-size-large{font-size:29px}.elementor-widget-heading .elementor-heading-title.elementor-size-xl{font-size:39px}.elementor-widget-heading .elementor-heading-title.elementor-size-xxl{font-size:59px}<\/style><h3 class=\"elementor-heading-title elementor-size-default\">EXCELENCIA EN LA ATENCI\u00d3N AL CLIENTE, LA INNOVACI\u00d3N Y LA INGENIERIA !\n\n<\/h3>\t\t<\/div>\n\t\t\t\t<\/div>\n\t\t\t\t\t\t<\/div>\r\n\t\t\t\t<\/div>\r\n\t\t\t\t\t\t\t\t<\/div>\r\n\t\t\t<\/section>\r\n\t\t\t\t\t<div class=\"elementor-element elementor-element-2cd74e9 elementor-widget elementor-widget-text-editor\" data-id=\"2cd74e9\" data-element_type=\"widget\" data-widget_type=\"text-editor.default\">\n\t\t\t\t<div class=\"elementor-widget-container\">\n\t\t\t<style>\/*! elementor - v3.16.0 - 09-10-2023 *\/\n.elementor-widget-text-editor.elementor-drop-cap-view-stacked .elementor-drop-cap{background-color:#69727d;color:#fff}.elementor-widget-text-editor.elementor-drop-cap-view-framed .elementor-drop-cap{color:#69727d;border:3px solid;background-color:transparent}.elementor-widget-text-editor:not(.elementor-drop-cap-view-default) .elementor-drop-cap{margin-top:8px}.elementor-widget-text-editor:not(.elementor-drop-cap-view-default) .elementor-drop-cap-letter{width:1em;height:1em}.elementor-widget-text-editor .elementor-drop-cap{float:left;text-align:center;line-height:1;font-size:50px}.elementor-widget-text-editor .elementor-drop-cap-letter{display:inline-block}<\/style>\t\t\t\t<p>Tres valores que tipifican el trabajo que hacemos cada d\u00eda.<\/p>\t\t\t\t\t\t<\/div>\n\t\t\t\t<\/div>\n\t\t\t\t<div class=\"elementor-element elementor-element-ab9dc8a elementor-widget elementor-widget-text-editor\" data-id=\"ab9dc8a\" data-element_type=\"widget\" data-widget_type=\"text-editor.default\">\n\t\t\t\t<div class=\"elementor-widget-container\">\n\t\t\t\t\t\t\t<ul><li>Enfoque en el cliente \u2013\u00a0Escuchar a nuestros clientes forma parte de nuestro ADN \u2013 esto asegura que las soluciones que nosotros imaginamos, respondan estrechamente a las expectativas del usuario final.<\/li><li>Innovaci\u00f3n \u2013\u00a0 Es la habilidad de convertir un sue\u00f1o en una posibilidad real. Es la capacidad de transformar en soluci\u00f3n un deseo del cliente.<\/li><li>Excelencia en ingenier\u00eda \u2013\u00a0El saber hacer y la experiencia nos permiten crear productos innovadores durables y resistentes a climas rigurosos.<\/li><\/ul>\t\t\t\t\t\t<\/div>\n\t\t\t\t<\/div>\n\t\t\t\t<div class=\"elementor-element elementor-element-387f96a elementor-widget elementor-widget-text-editor\" data-id=\"387f96a\" data-element_type=\"widget\" data-widget_type=\"text-editor.default\">\n\t\t\t\t<div class=\"elementor-widget-container\">\n\t\t\t\t\t\t\t<p>El dise\u00f1o, la ingenier\u00eda y la fabricaci\u00f3n, procurando crear soluciones de vanguardia para los clientes, son nuestra pasi\u00f3n. Nos sentimos muy orgullosos de nuestros logros, no obstante, nos entusiasma a\u00fan m\u00e1s el brindar nuevas y mejores soluciones en los a\u00f1os venideros.<\/p>\t\t\t\t\t\t<\/div>\n\t\t\t\t<\/div>\n\t\t\t\t<div class=\"elementor-element elementor-element-6758482 elementor-widget elementor-widget-heading\" data-id=\"6758482\" data-element_type=\"widget\" data-widget_type=\"heading.default\">\n\t\t\t\t<div class=\"elementor-widget-container\">\n\t\t\t<h3 class=\"elementor-heading-title elementor-size-default\">NUESTRO TRABAJO\n\n\n<\/h3>\t\t<\/div>\n\t\t\t\t<\/div>\n\t\t\t\t<div class=\"elementor-element elementor-element-867587f elementor-widget elementor-widget-text-editor\" data-id=\"867587f\" data-element_type=\"widget\" data-widget_type=\"text-editor.default\">\n\t\t\t\t<div class=\"elementor-widget-container\">\n\t\t\t\t\t\t\t<p>Desde la fase inicial de dise\u00f1o hasta el apoyo al cumplimiento de la normativa, y desde la puesta en servicio final hasta la operaci\u00f3n en curso, proporcionamos asistencia que cubre todas las fases del proyecto:<\/p>\t\t\t\t\t\t<\/div>\n\t\t\t\t<\/div>\n\t\t\t\t<div class=\"elementor-element elementor-element-ac70cca elementor-widget elementor-widget-text-editor\" data-id=\"ac70cca\" data-element_type=\"widget\" data-widget_type=\"text-editor.default\">\n\t\t\t\t<div class=\"elementor-widget-container\">\n\t\t\t\t\t\t\t<ul><li>Desarrollo<\/li><li>Ingenier\u00eda y construcci\u00f3n<\/li><li>Producci\u00f3n<\/li><li>Servicios de posventa durante la operaci\u00f3n<\/li><\/ul>\t\t\t\t\t\t<\/div>\n\t\t\t\t<\/div>\n\t\t\t\t<div class=\"elementor-element elementor-element-e3fd48b link-red elementor-widget elementor-widget-text-editor\" data-id=\"e3fd48b\" data-element_type=\"widget\" data-widget_type=\"text-editor.default\">\n\t\t\t\t<div class=\"elementor-widget-container\">\n\t\t\t\t\t\t\t<p>Gracias a este enfoque integral, aseguramos la calidad de nuestros componentes y\u00a0<a href=\"https:\/\/tos-offshore.com\/media\/products\/warranty_statement.pdf\" target=\"_blank\" rel=\"noopener\">garantizamos<\/a>\u00a0un alto nivel de confiabilidad y rendimiento. Hemos demostrado nuestra experiencia t\u00e9cnica con las sistemas de balizamiento de obst\u00e1culos correctamente equipos y prestando servicios para proyectos de parques e\u00f3licos terrestres y marinos, ayudas a la navegaci\u00f3n mar\u00edtima, etc.<\/p><p>Como grupo, actualmente ofrecemos soluciones llave en mano para proteger las estructuras m\u00e1s altas del mundo (tanto en el mar como en tierra) en asociaci\u00f3n con nuestra empresa hermana ITO Navaids.<\/p>\t\t\t\t\t\t<\/div>\n\t\t\t\t<\/div>\n\t\t\t\t<div class=\"elementor-element elementor-element-bdcfa10 elementor-widget elementor-widget-heading\" data-id=\"bdcfa10\" data-element_type=\"widget\" data-widget_type=\"heading.default\">\n\t\t\t\t<div class=\"elementor-widget-container\">\n\t\t\t<h3 class=\"elementor-heading-title elementor-size-default\">HISTORIA Y LEGADO\n\n\n<\/h3>\t\t<\/div>\n\t\t\t\t<\/div>\n\t\t\t\t<div class=\"elementor-element elementor-element-7e68a15 elementor-widget elementor-widget-text-editor\" data-id=\"7e68a15\" data-element_type=\"widget\" data-widget_type=\"text-editor.default\">\n\t\t\t\t<div class=\"elementor-widget-container\">\n\t\t\t\t\t\t\t<p>Technostrobe fue fundada en el a\u00f1o 2001 por\u00a0<strong>Guy Buisson<\/strong>, con el objetivo de ayudar a los pilotos a navegar con seguridad proporcionando tecnolog\u00edas de balizamiento innovadoras, robustas y energ\u00e9ticamente eficiente a aquellos clientes propietarios de estructuras altas.\u00a0A\u00f1os despu\u00e9s, nuestros equipos han llegado a constituirse en elementos de protecci\u00f3n esenciales para pilotos de aerol\u00edneas y sus pasajeros, quienes sobrevuelan a proximidad de torres, aerogeneradores y chimeneas industriales.<\/p><p>Gracias a la visi\u00f3n de su fundador, Technostrobe se ha caracterizado por introducir al mercado productos novedosos en el \u00e1mbito de sistemas de balizamiento de obst\u00e1culos. Notables ejemplos dan prueba de ello: un Sistema de Sincronizaci\u00f3n GPS para la industria de parques e\u00f3licos en el 2005, balizas DEL de Intensidad Media para las compa\u00f1\u00edas de telecomunicaciones en el 2010, y los sistemas luminosos DEL de Alta Intensidad para las empresas de radiodifusi\u00f3n en el 2014. Nuestra m\u00e1s reciente soluci\u00f3n se denomina LIDS\u2122 (Soluci\u00f3n de Atenuaci\u00f3n de la Intensidad Luminosa). Esta tecnolog\u00eda busca incrementar el grado de aceptaci\u00f3n y confianza de la comunidad en cuanto a los parques e\u00f3licos, ya que permite atenuar la iluminaci\u00f3n de acuerdo a la visibilidad del entorno. Las inversiones actuales en Investigaci\u00f3n y Desarrollo (R&amp;D) de la compa\u00f1\u00eda, est\u00e1n centradas en desarrollar tecnolog\u00edas futuras de balizamiento de obst\u00e1culos incluyendo soluciones avanzadas de supervisi\u00f3n a distancia.<\/p><p>Nosotros procuramos constantemente exceder las expectativas de nuestros clientes, motivados por sus crecientes demandas, cada vez m\u00e1s especializadas y exigentes, al suministrar dise\u00f1os sobre medida, planos de ingenier\u00eda completos, as\u00ed como la pericia t\u00e9cnica requerida durante los trabajos de instalaci\u00f3n.<\/p><p>Estamos orgullosos de haber logrado finalizar con \u00e9xito proyectos para las compa\u00f1\u00edas de telecomunicaciones, radiodifusi\u00f3n y parques e\u00f3licos en Canad\u00e1, EE.UU. y M\u00e9xic<\/p>\t\t\t\t\t\t<\/div>\n\t\t\t\t<\/div>\n\t\t\t\t<div class=\"elementor-element elementor-element-ed1919b elementor-widget elementor-widget-udesign_widget_button\" data-id=\"ed1919b\" data-element_type=\"widget\" data-widget_type=\"udesign_widget_button.default\">\n\t\t\t\t<div class=\"elementor-widget-container\">\n\t\t\t<a class=\"btn btn-md btn-ellipse btn-icon btn-icon-right btn-slide-right\" href=\"\/es\/realizaciones\/\" ><span >Descubra m\u00e1s sobre nuestros realisaciones<\/span><i class=\"fas fa-long-arrow-alt-right\"><\/i><\/a>\t\t<\/div>\n\t\t\t\t<\/div>\n\t\t\t\t\t\t<\/div>\r\n\t\t\t\t<\/div>\r\n\t\t\t\t\t\t\t\t<\/div>\r\n\t\t\t<\/section>\r\n\t\t\t\t\t\t\t\t<\/div>\n\t\t","protected":false},"excerpt":{"rendered":"<p>EXCELENCIA EN LA ATENCI\u00d3N AL CLIENTE, LA INNOVACI\u00d3N Y LA INGENIERIA ! Tres valores que tipifican el trabajo que hacemos cada d\u00eda. Enfoque en el cliente \u2013\u00a0Escuchar a nuestros clientes forma parte de nuestro ADN \u2013 esto asegura que las soluciones que nosotros imaginamos, respondan estrechamente a las expectativas del usuario final. Innovaci\u00f3n \u2013\u00a0 Es [&hellip;]<\/p>\n","protected":false},"author":1,"featured_media":0,"parent":11624,"menu_order":0,"comment_status":"closed","ping_status":"closed","template":"modele-standard.php","meta":{"footnotes":""},"class_list":["post-11651","page","type-page","status-publish","hentry"],"yoast_head":"<!-- This site is optimized with the Yoast SEO plugin v22.5 - https:\/\/yoast.com\/wordpress\/plugins\/seo\/ -->\n<title>Historia\/valores - Technostrobe obstruction lights for tall towers in broadcasting, telecommunication, utilities and wind farm industries.<\/title>\n<meta name=\"robots\" content=\"index, follow, max-snippet:-1, max-image-preview:large, max-video-preview:-1\" \/>\n<link rel=\"canonical\" href=\"https:\/\/tos-offshore.com\/es\/acerca-de-nosotros\/historia-valores\/\" \/>\n<meta property=\"og:locale\" content=\"es_ES\" \/>\n<meta property=\"og:type\" content=\"article\" \/>\n<meta property=\"og:title\" content=\"Historia\/valores - Technostrobe obstruction lights for tall towers in broadcasting, telecommunication, utilities and wind farm industries.\" \/>\n<meta property=\"og:description\" content=\"EXCELENCIA EN LA ATENCI\u00d3N AL CLIENTE, LA INNOVACI\u00d3N Y LA INGENIERIA ! Tres valores que tipifican el trabajo que hacemos cada d\u00eda. Enfoque en el cliente \u2013\u00a0Escuchar a nuestros clientes forma parte de nuestro ADN \u2013 esto asegura que las soluciones que nosotros imaginamos, respondan estrechamente a las expectativas del usuario final. Innovaci\u00f3n \u2013\u00a0 Es [&hellip;]\" \/>\n<meta property=\"og:url\" content=\"https:\/\/tos-offshore.com\/es\/acerca-de-nosotros\/historia-valores\/\" \/>\n<meta property=\"og:site_name\" content=\"Technostrobe | Obstruction lights for tall towers in broadcasting, telecommunication, utilities and wind farm industries\" \/>\n<meta property=\"article:modified_time\" content=\"2023-09-27T08:49:07+00:00\" \/>\n<meta name=\"twitter:card\" content=\"summary_large_image\" \/>\n<meta name=\"twitter:label1\" content=\"Tiempo de lectura\" \/>\n\t<meta name=\"twitter:data1\" content=\"3 minutos\" \/>\n<script type=\"application\/ld+json\" class=\"yoast-schema-graph\">{\"@context\":\"https:\/\/schema.org\",\"@graph\":[{\"@type\":\"WebPage\",\"@id\":\"https:\/\/tos-offshore.com\/es\/acerca-de-nosotros\/historia-valores\/\",\"url\":\"https:\/\/tos-offshore.com\/es\/acerca-de-nosotros\/historia-valores\/\",\"name\":\"Historia\/valores - Technostrobe obstruction lights for tall towers in broadcasting, telecommunication, utilities and wind farm industries.\",\"isPartOf\":{\"@id\":\"https:\/\/tos-offshore.com\/fr\/#website\"},\"datePublished\":\"2023-09-14T13:18:34+00:00\",\"dateModified\":\"2023-09-27T08:49:07+00:00\",\"breadcrumb\":{\"@id\":\"https:\/\/tos-offshore.com\/es\/acerca-de-nosotros\/historia-valores\/#breadcrumb\"},\"inLanguage\":\"es\",\"potentialAction\":[{\"@type\":\"ReadAction\",\"target\":[\"https:\/\/tos-offshore.com\/es\/acerca-de-nosotros\/historia-valores\/\"]}]},{\"@type\":\"BreadcrumbList\",\"@id\":\"https:\/\/tos-offshore.com\/es\/acerca-de-nosotros\/historia-valores\/#breadcrumb\",\"itemListElement\":[{\"@type\":\"ListItem\",\"position\":1,\"name\":\"Home\",\"item\":\"https:\/\/tos-offshore.com\/en\/\"},{\"@type\":\"ListItem\",\"position\":2,\"name\":\"Acerca de nosotros\",\"item\":\"https:\/\/tos-offshore.com\/es\/acerca-de-nosotros\/\"},{\"@type\":\"ListItem\",\"position\":3,\"name\":\"Historia\/valores\"}]},{\"@type\":\"WebSite\",\"@id\":\"https:\/\/tos-offshore.com\/fr\/#website\",\"url\":\"https:\/\/tos-offshore.com\/fr\/\",\"name\":\"Technostrobe | Obstruction lights for tall towers in broadcasting, telecommunication, utilities and wind farm industries\",\"description\":\"\",\"potentialAction\":[{\"@type\":\"SearchAction\",\"target\":{\"@type\":\"EntryPoint\",\"urlTemplate\":\"https:\/\/tos-offshore.com\/fr\/?s={search_term_string}\"},\"query-input\":\"required name=search_term_string\"}],\"inLanguage\":\"es\"}]}<\/script>\n<!-- \/ Yoast SEO plugin. -->","yoast_head_json":{"title":"Historia\/valores - Technostrobe obstruction lights for tall towers in broadcasting, telecommunication, utilities and wind farm industries.","robots":{"index":"index","follow":"follow","max-snippet":"max-snippet:-1","max-image-preview":"max-image-preview:large","max-video-preview":"max-video-preview:-1"},"canonical":"https:\/\/tos-offshore.com\/es\/acerca-de-nosotros\/historia-valores\/","og_locale":"es_ES","og_type":"article","og_title":"Historia\/valores - Technostrobe obstruction lights for tall towers in broadcasting, telecommunication, utilities and wind farm industries.","og_description":"EXCELENCIA EN LA ATENCI\u00d3N AL CLIENTE, LA INNOVACI\u00d3N Y LA INGENIERIA ! Tres valores que tipifican el trabajo que hacemos cada d\u00eda. Enfoque en el cliente \u2013\u00a0Escuchar a nuestros clientes forma parte de nuestro ADN \u2013 esto asegura que las soluciones que nosotros imaginamos, respondan estrechamente a las expectativas del usuario final. Innovaci\u00f3n \u2013\u00a0 Es [&hellip;]","og_url":"https:\/\/tos-offshore.com\/es\/acerca-de-nosotros\/historia-valores\/","og_site_name":"Technostrobe | Obstruction lights for tall towers in broadcasting, telecommunication, utilities and wind farm industries","article_modified_time":"2023-09-27T08:49:07+00:00","twitter_card":"summary_large_image","twitter_misc":{"Tiempo de lectura":"3 minutos"},"schema":{"@context":"https:\/\/schema.org","@graph":[{"@type":"WebPage","@id":"https:\/\/tos-offshore.com\/es\/acerca-de-nosotros\/historia-valores\/","url":"https:\/\/tos-offshore.com\/es\/acerca-de-nosotros\/historia-valores\/","name":"Historia\/valores - Technostrobe obstruction lights for tall towers in broadcasting, telecommunication, utilities and wind farm industries.","isPartOf":{"@id":"https:\/\/tos-offshore.com\/fr\/#website"},"datePublished":"2023-09-14T13:18:34+00:00","dateModified":"2023-09-27T08:49:07+00:00","breadcrumb":{"@id":"https:\/\/tos-offshore.com\/es\/acerca-de-nosotros\/historia-valores\/#breadcrumb"},"inLanguage":"es","potentialAction":[{"@type":"ReadAction","target":["https:\/\/tos-offshore.com\/es\/acerca-de-nosotros\/historia-valores\/"]}]},{"@type":"BreadcrumbList","@id":"https:\/\/tos-offshore.com\/es\/acerca-de-nosotros\/historia-valores\/#breadcrumb","itemListElement":[{"@type":"ListItem","position":1,"name":"Home","item":"https:\/\/tos-offshore.com\/en\/"},{"@type":"ListItem","position":2,"name":"Acerca de nosotros","item":"https:\/\/tos-offshore.com\/es\/acerca-de-nosotros\/"},{"@type":"ListItem","position":3,"name":"Historia\/valores"}]},{"@type":"WebSite","@id":"https:\/\/tos-offshore.com\/fr\/#website","url":"https:\/\/tos-offshore.com\/fr\/","name":"Technostrobe | Obstruction lights for tall towers in broadcasting, telecommunication, utilities and wind farm industries","description":"","potentialAction":[{"@type":"SearchAction","target":{"@type":"EntryPoint","urlTemplate":"https:\/\/tos-offshore.com\/fr\/?s={search_term_string}"},"query-input":"required name=search_term_string"}],"inLanguage":"es"}]}},"_links":{"self":[{"href":"https:\/\/tos-offshore.com\/es\/wp-json\/wp\/v2\/pages\/11651","targetHints":{"allow":["GET"]}}],"collection":[{"href":"https:\/\/tos-offshore.com\/es\/wp-json\/wp\/v2\/pages"}],"about":[{"href":"https:\/\/tos-offshore.com\/es\/wp-json\/wp\/v2\/types\/page"}],"author":[{"embeddable":true,"href":"https:\/\/tos-offshore.com\/es\/wp-json\/wp\/v2\/users\/1"}],"replies":[{"embeddable":true,"href":"https:\/\/tos-offshore.com\/es\/wp-json\/wp\/v2\/comments?post=11651"}],"version-history":[{"count":9,"href":"https:\/\/tos-offshore.com\/es\/wp-json\/wp\/v2\/pages\/11651\/revisions"}],"predecessor-version":[{"id":14154,"href":"https:\/\/tos-offshore.com\/es\/wp-json\/wp\/v2\/pages\/11651\/revisions\/14154"}],"up":[{"embeddable":true,"href":"https:\/\/tos-offshore.com\/es\/wp-json\/wp\/v2\/pages\/11624"}],"wp:attachment":[{"href":"https:\/\/tos-offshore.com\/es\/wp-json\/wp\/v2\/media?parent=11651"}],"curies":[{"name":"wp","href":"https:\/\/api.w.org\/{rel}","templated":true}]}}