{"id":11941,"date":"2023-09-15T11:57:28","date_gmt":"2023-09-15T09:57:28","guid":{"rendered":"https:\/\/tos-offshore.com\/productos\/alta-intensidad\/tete-eclair-haute-intensite-blanc-rouge\/"},"modified":"2023-09-25T18:56:10","modified_gmt":"2023-09-25T16:56:10","slug":"luz-del-de-alta-intensidad-blanco-rojo","status":"publish","type":"page","link":"https:\/\/tos-offshore.com\/es\/productos\/alta-intensidad\/luz-del-de-alta-intensidad-blanco-rojo\/","title":{"rendered":"Luz DEL de alta Intensidad (Blanco\/Rojo)"},"content":{"rendered":"\t\t<div data-elementor-type=\"wp-page\" data-elementor-id=\"11941\" class=\"elementor elementor-11941\">\n\t\t\t\t\t\t\t\t\t<section class=\" elementor-section elementor-top-section elementor-element elementor-element-1cdd1ee elementor-section-full_width elementor-section-height-default elementor-section-height-default\" data-id=\"1cdd1ee\" data-element_type=\"section\">\r\n\t\t\t\t\t\t\t\t<div class=\"elementor-container elementor-column-gap-default\">\r\n\t\t\t\t\r\n\t\t\t\t\t\t\t\t<div class=\" elementor-column elementor-col-50 elementor-top-column elementor-element elementor-element-c12dc4f \" data-id=\"c12dc4f\" data-element_type=\"column\" data-settings=\"{&quot;background_background&quot;:&quot;classic&quot;}\">\r\n\r\n\t\t\t\t\r\n\t\t\t\t<div class=\"elementor-widget-wrap elementor-element-populated\">\r\n\t\t\t\t\t\t\t\t\t\t\r\n\t\t\t\t\t\t<div class=\"elementor-element elementor-element-f947caa elementor-widget elementor-widget-image\" data-id=\"f947caa\" data-element_type=\"widget\" data-settings=\"{&quot;_animation&quot;:&quot;none&quot;}\" data-widget_type=\"image.default\">\n\t\t\t\t<div class=\"elementor-widget-container\">\n\t\t\t<style>\/*! elementor - v3.16.0 - 09-10-2023 *\/\n.elementor-widget-image{text-align:center}.elementor-widget-image a{display:inline-block}.elementor-widget-image a img[src$=\".svg\"]{width:48px}.elementor-widget-image img{vertical-align:middle;display:inline-block}<\/style>\t\t\t\t\t\t\t\t\t\t\t\t<img decoding=\"async\" width=\"1000\" height=\"321\" src=\"https:\/\/tos-offshore.com\/wp-content\/uploads\/2023\/09\/U8A0490-1-min.png\" class=\"attachment-large size-large wp-image-10247\" alt=\"\" srcset=\"https:\/\/tos-offshore.com\/wp-content\/uploads\/2023\/09\/U8A0490-1-min.png 1000w, https:\/\/tos-offshore.com\/wp-content\/uploads\/2023\/09\/U8A0490-1-min-768x247.png 768w\" sizes=\"(max-width: 1000px) 100vw, 1000px\" \/>\t\t\t\t\t\t\t\t\t\t\t\t\t\t\t<\/div>\n\t\t\t\t<\/div>\n\t\t\t\t<div class=\"elementor-element elementor-element-c67b7ab elementor-widget elementor-widget-image\" data-id=\"c67b7ab\" data-element_type=\"widget\" data-settings=\"{&quot;_animation&quot;:&quot;none&quot;}\" data-widget_type=\"image.default\">\n\t\t\t\t<div class=\"elementor-widget-container\">\n\t\t\t\t\t\t\t\t\t\t\t\t\t\t\t<img decoding=\"async\" width=\"1000\" height=\"522\" src=\"https:\/\/tos-offshore.com\/wp-content\/uploads\/2023\/09\/U8A0722-1-min.png\" class=\"attachment-large size-large wp-image-10248\" alt=\"\" srcset=\"https:\/\/tos-offshore.com\/wp-content\/uploads\/2023\/09\/U8A0722-1-min.png 1000w, https:\/\/tos-offshore.com\/wp-content\/uploads\/2023\/09\/U8A0722-1-min-768x401.png 768w, https:\/\/tos-offshore.com\/wp-content\/uploads\/2023\/09\/U8A0722-1-min-780x408.png 780w\" sizes=\"(max-width: 1000px) 100vw, 1000px\" \/>\t\t\t\t\t\t\t\t\t\t\t\t\t\t\t<\/div>\n\t\t\t\t<\/div>\n\t\t\t\t<div class=\"elementor-element elementor-element-d79fec3 elementor-widget elementor-widget-heading\" data-id=\"d79fec3\" data-element_type=\"widget\" data-widget_type=\"heading.default\">\n\t\t\t\t<div class=\"elementor-widget-container\">\n\t\t\t<style>\/*! elementor - v3.16.0 - 09-10-2023 *\/\n.elementor-heading-title{padding:0;margin:0;line-height:1}.elementor-widget-heading .elementor-heading-title[class*=elementor-size-]>a{color:inherit;font-size:inherit;line-height:inherit}.elementor-widget-heading .elementor-heading-title.elementor-size-small{font-size:15px}.elementor-widget-heading .elementor-heading-title.elementor-size-medium{font-size:19px}.elementor-widget-heading .elementor-heading-title.elementor-size-large{font-size:29px}.elementor-widget-heading .elementor-heading-title.elementor-size-xl{font-size:39px}.elementor-widget-heading .elementor-heading-title.elementor-size-xxl{font-size:59px}<\/style><h4 class=\"elementor-heading-title elementor-size-default\">DE CONFORMIDAD CON LAS NORMAS\n\n<\/h4>\t\t<\/div>\n\t\t\t\t<\/div>\n\t\t\t\t<div class=\"elementor-element elementor-element-b8f6564 elementor-widget elementor-widget-html\" data-id=\"b8f6564\" data-element_type=\"widget\" data-widget_type=\"html.default\">\n\t\t\t\t<div class=\"elementor-widget-container\">\n\t\t\t<ul>\n<li><fontsninja-text id=\"fontsninja-text-597\" class=\"fontsninja-family-35\">Standard&nbsp;621 :<\/fontsninja-text><br><img decoding=\"async\" src=\"\/wp-content\/uploads\/2023\/09\/transport-canada.png\" alt=\"Transport Canada\" style=\"width: 70%;\"><\/li>\n<li><fontsninja-text id=\"fontsninja-text-600\" class=\"fontsninja-family-35\">FAA&nbsp;AC 150\/5345-43J<\/fontsninja-text><\/li>\n<li><fontsninja-text id=\"fontsninja-text-601\" class=\"fontsninja-family-35\">CE<\/fontsninja-text><\/li>\n<\/ul>\t\t<\/div>\n\t\t\t\t<\/div>\n\t\t\t\t\t\t<\/div>\r\n\t\t\t\t<\/div>\r\n\t\t\t\t\t\t\t\t\t<div class=\" elementor-column elementor-col-50 elementor-top-column elementor-element elementor-element-f32c1b6 \" data-id=\"f32c1b6\" data-element_type=\"column\">\r\n\r\n\t\t\t\t\r\n\t\t\t\t<div class=\"elementor-widget-wrap elementor-element-populated\">\r\n\t\t\t\t\t\t\t\t\t\t\r\n\t\t\t\t\t\t<section class=\" elementor-section elementor-inner-section elementor-element elementor-element-8b5ea4a elementor-section-boxed elementor-section-height-default elementor-section-height-default\" data-id=\"8b5ea4a\" data-element_type=\"section\">\r\n\t\t\t\t\t\t\t\t<div class=\"elementor-container elementor-column-gap-default\">\r\n\t\t\t\t\r\n\t\t\t\t\t\t\t\t<div class=\" elementor-column elementor-col-100 elementor-inner-column elementor-element elementor-element-bbfb458 \" data-id=\"bbfb458\" data-element_type=\"column\">\r\n\r\n\t\t\t\t\r\n\t\t\t\t<div class=\"elementor-widget-wrap elementor-element-populated\">\r\n\t\t\t\t\t\t\t\t\t\t\r\n\t\t\t\t\t\t<div class=\"elementor-element elementor-element-f211098 elementor-widget elementor-widget-heading\" data-id=\"f211098\" data-element_type=\"widget\" data-widget_type=\"heading.default\">\n\t\t\t\t<div class=\"elementor-widget-container\">\n\t\t\t<h2 class=\"elementor-heading-title elementor-size-default\">LUZ DEL DE ALTA INTENSIDAD (B\/R)\n\n<\/h2>\t\t<\/div>\n\t\t\t\t<\/div>\n\t\t\t\t<div class=\"elementor-element elementor-element-28ab35c elementor-widget elementor-widget-heading\" data-id=\"28ab35c\" data-element_type=\"widget\" data-widget_type=\"heading.default\">\n\t\t\t\t<div class=\"elementor-widget-container\">\n\t\t\t<span class=\"elementor-heading-title elementor-size-default\">HIGH-LED-WRV2\n\n<\/span>\t\t<\/div>\n\t\t\t\t<\/div>\n\t\t\t\t\t\t<\/div>\r\n\t\t\t\t<\/div>\r\n\t\t\t\t\t\t\t\t<\/div>\r\n\t\t\t<\/section>\r\n\t\t\t\t\t<div class=\"elementor-element elementor-element-7d52c59 elementor-widget elementor-widget-heading\" data-id=\"7d52c59\" data-element_type=\"widget\" data-widget_type=\"heading.default\">\n\t\t\t\t<div class=\"elementor-widget-container\">\n\t\t\t<h3 class=\"elementor-heading-title elementor-size-default\">CARACTER\u00cdSTICAS<\/h3>\t\t<\/div>\n\t\t\t\t<\/div>\n\t\t\t\t<div class=\"elementor-element elementor-element-8f2a8d8 elementor-widget elementor-widget-text-editor\" data-id=\"8f2a8d8\" data-element_type=\"widget\" data-widget_type=\"text-editor.default\">\n\t\t\t\t<div class=\"elementor-widget-container\">\n\t\t\t<style>\/*! elementor - v3.16.0 - 09-10-2023 *\/\n.elementor-widget-text-editor.elementor-drop-cap-view-stacked .elementor-drop-cap{background-color:#69727d;color:#fff}.elementor-widget-text-editor.elementor-drop-cap-view-framed .elementor-drop-cap{color:#69727d;border:3px solid;background-color:transparent}.elementor-widget-text-editor:not(.elementor-drop-cap-view-default) .elementor-drop-cap{margin-top:8px}.elementor-widget-text-editor:not(.elementor-drop-cap-view-default) .elementor-drop-cap-letter{width:1em;height:1em}.elementor-widget-text-editor .elementor-drop-cap{float:left;text-align:center;line-height:1;font-size:50px}.elementor-widget-text-editor .elementor-drop-cap-letter{display:inline-block}<\/style>\t\t\t\t<ul><li>Luz Dual o Blanca: s\u00f3lo disponible al interior de un mismo dispositivo de iluminaci\u00f3n simple<\/li><li>Las fuentes de alimentaci\u00f3n el\u00e9ctrica y los mecanismos de control est\u00e1n ubicados en la parte inferior de la torre<\/li><li>Solo requiere una unidad de control de potencia por nivel de flash<\/li><li>Todos los componentes son controlados por un Controlador Maestro<\/li><li>No hay comunicaci\u00f3n entre los m\u00f3dulos \u00f3ptico y el controlador<\/li><li>Cada nivel de m\u00f3dulo \u00f3ptico requiere solo un cable 2C \/ 14AWG de hasta 2000 &#8216;<\/li><li>Conexi\u00f3n de red integrada para monitoreo remoto y diagn\u00f3stico remoto simplificado<\/li><li>Modo Infrarrojo inclusivo<\/li><\/ul>\t\t\t\t\t\t<\/div>\n\t\t\t\t<\/div>\n\t\t\t\t<div class=\"elementor-element elementor-element-64244c5 elementor-widget elementor-widget-heading\" data-id=\"64244c5\" data-element_type=\"widget\" data-widget_type=\"heading.default\">\n\t\t\t\t<div class=\"elementor-widget-container\">\n\t\t\t<h3 class=\"elementor-heading-title elementor-size-default\">ESPECIFICACIONES\n<\/h3>\t\t<\/div>\n\t\t\t\t<\/div>\n\t\t\t\t<div class=\"elementor-element elementor-element-4f4b294 elementor-widget elementor-widget-html\" data-id=\"4f4b294\" data-element_type=\"widget\" data-widget_type=\"html.default\">\n\t\t\t\t<div class=\"elementor-widget-container\">\n\t\t\t<table border=\"0\" cellspacing=\"0\" cellpadding=\"0\">\n<tbody>\n<tr>\n<td>\n<h5>Salida luminosa<\/h5>\n<\/td>\n<td>&nbsp;<\/td>\n<\/tr>\n<tr>\n<td>Color de los destellos<\/td>\n<td>Blanco, rojo, infrarrojo<\/td>\n<\/tr>\n<tr>\n<td>Intensidad, modo diurno<\/td>\n<td>270 000 cd \u00b125%<\/td>\n<\/tr>\n<tr>\n<td>Intensidad, modo crep\u00fasculo<\/td>\n<td>20 000 cd \u00b125%<\/td>\n<\/tr>\n<tr>\n<td>Intensidad, modo nocturno<\/td>\n<td>2 000 cd \u00b125%&nbsp;<br>Infrarrojo: &gt;264mW\/sr @ 840nm<\/td>\n<\/tr>\n<tr>\n<td>\u00c1ngulo de cobertura horizontal<\/td>\n<td>120\u00b0<\/td>\n<\/tr>\n<tr>\n<td>\u00c1ngulo vertical del haz<\/td>\n<td>3\u00b0<\/td>\n<\/tr>\n<tr>\n<td>Vida nominal de una l\u00e1mpara<\/td>\n<td>100 000 horas<\/td>\n<\/tr>\n<tr>\n<td>\n<h5>Especificaciones el\u00e9ctricas<\/h5>\n<\/td>\n<td>&nbsp;<\/td>\n<\/tr>\n<tr>\n<td>Potencia el\u00e9ctrica<\/td>\n<td>135 Vatios por cabeza de destellos<\/td>\n<\/tr>\n<tr>\n<td>Alimentaci\u00f3n el\u00e9ctrica<\/td>\n<td>120 Vca \/ 240 Vca 50\/60hz<\/td>\n<\/tr>\n<tr>\n<td>\n<h5>Especificaciones mec\u00e1nicas<\/h5>\n<\/td>\n<td>&nbsp;<\/td>\n<\/tr>\n<tr>\n<td>Peso de la cabeza de destellos<\/td>\n<td>14,5 Kg (32 lbs)<\/td>\n<\/tr>\n<tr>\n<td>Peso del&nbsp;m\u00f3dulo de potencia<\/td>\n<td>23 Kg (51 lbs)<br>Montaje en rack 4U profundidad total (19\u2019\u2019)&nbsp;<\/td>\n<\/tr>\n<tr>\n<td>Controlador maestro<\/td>\n<td>10 Kg (22 lbs)<br>Montaje en rack 2U profundidad total (19\u2019\u2019)<\/td>\n<\/tr>\n<tr>\n<td>\n<p>Dimensiones de la cabeza de destellos <br>(Ancho x Alto x Profundidad)<\/p>\n<\/td>\n<td>965 mm x 381 mm x 203 mm<br>(38\u201d x 15\u201d x 8\u201d)<\/td>\n<\/tr>\n<tr>\n<td>\n<p>Bastidor de montaje <br>(Ancho x Alto x Profundidad)<\/p>\n<\/td>\n<td>\n<p>482,6 mm x 1829 mm x 559 mm <br>(19\u201d x 72\u201d x 22\u201d)<\/p>\n<\/td>\n<\/tr>\n<tr>\n<td>\n<h5>Otras caracter\u00edsticas<\/h5>\n<\/td>\n<td>&nbsp;<\/td>\n<\/tr>\n<tr>\n<td>Tipo FAA<\/td>\n<td>L-856, L-857, L-864, L-885<\/td>\n<\/tr>\n<tr>\n<td>Tipo seg\u00fan las normas de Transporte de Canad\u00e1<\/td>\n<td>CL-856, CL-857, CL-864, VL-885<\/td>\n<\/tr>\n<tr>\n<td>Temperatura de funcionamiento<\/td>\n<td>-40\u00b0C a 55\u00b0C \/&nbsp;(-40\u00b0F a 131\u00b0F)<\/td>\n<\/tr>\n<tr>\n<td>Garant\u00eda<\/td>\n<td>5 a\u00f1os<\/td>\n<\/tr>\n<\/tbody>\n<\/table>\t\t<\/div>\n\t\t\t\t<\/div>\n\t\t\t\t<section class=\" elementor-section elementor-inner-section elementor-element elementor-element-d92fcd0 elementor-section-boxed elementor-section-height-default elementor-section-height-default\" data-id=\"d92fcd0\" data-element_type=\"section\">\r\n\t\t\t\t\t\t\t\t<div class=\"elementor-container elementor-column-gap-default\">\r\n\t\t\t\t\r\n\t\t\t\t\t\t\t\t<div class=\" elementor-column elementor-col-50 elementor-inner-column elementor-element elementor-element-063d426 \" data-id=\"063d426\" data-element_type=\"column\">\r\n\r\n\t\t\t\t\r\n\t\t\t\t<div class=\"elementor-widget-wrap elementor-element-populated\">\r\n\t\t\t\t\t\t\t\t\t\t\r\n\t\t\t\t\t\t<div class=\"elementor-element elementor-element-c205909 elementor-widget elementor-widget-heading\" data-id=\"c205909\" data-element_type=\"widget\" data-widget_type=\"heading.default\">\n\t\t\t\t<div class=\"elementor-widget-container\">\n\t\t\t<h3 class=\"elementor-heading-title elementor-size-default\">DOCUMENTO\n\n<\/h3>\t\t<\/div>\n\t\t\t\t<\/div>\n\t\t\t\t<div class=\"elementor-element elementor-element-db311c3 elementor-view-default elementor-position-top elementor-mobile-position-top elementor-widget elementor-widget-icon-box\" data-id=\"db311c3\" data-element_type=\"widget\" data-widget_type=\"icon-box.default\">\n\t\t\t\t<div class=\"elementor-widget-container\">\n\t\t\t<link rel=\"stylesheet\" href=\"https:\/\/tos-offshore.com\/wp-content\/uploads\/elementor\/css\/custom-widget-icon-box.min.css?ver=1714086923\">\t\t<div class=\"elementor-icon-box-wrapper\">\n\t\t\t\t\t\t<div class=\"elementor-icon-box-icon\">\n\t\t\t\t<a href=\"https:\/\/tos-offshore.com\/wp-content\/uploads\/2023\/09\/S-HIGH-LED-WRV2_MAJ2020.pdf\" target=\"_blank\" class=\"elementor-icon elementor-animation-\" tabindex=\"-1\">\n\t\t\t\t<i aria-hidden=\"true\" class=\"far fa-file-pdf\"><\/i>\t\t\t\t<\/a>\n\t\t\t<\/div>\n\t\t\t\t\t\t<div class=\"elementor-icon-box-content\">\n\t\t\t\t<span class=\"elementor-icon-box-title\">\n\t\t\t\t\t<a href=\"https:\/\/tos-offshore.com\/wp-content\/uploads\/2023\/09\/S-HIGH-LED-WRV2_MAJ2020.pdf\" target=\"_blank\" >\n\t\t\t\t\t\tEXPEDIENTE T\u00c9CNICO\t\t\t\t\t<\/a>\n\t\t\t\t<\/span>\n\t\t\t\t\t\t\t<\/div>\n\t\t<\/div>\n\t\t\t\t<\/div>\n\t\t\t\t<\/div>\n\t\t\t\t\t\t<\/div>\r\n\t\t\t\t<\/div>\r\n\t\t\t\t\t\t\t\t\t<div class=\" elementor-column elementor-col-50 elementor-inner-column elementor-element elementor-element-362b47a \" data-id=\"362b47a\" data-element_type=\"column\">\r\n\r\n\t\t\t\t\r\n\t\t\t\t<div class=\"elementor-widget-wrap elementor-element-populated\">\r\n\t\t\t\t\t\t\t\t\t\t\r\n\t\t\t\t\t\t<div class=\"elementor-element elementor-element-a900ad7 elementor-widget elementor-widget-heading\" data-id=\"a900ad7\" data-element_type=\"widget\" data-widget_type=\"heading.default\">\n\t\t\t\t<div class=\"elementor-widget-container\">\n\t\t\t<h3 class=\"elementor-heading-title elementor-size-default\">DESIGN GUIDELINES\n\n<\/h3>\t\t<\/div>\n\t\t\t\t<\/div>\n\t\t\t\t<div class=\"elementor-element elementor-element-d913107 elementor-view-default elementor-position-top elementor-mobile-position-top elementor-widget elementor-widget-icon-box\" data-id=\"d913107\" data-element_type=\"widget\" data-widget_type=\"icon-box.default\">\n\t\t\t\t<div class=\"elementor-widget-container\">\n\t\t\t\t\t<div class=\"elementor-icon-box-wrapper\">\n\t\t\t\t\t\t<div class=\"elementor-icon-box-icon\">\n\t\t\t\t<a href=\"\/es\/normas\/gula-de-balizamiento\/guide-de-balisage-ensemble-f\/\" target=\"_blank\" class=\"elementor-icon elementor-animation-\" tabindex=\"-1\">\n\t\t\t\t<i aria-hidden=\"true\" class=\"far fa-file-alt\"><\/i>\t\t\t\t<\/a>\n\t\t\t<\/div>\n\t\t\t\t\t\t<div class=\"elementor-icon-box-content\">\n\t\t\t\t<span class=\"elementor-icon-box-title\">\n\t\t\t\t\t<a href=\"\/es\/normas\/gula-de-balizamiento\/guide-de-balisage-ensemble-f\/\" target=\"_blank\" >\n\t\t\t\t\t\tGU\u013aA DE BALIZAMIENTO F\t\t\t\t\t<\/a>\n\t\t\t\t<\/span>\n\t\t\t\t\t\t\t<\/div>\n\t\t<\/div>\n\t\t\t\t<\/div>\n\t\t\t\t<\/div>\n\t\t\t\t\t\t<\/div>\r\n\t\t\t\t<\/div>\r\n\t\t\t\t\t\t\t\t<\/div>\r\n\t\t\t<\/section>\r\n\t\t\t\t\t\t\t<\/div>\r\n\t\t\t\t<\/div>\r\n\t\t\t\t\t\t\t\t<\/div>\r\n\t\t\t<\/section>\r\n\t\t\t\t\t\t\t\t<\/div>\n\t\t","protected":false},"excerpt":{"rendered":"<p>DE CONFORMIDAD CON LAS NORMAS Standard&nbsp;621 : FAA&nbsp;AC 150\/5345-43J CE LUZ DEL DE ALTA INTENSIDAD (B\/R) HIGH-LED-WRV2 CARACTER\u00cdSTICAS Luz Dual o Blanca: s\u00f3lo disponible al interior de un mismo dispositivo de iluminaci\u00f3n simple Las fuentes de alimentaci\u00f3n el\u00e9ctrica y los mecanismos de control est\u00e1n ubicados en la parte inferior de la torre Solo requiere una [&hellip;]<\/p>\n","protected":false},"author":1,"featured_media":0,"parent":11817,"menu_order":0,"comment_status":"closed","ping_status":"closed","template":"modele-standard.php","meta":{"footnotes":""},"class_list":["post-11941","page","type-page","status-publish","hentry"],"yoast_head":"<!-- This site is optimized with the Yoast SEO plugin v22.5 - https:\/\/yoast.com\/wordpress\/plugins\/seo\/ -->\n<title>Luz DEL de alta Intensidad (Blanco\/Rojo) - Technostrobe | Obstruction lights for tall towers in broadcasting, telecommunication, utilities and wind farm industries<\/title>\n<meta name=\"robots\" content=\"index, follow, max-snippet:-1, max-image-preview:large, max-video-preview:-1\" \/>\n<link rel=\"canonical\" href=\"https:\/\/tos-offshore.com\/en\/?page_id=11940\" \/>\n<meta property=\"og:locale\" content=\"es_ES\" \/>\n<meta property=\"og:type\" content=\"article\" \/>\n<meta property=\"og:title\" content=\"Luz DEL de alta Intensidad (Blanco\/Rojo) - Technostrobe | Obstruction lights for tall towers in broadcasting, telecommunication, utilities and wind farm industries\" \/>\n<meta property=\"og:description\" content=\"DE CONFORMIDAD CON LAS NORMAS Standard&nbsp;621 : FAA&nbsp;AC 150\/5345-43J CE LUZ DEL DE ALTA INTENSIDAD (B\/R) HIGH-LED-WRV2 CARACTER\u00cdSTICAS Luz Dual o Blanca: s\u00f3lo disponible al interior de un mismo dispositivo de iluminaci\u00f3n simple Las fuentes de alimentaci\u00f3n el\u00e9ctrica y los mecanismos de control est\u00e1n ubicados en la parte inferior de la torre Solo requiere una [&hellip;]\" \/>\n<meta property=\"og:url\" content=\"https:\/\/tos-offshore.com\/en\/?page_id=11940\" \/>\n<meta property=\"og:site_name\" content=\"Technostrobe | Obstruction lights for tall towers in broadcasting, telecommunication, utilities and wind farm industries\" \/>\n<meta property=\"article:modified_time\" content=\"2023-09-25T16:56:10+00:00\" \/>\n<meta property=\"og:image\" content=\"https:\/\/tos-offshore.com\/wp-content\/uploads\/2023\/09\/U8A0490-1-min.png\" \/>\n<meta name=\"twitter:card\" content=\"summary_large_image\" \/>\n<meta name=\"twitter:label1\" content=\"Tiempo de lectura\" \/>\n\t<meta name=\"twitter:data1\" content=\"3 minutos\" \/>\n<script type=\"application\/ld+json\" class=\"yoast-schema-graph\">{\"@context\":\"https:\/\/schema.org\",\"@graph\":[{\"@type\":\"WebPage\",\"@id\":\"https:\/\/tos-offshore.com\/en\/?page_id=11940\",\"url\":\"https:\/\/tos-offshore.com\/en\/?page_id=11940\",\"name\":\"Luz DEL de alta Intensidad (Blanco\/Rojo) - Technostrobe | Obstruction lights for tall towers in broadcasting, telecommunication, utilities and wind farm industries\",\"isPartOf\":{\"@id\":\"https:\/\/tos-offshore.com\/fr\/#website\"},\"primaryImageOfPage\":{\"@id\":\"https:\/\/tos-offshore.com\/en\/?page_id=11940#primaryimage\"},\"image\":{\"@id\":\"https:\/\/tos-offshore.com\/en\/?page_id=11940#primaryimage\"},\"thumbnailUrl\":\"https:\/\/tos-offshore.com\/wp-content\/uploads\/2023\/09\/U8A0490-1-min.png\",\"datePublished\":\"2023-09-15T09:57:28+00:00\",\"dateModified\":\"2023-09-25T16:56:10+00:00\",\"breadcrumb\":{\"@id\":\"https:\/\/tos-offshore.com\/en\/?page_id=11940#breadcrumb\"},\"inLanguage\":\"es\",\"potentialAction\":[{\"@type\":\"ReadAction\",\"target\":[\"https:\/\/tos-offshore.com\/en\/?page_id=11940\"]}]},{\"@type\":\"ImageObject\",\"inLanguage\":\"es\",\"@id\":\"https:\/\/tos-offshore.com\/en\/?page_id=11940#primaryimage\",\"url\":\"https:\/\/tos-offshore.com\/wp-content\/uploads\/2023\/09\/U8A0490-1-min.png\",\"contentUrl\":\"https:\/\/tos-offshore.com\/wp-content\/uploads\/2023\/09\/U8A0490-1-min.png\"},{\"@type\":\"BreadcrumbList\",\"@id\":\"https:\/\/tos-offshore.com\/en\/?page_id=11940#breadcrumb\",\"itemListElement\":[{\"@type\":\"ListItem\",\"position\":1,\"name\":\"Home\",\"item\":\"https:\/\/tos-offshore.com\/en\/\"},{\"@type\":\"ListItem\",\"position\":2,\"name\":\"Productos\",\"item\":\"https:\/\/tos-offshore.com\/en\/products\/\"},{\"@type\":\"ListItem\",\"position\":3,\"name\":\"ALTA INTENSIDAD\",\"item\":\"https:\/\/tos-offshore.com\/en\/?page_id=11816\"},{\"@type\":\"ListItem\",\"position\":4,\"name\":\"Luz DEL de alta Intensidad (Blanco\/Rojo)\"}]},{\"@type\":\"WebSite\",\"@id\":\"https:\/\/tos-offshore.com\/fr\/#website\",\"url\":\"https:\/\/tos-offshore.com\/fr\/\",\"name\":\"Technostrobe | Obstruction lights for tall towers in broadcasting, telecommunication, utilities and wind farm industries\",\"description\":\"\",\"potentialAction\":[{\"@type\":\"SearchAction\",\"target\":{\"@type\":\"EntryPoint\",\"urlTemplate\":\"https:\/\/tos-offshore.com\/fr\/?s={search_term_string}\"},\"query-input\":\"required name=search_term_string\"}],\"inLanguage\":\"es\"}]}<\/script>\n<!-- \/ Yoast SEO plugin. -->","yoast_head_json":{"title":"Luz DEL de alta Intensidad (Blanco\/Rojo) - Technostrobe | Obstruction lights for tall towers in broadcasting, telecommunication, utilities and wind farm industries","robots":{"index":"index","follow":"follow","max-snippet":"max-snippet:-1","max-image-preview":"max-image-preview:large","max-video-preview":"max-video-preview:-1"},"canonical":"https:\/\/tos-offshore.com\/en\/?page_id=11940","og_locale":"es_ES","og_type":"article","og_title":"Luz DEL de alta Intensidad (Blanco\/Rojo) - Technostrobe | Obstruction lights for tall towers in broadcasting, telecommunication, utilities and wind farm industries","og_description":"DE CONFORMIDAD CON LAS NORMAS Standard&nbsp;621 : FAA&nbsp;AC 150\/5345-43J CE LUZ DEL DE ALTA INTENSIDAD (B\/R) HIGH-LED-WRV2 CARACTER\u00cdSTICAS Luz Dual o Blanca: s\u00f3lo disponible al interior de un mismo dispositivo de iluminaci\u00f3n simple Las fuentes de alimentaci\u00f3n el\u00e9ctrica y los mecanismos de control est\u00e1n ubicados en la parte inferior de la torre Solo requiere una [&hellip;]","og_url":"https:\/\/tos-offshore.com\/en\/?page_id=11940","og_site_name":"Technostrobe | Obstruction lights for tall towers in broadcasting, telecommunication, utilities and wind farm industries","article_modified_time":"2023-09-25T16:56:10+00:00","og_image":[{"url":"https:\/\/tos-offshore.com\/wp-content\/uploads\/2023\/09\/U8A0490-1-min.png"}],"twitter_card":"summary_large_image","twitter_misc":{"Tiempo de lectura":"3 minutos"},"schema":{"@context":"https:\/\/schema.org","@graph":[{"@type":"WebPage","@id":"https:\/\/tos-offshore.com\/en\/?page_id=11940","url":"https:\/\/tos-offshore.com\/en\/?page_id=11940","name":"Luz DEL de alta Intensidad (Blanco\/Rojo) - Technostrobe | Obstruction lights for tall towers in broadcasting, telecommunication, utilities and wind farm industries","isPartOf":{"@id":"https:\/\/tos-offshore.com\/fr\/#website"},"primaryImageOfPage":{"@id":"https:\/\/tos-offshore.com\/en\/?page_id=11940#primaryimage"},"image":{"@id":"https:\/\/tos-offshore.com\/en\/?page_id=11940#primaryimage"},"thumbnailUrl":"https:\/\/tos-offshore.com\/wp-content\/uploads\/2023\/09\/U8A0490-1-min.png","datePublished":"2023-09-15T09:57:28+00:00","dateModified":"2023-09-25T16:56:10+00:00","breadcrumb":{"@id":"https:\/\/tos-offshore.com\/en\/?page_id=11940#breadcrumb"},"inLanguage":"es","potentialAction":[{"@type":"ReadAction","target":["https:\/\/tos-offshore.com\/en\/?page_id=11940"]}]},{"@type":"ImageObject","inLanguage":"es","@id":"https:\/\/tos-offshore.com\/en\/?page_id=11940#primaryimage","url":"https:\/\/tos-offshore.com\/wp-content\/uploads\/2023\/09\/U8A0490-1-min.png","contentUrl":"https:\/\/tos-offshore.com\/wp-content\/uploads\/2023\/09\/U8A0490-1-min.png"},{"@type":"BreadcrumbList","@id":"https:\/\/tos-offshore.com\/en\/?page_id=11940#breadcrumb","itemListElement":[{"@type":"ListItem","position":1,"name":"Home","item":"https:\/\/tos-offshore.com\/en\/"},{"@type":"ListItem","position":2,"name":"Productos","item":"https:\/\/tos-offshore.com\/en\/products\/"},{"@type":"ListItem","position":3,"name":"ALTA INTENSIDAD","item":"https:\/\/tos-offshore.com\/en\/?page_id=11816"},{"@type":"ListItem","position":4,"name":"Luz DEL de alta Intensidad (Blanco\/Rojo)"}]},{"@type":"WebSite","@id":"https:\/\/tos-offshore.com\/fr\/#website","url":"https:\/\/tos-offshore.com\/fr\/","name":"Technostrobe | Obstruction lights for tall towers in broadcasting, telecommunication, utilities and wind farm industries","description":"","potentialAction":[{"@type":"SearchAction","target":{"@type":"EntryPoint","urlTemplate":"https:\/\/tos-offshore.com\/fr\/?s={search_term_string}"},"query-input":"required name=search_term_string"}],"inLanguage":"es"}]}},"_links":{"self":[{"href":"https:\/\/tos-offshore.com\/es\/wp-json\/wp\/v2\/pages\/11941","targetHints":{"allow":["GET"]}}],"collection":[{"href":"https:\/\/tos-offshore.com\/es\/wp-json\/wp\/v2\/pages"}],"about":[{"href":"https:\/\/tos-offshore.com\/es\/wp-json\/wp\/v2\/types\/page"}],"author":[{"embeddable":true,"href":"https:\/\/tos-offshore.com\/es\/wp-json\/wp\/v2\/users\/1"}],"replies":[{"embeddable":true,"href":"https:\/\/tos-offshore.com\/es\/wp-json\/wp\/v2\/comments?post=11941"}],"version-history":[{"count":15,"href":"https:\/\/tos-offshore.com\/es\/wp-json\/wp\/v2\/pages\/11941\/revisions"}],"predecessor-version":[{"id":14073,"href":"https:\/\/tos-offshore.com\/es\/wp-json\/wp\/v2\/pages\/11941\/revisions\/14073"}],"up":[{"embeddable":true,"href":"https:\/\/tos-offshore.com\/es\/wp-json\/wp\/v2\/pages\/11817"}],"wp:attachment":[{"href":"https:\/\/tos-offshore.com\/es\/wp-json\/wp\/v2\/media?parent=11941"}],"curies":[{"name":"wp","href":"https:\/\/api.w.org\/{rel}","templated":true}]}}