{"id":12069,"date":"2023-09-14T11:18:34","date_gmt":"2023-09-14T09:18:34","guid":{"rendered":"https:\/\/tos-offshore.com\/maritime\/technostrobe-offshore-solutions\/"},"modified":"2023-09-25T13:53:18","modified_gmt":"2023-09-25T11:53:18","slug":"technostrobe-offshore-solutions","status":"publish","type":"page","link":"https:\/\/tos-offshore.com\/es\/ito-es\/technostrobe-offshore-solutions\/","title":{"rendered":"TECHNOSTROBE OFFSHORE SOLUTIONS"},"content":{"rendered":"\t\t<div data-elementor-type=\"wp-page\" data-elementor-id=\"12069\" class=\"elementor elementor-12069\">\n\t\t\t\t\t\t\t\t\t<section class=\" elementor-section elementor-top-section elementor-element elementor-element-1cdd1ee elementor-section-full_width elementor-section-height-default elementor-section-height-default\" data-id=\"1cdd1ee\" data-element_type=\"section\">\r\n\t\t\t\t\t\t\t\t<div class=\"elementor-container elementor-column-gap-default\">\r\n\t\t\t\t\r\n\t\t\t\t\t\t\t\t<div class=\" elementor-column elementor-col-100 elementor-top-column elementor-element elementor-element-f32c1b6 \" data-id=\"f32c1b6\" data-element_type=\"column\">\r\n\r\n\t\t\t\t\r\n\t\t\t\t<div class=\"elementor-widget-wrap elementor-element-populated\">\r\n\t\t\t\t\t\t\t\t\t\t\r\n\t\t\t\t\t\t<div class=\"elementor-element elementor-element-9f61c59 link-red elementor-widget elementor-widget-text-editor\" data-id=\"9f61c59\" data-element_type=\"widget\" data-widget_type=\"text-editor.default\">\n\t\t\t\t<div class=\"elementor-widget-container\">\n\t\t\t<style>\/*! elementor - v3.16.0 - 09-10-2023 *\/\n.elementor-widget-text-editor.elementor-drop-cap-view-stacked .elementor-drop-cap{background-color:#69727d;color:#fff}.elementor-widget-text-editor.elementor-drop-cap-view-framed .elementor-drop-cap{color:#69727d;border:3px solid;background-color:transparent}.elementor-widget-text-editor:not(.elementor-drop-cap-view-default) .elementor-drop-cap{margin-top:8px}.elementor-widget-text-editor:not(.elementor-drop-cap-view-default) .elementor-drop-cap-letter{width:1em;height:1em}.elementor-widget-text-editor .elementor-drop-cap{float:left;text-align:center;line-height:1;font-size:50px}.elementor-widget-text-editor .elementor-drop-cap-letter{display:inline-block}<\/style>\t\t\t\t<div class=\"row\"><div class=\"col-xs-12 col-md-6\">\u00a0<\/div><\/div><p>Technostrobe Offshore Solutions (TOS) fabricar\u00e1 y montar\u00e1 los paquetes el\u00e9ctricos necesarios para la fabricaci\u00f3n de las piezas de transici\u00f3n empleadas en las turbinas e\u00f3licas marinas.\u00a0<\/p><p>Trabajando desde sus instalaciones en Albany (NY), TOS suministra productos fabricados a escala dom\u00e9stica, al tiempo que genera empleo para la econom\u00eda local.\u00a0\u00a0<\/p><p>Los productos de TOS se ubican f\u00edsicamente en el interior y el exterior de las piezas de transici\u00f3n. Estos productos abarcan la autov\u00eda el\u00e9ctrica al completo, desde los productos de baja tensi\u00f3n que incorporan un marco de infraestructura complejo e ingenier\u00eda sofisticada dise\u00f1ados por Technostrobe Offshore Solutions.\u00a0\u00a0<\/p><p>Para m\u00e1s informaci\u00f3n, contacta con:<\/p><p>Jeff Grabner, vicepresidente ejecutivo de Technostrobe Offshore Solutions<\/p><p>M\u00f3vil: (216) 310-9019 |\u00a0<span id=\"cloak2437ef4a68bc85989cba12d1a54aad04\"><a href=\"mailto:jgrabner@technostrobe.com\">jgrabner@technostrobe.com<\/a><\/span><\/p>\t\t\t\t\t\t<\/div>\n\t\t\t\t<\/div>\n\t\t\t\t\t\t<\/div>\r\n\t\t\t\t<\/div>\r\n\t\t\t\t\t\t\t\t<\/div>\r\n\t\t\t<\/section>\r\n\t\t\t\t\t\t\t\t<\/div>\n\t\t","protected":false},"excerpt":{"rendered":"<p>Technostrobe Offshore Solutions (TOS) fabricar\u00e1 y montar\u00e1 los paquetes el\u00e9ctricos necesarios para la fabricaci\u00f3n de las piezas de transici\u00f3n empleadas en las turbinas e\u00f3licas marinas. Trabajando desde sus instalaciones en Albany (NY), TOS suministra productos fabricados a escala dom\u00e9stica, al tiempo que genera empleo para la econom\u00eda local. Los productos de TOS se ubican f\u00edsicamente [&hellip;]<\/p>\n","protected":false},"author":1,"featured_media":0,"parent":12067,"menu_order":0,"comment_status":"closed","ping_status":"closed","template":"modele-standard.php","meta":{"footnotes":""},"class_list":["post-12069","page","type-page","status-publish","hentry"],"yoast_head":"<!-- This site is optimized with the Yoast SEO plugin v22.5 - https:\/\/yoast.com\/wordpress\/plugins\/seo\/ -->\n<title>TECHNOSTROBE OFFSHORE SOLUTIONS - Technostrobe obstruction lights for tall towers in broadcasting, telecommunication, utilities and wind farm industries.<\/title>\n<meta name=\"robots\" content=\"index, follow, max-snippet:-1, max-image-preview:large, max-video-preview:-1\" \/>\n<link rel=\"canonical\" href=\"https:\/\/tos-offshore.com\/es\/ito-es\/technostrobe-offshore-solutions\/\" \/>\n<meta property=\"og:locale\" content=\"es_ES\" \/>\n<meta property=\"og:type\" content=\"article\" \/>\n<meta property=\"og:title\" content=\"TECHNOSTROBE OFFSHORE SOLUTIONS - Technostrobe obstruction lights for tall towers in broadcasting, telecommunication, utilities and wind farm industries.\" \/>\n<meta property=\"og:description\" content=\"Technostrobe Offshore Solutions (TOS) fabricar\u00e1 y montar\u00e1 los paquetes el\u00e9ctricos necesarios para la fabricaci\u00f3n de las piezas de transici\u00f3n empleadas en las turbinas e\u00f3licas marinas. Trabajando desde sus instalaciones en Albany (NY), TOS suministra productos fabricados a escala dom\u00e9stica, al tiempo que genera empleo para la econom\u00eda local. Los productos de TOS se ubican f\u00edsicamente [&hellip;]\" \/>\n<meta property=\"og:url\" content=\"https:\/\/tos-offshore.com\/es\/ito-es\/technostrobe-offshore-solutions\/\" \/>\n<meta property=\"og:site_name\" content=\"Technostrobe | Obstruction lights for tall towers in broadcasting, telecommunication, utilities and wind farm industries\" \/>\n<meta property=\"article:modified_time\" content=\"2023-09-25T11:53:18+00:00\" \/>\n<meta name=\"twitter:card\" content=\"summary_large_image\" \/>\n<meta name=\"twitter:label1\" content=\"Tiempo de lectura\" \/>\n\t<meta name=\"twitter:data1\" content=\"1 minuto\" \/>\n<script type=\"application\/ld+json\" class=\"yoast-schema-graph\">{\"@context\":\"https:\/\/schema.org\",\"@graph\":[{\"@type\":\"WebPage\",\"@id\":\"https:\/\/tos-offshore.com\/es\/ito-es\/technostrobe-offshore-solutions\/\",\"url\":\"https:\/\/tos-offshore.com\/es\/ito-es\/technostrobe-offshore-solutions\/\",\"name\":\"TECHNOSTROBE OFFSHORE SOLUTIONS - Technostrobe obstruction lights for tall towers in broadcasting, telecommunication, utilities and wind farm industries.\",\"isPartOf\":{\"@id\":\"https:\/\/tos-offshore.com\/fr\/#website\"},\"datePublished\":\"2023-09-14T09:18:34+00:00\",\"dateModified\":\"2023-09-25T11:53:18+00:00\",\"breadcrumb\":{\"@id\":\"https:\/\/tos-offshore.com\/es\/ito-es\/technostrobe-offshore-solutions\/#breadcrumb\"},\"inLanguage\":\"es\",\"potentialAction\":[{\"@type\":\"ReadAction\",\"target\":[\"https:\/\/tos-offshore.com\/es\/ito-es\/technostrobe-offshore-solutions\/\"]}]},{\"@type\":\"BreadcrumbList\",\"@id\":\"https:\/\/tos-offshore.com\/es\/ito-es\/technostrobe-offshore-solutions\/#breadcrumb\",\"itemListElement\":[{\"@type\":\"ListItem\",\"position\":1,\"name\":\"Home\",\"item\":\"https:\/\/tos-offshore.com\/en\/\"},{\"@type\":\"ListItem\",\"position\":2,\"name\":\"MARITIMO\",\"item\":\"https:\/\/tos-offshore.com\/es\/ito-es\/\"},{\"@type\":\"ListItem\",\"position\":3,\"name\":\"TECHNOSTROBE OFFSHORE SOLUTIONS\"}]},{\"@type\":\"WebSite\",\"@id\":\"https:\/\/tos-offshore.com\/fr\/#website\",\"url\":\"https:\/\/tos-offshore.com\/fr\/\",\"name\":\"Technostrobe | Obstruction lights for tall towers in broadcasting, telecommunication, utilities and wind farm industries\",\"description\":\"\",\"potentialAction\":[{\"@type\":\"SearchAction\",\"target\":{\"@type\":\"EntryPoint\",\"urlTemplate\":\"https:\/\/tos-offshore.com\/fr\/?s={search_term_string}\"},\"query-input\":\"required name=search_term_string\"}],\"inLanguage\":\"es\"}]}<\/script>\n<!-- \/ Yoast SEO plugin. -->","yoast_head_json":{"title":"TECHNOSTROBE OFFSHORE SOLUTIONS - Technostrobe obstruction lights for tall towers in broadcasting, telecommunication, utilities and wind farm industries.","robots":{"index":"index","follow":"follow","max-snippet":"max-snippet:-1","max-image-preview":"max-image-preview:large","max-video-preview":"max-video-preview:-1"},"canonical":"https:\/\/tos-offshore.com\/es\/ito-es\/technostrobe-offshore-solutions\/","og_locale":"es_ES","og_type":"article","og_title":"TECHNOSTROBE OFFSHORE SOLUTIONS - Technostrobe obstruction lights for tall towers in broadcasting, telecommunication, utilities and wind farm industries.","og_description":"Technostrobe Offshore Solutions (TOS) fabricar\u00e1 y montar\u00e1 los paquetes el\u00e9ctricos necesarios para la fabricaci\u00f3n de las piezas de transici\u00f3n empleadas en las turbinas e\u00f3licas marinas. Trabajando desde sus instalaciones en Albany (NY), TOS suministra productos fabricados a escala dom\u00e9stica, al tiempo que genera empleo para la econom\u00eda local. Los productos de TOS se ubican f\u00edsicamente [&hellip;]","og_url":"https:\/\/tos-offshore.com\/es\/ito-es\/technostrobe-offshore-solutions\/","og_site_name":"Technostrobe | Obstruction lights for tall towers in broadcasting, telecommunication, utilities and wind farm industries","article_modified_time":"2023-09-25T11:53:18+00:00","twitter_card":"summary_large_image","twitter_misc":{"Tiempo de lectura":"1 minuto"},"schema":{"@context":"https:\/\/schema.org","@graph":[{"@type":"WebPage","@id":"https:\/\/tos-offshore.com\/es\/ito-es\/technostrobe-offshore-solutions\/","url":"https:\/\/tos-offshore.com\/es\/ito-es\/technostrobe-offshore-solutions\/","name":"TECHNOSTROBE OFFSHORE SOLUTIONS - Technostrobe obstruction lights for tall towers in broadcasting, telecommunication, utilities and wind farm industries.","isPartOf":{"@id":"https:\/\/tos-offshore.com\/fr\/#website"},"datePublished":"2023-09-14T09:18:34+00:00","dateModified":"2023-09-25T11:53:18+00:00","breadcrumb":{"@id":"https:\/\/tos-offshore.com\/es\/ito-es\/technostrobe-offshore-solutions\/#breadcrumb"},"inLanguage":"es","potentialAction":[{"@type":"ReadAction","target":["https:\/\/tos-offshore.com\/es\/ito-es\/technostrobe-offshore-solutions\/"]}]},{"@type":"BreadcrumbList","@id":"https:\/\/tos-offshore.com\/es\/ito-es\/technostrobe-offshore-solutions\/#breadcrumb","itemListElement":[{"@type":"ListItem","position":1,"name":"Home","item":"https:\/\/tos-offshore.com\/en\/"},{"@type":"ListItem","position":2,"name":"MARITIMO","item":"https:\/\/tos-offshore.com\/es\/ito-es\/"},{"@type":"ListItem","position":3,"name":"TECHNOSTROBE OFFSHORE SOLUTIONS"}]},{"@type":"WebSite","@id":"https:\/\/tos-offshore.com\/fr\/#website","url":"https:\/\/tos-offshore.com\/fr\/","name":"Technostrobe | Obstruction lights for tall towers in broadcasting, telecommunication, utilities and wind farm industries","description":"","potentialAction":[{"@type":"SearchAction","target":{"@type":"EntryPoint","urlTemplate":"https:\/\/tos-offshore.com\/fr\/?s={search_term_string}"},"query-input":"required name=search_term_string"}],"inLanguage":"es"}]}},"_links":{"self":[{"href":"https:\/\/tos-offshore.com\/es\/wp-json\/wp\/v2\/pages\/12069","targetHints":{"allow":["GET"]}}],"collection":[{"href":"https:\/\/tos-offshore.com\/es\/wp-json\/wp\/v2\/pages"}],"about":[{"href":"https:\/\/tos-offshore.com\/es\/wp-json\/wp\/v2\/types\/page"}],"author":[{"embeddable":true,"href":"https:\/\/tos-offshore.com\/es\/wp-json\/wp\/v2\/users\/1"}],"replies":[{"embeddable":true,"href":"https:\/\/tos-offshore.com\/es\/wp-json\/wp\/v2\/comments?post=12069"}],"version-history":[{"count":11,"href":"https:\/\/tos-offshore.com\/es\/wp-json\/wp\/v2\/pages\/12069\/revisions"}],"predecessor-version":[{"id":14034,"href":"https:\/\/tos-offshore.com\/es\/wp-json\/wp\/v2\/pages\/12069\/revisions\/14034"}],"up":[{"embeddable":true,"href":"https:\/\/tos-offshore.com\/es\/wp-json\/wp\/v2\/pages\/12067"}],"wp:attachment":[{"href":"https:\/\/tos-offshore.com\/es\/wp-json\/wp\/v2\/media?parent=12069"}],"curies":[{"name":"wp","href":"https:\/\/api.w.org\/{rel}","templated":true}]}}