{"id":12079,"date":"2023-09-13T10:44:57","date_gmt":"2023-09-13T08:44:57","guid":{"rendered":"https:\/\/tos-offshore.com\/productos\/accesorios\/red-light-control-monitoring-system-ts-b950\/"},"modified":"2023-09-18T17:40:57","modified_gmt":"2023-09-18T15:40:57","slug":"sistema-de-supervision-y-control-de-iluminacion-roja-ts-b950","status":"publish","type":"page","link":"https:\/\/tos-offshore.com\/es\/productos\/accesorios\/sistema-de-supervision-y-control-de-iluminacion-roja-ts-b950\/","title":{"rendered":"Sistema De Supervision Y Control De Iluminacion Roja TS-B950"},"content":{"rendered":"\t\t<div data-elementor-type=\"wp-page\" data-elementor-id=\"12079\" class=\"elementor elementor-12079\">\n\t\t\t\t\t\t\t\t\t<section class=\" elementor-section elementor-top-section elementor-element elementor-element-1cdd1ee elementor-section-full_width elementor-section-height-default elementor-section-height-default\" data-id=\"1cdd1ee\" data-element_type=\"section\">\r\n\t\t\t\t\t\t\t\t<div class=\"elementor-container elementor-column-gap-default\">\r\n\t\t\t\t\r\n\t\t\t\t\t\t\t\t<div class=\" elementor-column elementor-col-50 elementor-top-column elementor-element elementor-element-c12dc4f \" data-id=\"c12dc4f\" data-element_type=\"column\" data-settings=\"{&quot;background_background&quot;:&quot;classic&quot;}\">\r\n\r\n\t\t\t\t\r\n\t\t\t\t<div class=\"elementor-widget-wrap elementor-element-populated\">\r\n\t\t\t\t\t\t\t\t\t\t\r\n\t\t\t\t\t\t<div class=\"elementor-element elementor-element-f947caa elementor-widget elementor-widget-image\" data-id=\"f947caa\" data-element_type=\"widget\" data-settings=\"{&quot;_animation&quot;:&quot;none&quot;}\" data-widget_type=\"image.default\">\n\t\t\t\t<div class=\"elementor-widget-container\">\n\t\t\t<style>\/*! elementor - v3.16.0 - 09-10-2023 *\/\n.elementor-widget-image{text-align:center}.elementor-widget-image a{display:inline-block}.elementor-widget-image a img[src$=\".svg\"]{width:48px}.elementor-widget-image img{vertical-align:middle;display:inline-block}<\/style>\t\t\t\t\t\t\t\t\t\t\t\t<img decoding=\"async\" width=\"212\" height=\"216\" src=\"https:\/\/tos-offshore.com\/wp-content\/uploads\/2023\/09\/ts-b950.png\" class=\"attachment-large size-large wp-image-10495\" alt=\"\" \/>\t\t\t\t\t\t\t\t\t\t\t\t\t\t\t<\/div>\n\t\t\t\t<\/div>\n\t\t\t\t<div class=\"elementor-element elementor-element-b1c148e elementor-widget elementor-widget-heading\" data-id=\"b1c148e\" data-element_type=\"widget\" data-widget_type=\"heading.default\">\n\t\t\t\t<div class=\"elementor-widget-container\">\n\t\t\t<style>\/*! elementor - v3.16.0 - 09-10-2023 *\/\n.elementor-heading-title{padding:0;margin:0;line-height:1}.elementor-widget-heading .elementor-heading-title[class*=elementor-size-]>a{color:inherit;font-size:inherit;line-height:inherit}.elementor-widget-heading .elementor-heading-title.elementor-size-small{font-size:15px}.elementor-widget-heading .elementor-heading-title.elementor-size-medium{font-size:19px}.elementor-widget-heading .elementor-heading-title.elementor-size-large{font-size:29px}.elementor-widget-heading .elementor-heading-title.elementor-size-xl{font-size:39px}.elementor-widget-heading .elementor-heading-title.elementor-size-xxl{font-size:59px}<\/style><h3 class=\"elementor-heading-title elementor-size-default\">DE CONFORMIDAD CON LAS NORMAS\n\n<\/h3>\t\t<\/div>\n\t\t\t\t<\/div>\n\t\t\t\t<div class=\"elementor-element elementor-element-8f2a8d8 elementor-widget elementor-widget-text-editor\" data-id=\"8f2a8d8\" data-element_type=\"widget\" data-widget_type=\"text-editor.default\">\n\t\t\t\t<div class=\"elementor-widget-container\">\n\t\t\t<style>\/*! elementor - v3.16.0 - 09-10-2023 *\/\n.elementor-widget-text-editor.elementor-drop-cap-view-stacked .elementor-drop-cap{background-color:#69727d;color:#fff}.elementor-widget-text-editor.elementor-drop-cap-view-framed .elementor-drop-cap{color:#69727d;border:3px solid;background-color:transparent}.elementor-widget-text-editor:not(.elementor-drop-cap-view-default) .elementor-drop-cap{margin-top:8px}.elementor-widget-text-editor:not(.elementor-drop-cap-view-default) .elementor-drop-cap-letter{width:1em;height:1em}.elementor-widget-text-editor .elementor-drop-cap{float:left;text-align:center;line-height:1;font-size:50px}.elementor-widget-text-editor .elementor-drop-cap-letter{display:inline-block}<\/style>\t\t\t\t<ul>\n<li><img decoding=\"async\" src=\"\/wp-content\/uploads\/2023\/09\/csa.gif\" alt=\"csa\"> SPE-1000<\/li>\n<li>Standard 621 de :<\/li>\n<li><img decoding=\"async\" src=\"\/wp-content\/uploads\/2023\/09\/transport-canada-1.png\" alt=\"Transport Canada\" width=\"183\" height=\"38\"><br>\nICES-003 de :<\/li>\n<li><img decoding=\"async\" src=\"\/wp-content\/uploads\/2023\/09\/Industry-Canada-logo-jpg.jpg\" alt=\"Industry Canada logo jpg\" width=\"183\" height=\"38\"><\/li>\n<li><img decoding=\"async\" src=\"\/wp-content\/uploads\/2023\/09\/fcc.gif\" alt=\"fcc\"> Part 15<\/li>\n<\/ul>\t\t\t\t\t\t<\/div>\n\t\t\t\t<\/div>\n\t\t\t\t\t\t<\/div>\r\n\t\t\t\t<\/div>\r\n\t\t\t\t\t\t\t\t\t<div class=\" elementor-column elementor-col-50 elementor-top-column elementor-element elementor-element-f32c1b6 \" data-id=\"f32c1b6\" data-element_type=\"column\">\r\n\r\n\t\t\t\t\r\n\t\t\t\t<div class=\"elementor-widget-wrap elementor-element-populated\">\r\n\t\t\t\t\t\t\t\t\t\t\r\n\t\t\t\t\t\t<section class=\" elementor-section elementor-inner-section elementor-element elementor-element-8b5ea4a elementor-section-boxed elementor-section-height-default elementor-section-height-default\" data-id=\"8b5ea4a\" data-element_type=\"section\">\r\n\t\t\t\t\t\t\t\t<div class=\"elementor-container elementor-column-gap-default\">\r\n\t\t\t\t\r\n\t\t\t\t\t\t\t\t<div class=\" elementor-column elementor-col-100 elementor-inner-column elementor-element elementor-element-bbfb458 \" data-id=\"bbfb458\" data-element_type=\"column\">\r\n\r\n\t\t\t\t\r\n\t\t\t\t<div class=\"elementor-widget-wrap elementor-element-populated\">\r\n\t\t\t\t\t\t\t\t\t\t\r\n\t\t\t\t\t\t<div class=\"elementor-element elementor-element-f211098 elementor-widget elementor-widget-heading\" data-id=\"f211098\" data-element_type=\"widget\" data-widget_type=\"heading.default\">\n\t\t\t\t<div class=\"elementor-widget-container\">\n\t\t\t<h2 class=\"elementor-heading-title elementor-size-default\">SISTEMA DE SUPERVISI\u00d3N Y CONTROL DE ILUMINACI\u00d3N ROJA\n\n\n\n<\/h2>\t\t<\/div>\n\t\t\t\t<\/div>\n\t\t\t\t<div class=\"elementor-element elementor-element-28ab35c elementor-widget elementor-widget-heading\" data-id=\"28ab35c\" data-element_type=\"widget\" data-widget_type=\"heading.default\">\n\t\t\t\t<div class=\"elementor-widget-container\">\n\t\t\t<span class=\"elementor-heading-title elementor-size-default\">TS-B950\n\n\n\n<\/span>\t\t<\/div>\n\t\t\t\t<\/div>\n\t\t\t\t\t\t<\/div>\r\n\t\t\t\t<\/div>\r\n\t\t\t\t\t\t\t\t<\/div>\r\n\t\t\t<\/section>\r\n\t\t\t\t\t<div class=\"elementor-element elementor-element-7d52c59 elementor-widget elementor-widget-heading\" data-id=\"7d52c59\" data-element_type=\"widget\" data-widget_type=\"heading.default\">\n\t\t\t\t<div class=\"elementor-widget-container\">\n\t\t\t<h3 class=\"elementor-heading-title elementor-size-default\">CARACTER\u00cdSTICAS\n\n<\/h3>\t\t<\/div>\n\t\t\t\t<\/div>\n\t\t\t\t<div class=\"elementor-element elementor-element-9f61c59 elementor-widget elementor-widget-text-editor\" data-id=\"9f61c59\" data-element_type=\"widget\" data-widget_type=\"text-editor.default\">\n\t\t\t\t<div class=\"elementor-widget-container\">\n\t\t\t\t\t\t\t<ul><li>Control de las balizas de obst\u00e1culos con iluminaci\u00f3n continua<\/li><li>Muy estable, independiente de la fluctuaci\u00f3n de la tensi\u00f3n<\/li><li>La conmutaci\u00f3n a tensi\u00f3n nula reduce el ruido y prolonga de 2 a 3 veces m\u00e1s la vida \u00fatil de las l\u00e1mparas<\/li><li>El disipador t\u00e9rmico montado al exterior de la caja facilita una disipaci\u00f3n de calor adecuada<\/li><li>Control autom\u00e1tico de la c\u00e9lula fotoel\u00e9ctrica<\/li><li>Sumamente fiable<\/li><li>Funci\u00f3n de transferencia: esta funci\u00f3n permite encender solamente una de las l\u00e1mparas de la baliza de obst\u00e1culos doble (DOL), y transferir autom\u00e1ticamente la alimentaci\u00f3n a la segunda, si la primera presenta una aver\u00eda<\/li><li>3 contactos de alarma para el diagn\u00f3stico a distancia de las l\u00e1mparas y el controlador<\/li><\/ul>\t\t\t\t\t\t<\/div>\n\t\t\t\t<\/div>\n\t\t\t\t<div class=\"elementor-element elementor-element-64244c5 elementor-widget elementor-widget-heading\" data-id=\"64244c5\" data-element_type=\"widget\" data-widget_type=\"heading.default\">\n\t\t\t\t<div class=\"elementor-widget-container\">\n\t\t\t<h3 class=\"elementor-heading-title elementor-size-default\">ESPECIFICACIONES<\/h3>\t\t<\/div>\n\t\t\t\t<\/div>\n\t\t\t\t<div class=\"elementor-element elementor-element-4f4b294 elementor-widget elementor-widget-html\" data-id=\"4f4b294\" data-element_type=\"widget\" data-widget_type=\"html.default\">\n\t\t\t\t<div class=\"elementor-widget-container\">\n\t\t\t<table border=\"0\" cellspacing=\"0\" cellpadding=\"0\">\n<tbody>\n<tr>\n<td>\n<h5>Supervisi\u00f3n<\/h5>\n<\/td>\n<td>&nbsp;<\/td>\n<\/tr>\n<tr>\n<td>Tipo de l\u00e1mpara<\/td>\n<td>DEL o incandescente<\/td>\n<\/tr>\n<tr>\n<td>\n<h5>Especificaciones el\u00e9ctricas<\/h5>\n<\/td>\n<td>&nbsp;<\/td>\n<\/tr>\n<tr>\n<td>Potencia el\u00e9ctrica<\/td>\n<td>5 vatios<\/td>\n<\/tr>\n<tr>\n<td>Alimentaci\u00f3n el\u00e9ctrica<\/td>\n<td>\n<p>120 Vca 50\/60hz <br>Modelos tambi\u00e9n disponibles para 240 Vca \u00f3 24 Vcd<\/p>\n<p>&nbsp;<\/p>\n<\/td>\n<\/tr>\n<tr>\n<td>\n<h5>Especificaciones mec\u00e1nicas<\/h5>\n<\/td>\n<td>&nbsp;<\/td>\n<\/tr>\n<tr>\n<td>Peso<\/td>\n<td>3.6 Kg (8 lbs.)<\/td>\n<\/tr>\n<tr>\n<td>\n<p>Dimensiones <br>(Ach. x Alt. x Prof.)<\/p>\n<\/td>\n<td>\n<p>241 mm x 292 mm x 140 mm <br>(9\u00bd\u201d x 11\u00bd\u201d x 5\u00bd\u201d)<\/p>\n<\/td>\n<\/tr>\n<tr>\n<td>Material de la caja<\/td>\n<td>Fibra de vidrio<\/td>\n<\/tr>\n<tr>\n<td>\n<h5>Otras caracter\u00edsticas<\/h5>\n<\/td>\n<td>&nbsp;<\/td>\n<\/tr>\n<tr>\n<td>Clasificaci\u00f3n de la caja<\/td>\n<td>Nema 1<\/td>\n<\/tr>\n<tr>\n<td>Temperatura de funcionamiento<\/td>\n<td>\n<p>-40\u00b0C a 55\u00b0C<br>(-40\u00b0F a 122\u00b0F)<\/p>\n<\/td>\n<\/tr>\n<tr>\n<td>Garant\u00eda<\/td>\n<td>2 a\u00f1os<\/td>\n<\/tr>\n<\/tbody>\n<\/table>\t\t<\/div>\n\t\t\t\t<\/div>\n\t\t\t\t<section class=\" elementor-section elementor-inner-section elementor-element elementor-element-d92fcd0 elementor-section-boxed elementor-section-height-default elementor-section-height-default\" data-id=\"d92fcd0\" data-element_type=\"section\">\r\n\t\t\t\t\t\t\t\t<div class=\"elementor-container elementor-column-gap-default\">\r\n\t\t\t\t\r\n\t\t\t\t\t\t\t\t<div class=\" elementor-column elementor-col-50 elementor-inner-column elementor-element elementor-element-063d426 \" data-id=\"063d426\" data-element_type=\"column\">\r\n\r\n\t\t\t\t\r\n\t\t\t\t<div class=\"elementor-widget-wrap elementor-element-populated\">\r\n\t\t\t\t\t\t\t\t\t\t\r\n\t\t\t\t\t\t<div class=\"elementor-element elementor-element-c205909 elementor-widget elementor-widget-heading\" data-id=\"c205909\" data-element_type=\"widget\" data-widget_type=\"heading.default\">\n\t\t\t\t<div class=\"elementor-widget-container\">\n\t\t\t<h3 class=\"elementor-heading-title elementor-size-default\">DOCUMENTO\n<\/h3>\t\t<\/div>\n\t\t\t\t<\/div>\n\t\t\t\t<div class=\"elementor-element elementor-element-db311c3 elementor-view-default elementor-position-top elementor-mobile-position-top elementor-widget elementor-widget-icon-box\" data-id=\"db311c3\" data-element_type=\"widget\" data-widget_type=\"icon-box.default\">\n\t\t\t\t<div class=\"elementor-widget-container\">\n\t\t\t<link rel=\"stylesheet\" href=\"https:\/\/tos-offshore.com\/wp-content\/uploads\/elementor\/css\/custom-widget-icon-box.min.css?ver=1714086923\">\t\t<div class=\"elementor-icon-box-wrapper\">\n\t\t\t\t\t\t<div class=\"elementor-icon-box-icon\">\n\t\t\t\t<a href=\"https:\/\/tos-offshore.com\/wp-content\/uploads\/2023\/09\/S-TS-B950.pdf\" target=\"_blank\" class=\"elementor-icon elementor-animation-\" tabindex=\"-1\">\n\t\t\t\t<i aria-hidden=\"true\" class=\"far fa-file-pdf\"><\/i>\t\t\t\t<\/a>\n\t\t\t<\/div>\n\t\t\t\t\t\t<div class=\"elementor-icon-box-content\">\n\t\t\t\t<span class=\"elementor-icon-box-title\">\n\t\t\t\t\t<a href=\"https:\/\/tos-offshore.com\/wp-content\/uploads\/2023\/09\/S-TS-B950.pdf\" target=\"_blank\" >\n\t\t\t\t\t\tEXPEDIENTE T\u00c9CNICO\t\t\t\t\t<\/a>\n\t\t\t\t<\/span>\n\t\t\t\t\t\t\t<\/div>\n\t\t<\/div>\n\t\t\t\t<\/div>\n\t\t\t\t<\/div>\n\t\t\t\t\t\t<\/div>\r\n\t\t\t\t<\/div>\r\n\t\t\t\t\t\t\t\t\t<div class=\" elementor-column elementor-col-50 elementor-inner-column elementor-element elementor-element-362b47a \" data-id=\"362b47a\" data-element_type=\"column\">\r\n\r\n\t\t\t\t\r\n\t\t\t\t<div class=\"elementor-widget-wrap\">\r\n\t\t\t\t\t\t\t\t\t\t\r\n\t\t\t\t\t\t\t\t<\/div>\r\n\t\t\t\t<\/div>\r\n\t\t\t\t\t\t\t\t<\/div>\r\n\t\t\t<\/section>\r\n\t\t\t\t\t\t\t<\/div>\r\n\t\t\t\t<\/div>\r\n\t\t\t\t\t\t\t\t<\/div>\r\n\t\t\t<\/section>\r\n\t\t\t\t\t\t\t\t<\/div>\n\t\t","protected":false},"excerpt":{"rendered":"<p>DE CONFORMIDAD CON LAS NORMAS SPE-1000 Standard 621 de : ICES-003 de : Part 15 SISTEMA DE SUPERVISI\u00d3N Y CONTROL DE ILUMINACI\u00d3N ROJA TS-B950 CARACTER\u00cdSTICAS Control de las balizas de obst\u00e1culos con iluminaci\u00f3n continua Muy estable, independiente de la fluctuaci\u00f3n de la tensi\u00f3n La conmutaci\u00f3n a tensi\u00f3n nula reduce el ruido y prolonga de 2 [&hellip;]<\/p>\n","protected":false},"author":1,"featured_media":0,"parent":11687,"menu_order":0,"comment_status":"closed","ping_status":"closed","template":"modele-standard.php","meta":{"footnotes":""},"class_list":["post-12079","page","type-page","status-publish","hentry"],"yoast_head":"<!-- This site is optimized with the Yoast SEO plugin v22.5 - https:\/\/yoast.com\/wordpress\/plugins\/seo\/ -->\n<title>Sistema De Supervision Y Control De Iluminacion Roja TS-B950 - Technostrobe | Obstruction lights for tall towers in broadcasting, telecommunication, utilities and wind farm industries<\/title>\n<meta name=\"robots\" content=\"index, follow, max-snippet:-1, max-image-preview:large, max-video-preview:-1\" \/>\n<link rel=\"canonical\" href=\"https:\/\/tos-offshore.com\/en\/?page_id=12078\" \/>\n<meta property=\"og:locale\" content=\"es_ES\" \/>\n<meta property=\"og:type\" content=\"article\" \/>\n<meta property=\"og:title\" content=\"Sistema De Supervision Y Control De Iluminacion Roja TS-B950 - Technostrobe | Obstruction lights for tall towers in broadcasting, telecommunication, utilities and wind farm industries\" \/>\n<meta property=\"og:description\" content=\"DE CONFORMIDAD CON LAS NORMAS SPE-1000 Standard 621 de : ICES-003 de : Part 15 SISTEMA DE SUPERVISI\u00d3N Y CONTROL DE ILUMINACI\u00d3N ROJA TS-B950 CARACTER\u00cdSTICAS Control de las balizas de obst\u00e1culos con iluminaci\u00f3n continua Muy estable, independiente de la fluctuaci\u00f3n de la tensi\u00f3n La conmutaci\u00f3n a tensi\u00f3n nula reduce el ruido y prolonga de 2 [&hellip;]\" \/>\n<meta property=\"og:url\" content=\"https:\/\/tos-offshore.com\/en\/?page_id=12078\" \/>\n<meta property=\"og:site_name\" content=\"Technostrobe | Obstruction lights for tall towers in broadcasting, telecommunication, utilities and wind farm industries\" \/>\n<meta property=\"article:modified_time\" content=\"2023-09-18T15:40:57+00:00\" \/>\n<meta property=\"og:image\" content=\"https:\/\/tos-offshore.com\/wp-content\/uploads\/2023\/09\/ts-b950.png\" \/>\n<meta name=\"twitter:card\" content=\"summary_large_image\" \/>\n<meta name=\"twitter:label1\" content=\"Tiempo de lectura\" \/>\n\t<meta name=\"twitter:data1\" content=\"2 minutos\" \/>\n<script type=\"application\/ld+json\" class=\"yoast-schema-graph\">{\"@context\":\"https:\/\/schema.org\",\"@graph\":[{\"@type\":\"WebPage\",\"@id\":\"https:\/\/tos-offshore.com\/en\/?page_id=12078\",\"url\":\"https:\/\/tos-offshore.com\/en\/?page_id=12078\",\"name\":\"Sistema De Supervision Y Control De Iluminacion Roja TS-B950 - Technostrobe | Obstruction lights for tall towers in broadcasting, telecommunication, utilities and wind farm industries\",\"isPartOf\":{\"@id\":\"https:\/\/tos-offshore.com\/fr\/#website\"},\"primaryImageOfPage\":{\"@id\":\"https:\/\/tos-offshore.com\/en\/?page_id=12078#primaryimage\"},\"image\":{\"@id\":\"https:\/\/tos-offshore.com\/en\/?page_id=12078#primaryimage\"},\"thumbnailUrl\":\"https:\/\/tos-offshore.com\/wp-content\/uploads\/2023\/09\/ts-b950.png\",\"datePublished\":\"2023-09-13T08:44:57+00:00\",\"dateModified\":\"2023-09-18T15:40:57+00:00\",\"breadcrumb\":{\"@id\":\"https:\/\/tos-offshore.com\/en\/?page_id=12078#breadcrumb\"},\"inLanguage\":\"es\",\"potentialAction\":[{\"@type\":\"ReadAction\",\"target\":[\"https:\/\/tos-offshore.com\/en\/?page_id=12078\"]}]},{\"@type\":\"ImageObject\",\"inLanguage\":\"es\",\"@id\":\"https:\/\/tos-offshore.com\/en\/?page_id=12078#primaryimage\",\"url\":\"https:\/\/tos-offshore.com\/wp-content\/uploads\/2023\/09\/ts-b950.png\",\"contentUrl\":\"https:\/\/tos-offshore.com\/wp-content\/uploads\/2023\/09\/ts-b950.png\"},{\"@type\":\"BreadcrumbList\",\"@id\":\"https:\/\/tos-offshore.com\/en\/?page_id=12078#breadcrumb\",\"itemListElement\":[{\"@type\":\"ListItem\",\"position\":1,\"name\":\"Home\",\"item\":\"https:\/\/tos-offshore.com\/en\/\"},{\"@type\":\"ListItem\",\"position\":2,\"name\":\"Productos\",\"item\":\"https:\/\/tos-offshore.com\/en\/products\/\"},{\"@type\":\"ListItem\",\"position\":3,\"name\":\"ACCESORIOS\",\"item\":\"https:\/\/tos-offshore.com\/en\/?page_id=11686\"},{\"@type\":\"ListItem\",\"position\":4,\"name\":\"Sistema De Supervision Y Control De Iluminacion Roja TS-B950\"}]},{\"@type\":\"WebSite\",\"@id\":\"https:\/\/tos-offshore.com\/fr\/#website\",\"url\":\"https:\/\/tos-offshore.com\/fr\/\",\"name\":\"Technostrobe | Obstruction lights for tall towers in broadcasting, telecommunication, utilities and wind farm industries\",\"description\":\"\",\"potentialAction\":[{\"@type\":\"SearchAction\",\"target\":{\"@type\":\"EntryPoint\",\"urlTemplate\":\"https:\/\/tos-offshore.com\/fr\/?s={search_term_string}\"},\"query-input\":\"required name=search_term_string\"}],\"inLanguage\":\"es\"}]}<\/script>\n<!-- \/ Yoast SEO plugin. -->","yoast_head_json":{"title":"Sistema De Supervision Y Control De Iluminacion Roja TS-B950 - Technostrobe | Obstruction lights for tall towers in broadcasting, telecommunication, utilities and wind farm industries","robots":{"index":"index","follow":"follow","max-snippet":"max-snippet:-1","max-image-preview":"max-image-preview:large","max-video-preview":"max-video-preview:-1"},"canonical":"https:\/\/tos-offshore.com\/en\/?page_id=12078","og_locale":"es_ES","og_type":"article","og_title":"Sistema De Supervision Y Control De Iluminacion Roja TS-B950 - Technostrobe | Obstruction lights for tall towers in broadcasting, telecommunication, utilities and wind farm industries","og_description":"DE CONFORMIDAD CON LAS NORMAS SPE-1000 Standard 621 de : ICES-003 de : Part 15 SISTEMA DE SUPERVISI\u00d3N Y CONTROL DE ILUMINACI\u00d3N ROJA TS-B950 CARACTER\u00cdSTICAS Control de las balizas de obst\u00e1culos con iluminaci\u00f3n continua Muy estable, independiente de la fluctuaci\u00f3n de la tensi\u00f3n La conmutaci\u00f3n a tensi\u00f3n nula reduce el ruido y prolonga de 2 [&hellip;]","og_url":"https:\/\/tos-offshore.com\/en\/?page_id=12078","og_site_name":"Technostrobe | Obstruction lights for tall towers in broadcasting, telecommunication, utilities and wind farm industries","article_modified_time":"2023-09-18T15:40:57+00:00","og_image":[{"url":"https:\/\/tos-offshore.com\/wp-content\/uploads\/2023\/09\/ts-b950.png"}],"twitter_card":"summary_large_image","twitter_misc":{"Tiempo de lectura":"2 minutos"},"schema":{"@context":"https:\/\/schema.org","@graph":[{"@type":"WebPage","@id":"https:\/\/tos-offshore.com\/en\/?page_id=12078","url":"https:\/\/tos-offshore.com\/en\/?page_id=12078","name":"Sistema De Supervision Y Control De Iluminacion Roja TS-B950 - Technostrobe | Obstruction lights for tall towers in broadcasting, telecommunication, utilities and wind farm industries","isPartOf":{"@id":"https:\/\/tos-offshore.com\/fr\/#website"},"primaryImageOfPage":{"@id":"https:\/\/tos-offshore.com\/en\/?page_id=12078#primaryimage"},"image":{"@id":"https:\/\/tos-offshore.com\/en\/?page_id=12078#primaryimage"},"thumbnailUrl":"https:\/\/tos-offshore.com\/wp-content\/uploads\/2023\/09\/ts-b950.png","datePublished":"2023-09-13T08:44:57+00:00","dateModified":"2023-09-18T15:40:57+00:00","breadcrumb":{"@id":"https:\/\/tos-offshore.com\/en\/?page_id=12078#breadcrumb"},"inLanguage":"es","potentialAction":[{"@type":"ReadAction","target":["https:\/\/tos-offshore.com\/en\/?page_id=12078"]}]},{"@type":"ImageObject","inLanguage":"es","@id":"https:\/\/tos-offshore.com\/en\/?page_id=12078#primaryimage","url":"https:\/\/tos-offshore.com\/wp-content\/uploads\/2023\/09\/ts-b950.png","contentUrl":"https:\/\/tos-offshore.com\/wp-content\/uploads\/2023\/09\/ts-b950.png"},{"@type":"BreadcrumbList","@id":"https:\/\/tos-offshore.com\/en\/?page_id=12078#breadcrumb","itemListElement":[{"@type":"ListItem","position":1,"name":"Home","item":"https:\/\/tos-offshore.com\/en\/"},{"@type":"ListItem","position":2,"name":"Productos","item":"https:\/\/tos-offshore.com\/en\/products\/"},{"@type":"ListItem","position":3,"name":"ACCESORIOS","item":"https:\/\/tos-offshore.com\/en\/?page_id=11686"},{"@type":"ListItem","position":4,"name":"Sistema De Supervision Y Control De Iluminacion Roja TS-B950"}]},{"@type":"WebSite","@id":"https:\/\/tos-offshore.com\/fr\/#website","url":"https:\/\/tos-offshore.com\/fr\/","name":"Technostrobe | Obstruction lights for tall towers in broadcasting, telecommunication, utilities and wind farm industries","description":"","potentialAction":[{"@type":"SearchAction","target":{"@type":"EntryPoint","urlTemplate":"https:\/\/tos-offshore.com\/fr\/?s={search_term_string}"},"query-input":"required name=search_term_string"}],"inLanguage":"es"}]}},"_links":{"self":[{"href":"https:\/\/tos-offshore.com\/es\/wp-json\/wp\/v2\/pages\/12079","targetHints":{"allow":["GET"]}}],"collection":[{"href":"https:\/\/tos-offshore.com\/es\/wp-json\/wp\/v2\/pages"}],"about":[{"href":"https:\/\/tos-offshore.com\/es\/wp-json\/wp\/v2\/types\/page"}],"author":[{"embeddable":true,"href":"https:\/\/tos-offshore.com\/es\/wp-json\/wp\/v2\/users\/1"}],"replies":[{"embeddable":true,"href":"https:\/\/tos-offshore.com\/es\/wp-json\/wp\/v2\/comments?post=12079"}],"version-history":[{"count":14,"href":"https:\/\/tos-offshore.com\/es\/wp-json\/wp\/v2\/pages\/12079\/revisions"}],"predecessor-version":[{"id":12711,"href":"https:\/\/tos-offshore.com\/es\/wp-json\/wp\/v2\/pages\/12079\/revisions\/12711"}],"up":[{"embeddable":true,"href":"https:\/\/tos-offshore.com\/es\/wp-json\/wp\/v2\/pages\/11687"}],"wp:attachment":[{"href":"https:\/\/tos-offshore.com\/es\/wp-json\/wp\/v2\/media?parent=12079"}],"curies":[{"name":"wp","href":"https:\/\/api.w.org\/{rel}","templated":true}]}}