{"id":12085,"date":"2023-09-12T17:33:09","date_gmt":"2023-09-12T15:33:09","guid":{"rendered":"https:\/\/tos-offshore.com\/productos\/intensidad-media\/red-only-dc-kit-night\/"},"modified":"2023-09-19T16:23:43","modified_gmt":"2023-09-19T14:23:43","slug":"faro-rojo-de-dels-dc-kit-nocturno","status":"publish","type":"page","link":"https:\/\/tos-offshore.com\/es\/productos\/intensidad-media\/faro-rojo-de-dels-dc-kit-nocturno\/","title":{"rendered":"Faro Rojo de DELS DC-Kit (Nocturno)"},"content":{"rendered":"\t\t<div data-elementor-type=\"wp-page\" data-elementor-id=\"12085\" class=\"elementor elementor-12085\">\n\t\t\t\t\t\t\t\t\t<section class=\" elementor-section elementor-top-section elementor-element elementor-element-1cdd1ee elementor-section-full_width elementor-section-height-default elementor-section-height-default\" data-id=\"1cdd1ee\" data-element_type=\"section\">\r\n\t\t\t\t\t\t\t\t<div class=\"elementor-container elementor-column-gap-default\">\r\n\t\t\t\t\r\n\t\t\t\t\t\t\t\t<div class=\" elementor-column elementor-col-50 elementor-top-column elementor-element elementor-element-c12dc4f \" data-id=\"c12dc4f\" data-element_type=\"column\" data-settings=\"{&quot;background_background&quot;:&quot;classic&quot;}\">\r\n\r\n\t\t\t\t\r\n\t\t\t\t<div class=\"elementor-widget-wrap elementor-element-populated\">\r\n\t\t\t\t\t\t\t\t\t\t\r\n\t\t\t\t\t\t<div class=\"elementor-element elementor-element-f947caa elementor-widget elementor-widget-image\" data-id=\"f947caa\" data-element_type=\"widget\" data-settings=\"{&quot;_animation&quot;:&quot;none&quot;}\" data-widget_type=\"image.default\">\n\t\t\t\t<div class=\"elementor-widget-container\">\n\t\t\t<style>\/*! elementor - v3.16.0 - 09-10-2023 *\/\n.elementor-widget-image{text-align:center}.elementor-widget-image a{display:inline-block}.elementor-widget-image a img[src$=\".svg\"]{width:48px}.elementor-widget-image img{vertical-align:middle;display:inline-block}<\/style>\t\t\t\t\t\t\t\t\t\t\t\t<img decoding=\"async\" width=\"199\" height=\"134\" src=\"https:\/\/tos-offshore.com\/wp-content\/uploads\/2023\/09\/LED_RED_BEACON_DC-KIT_1.jpg\" class=\"attachment-large size-large wp-image-10355\" alt=\"\" \/>\t\t\t\t\t\t\t\t\t\t\t\t\t\t\t<\/div>\n\t\t\t\t<\/div>\n\t\t\t\t<div class=\"elementor-element elementor-element-c67b7ab elementor-widget elementor-widget-image\" data-id=\"c67b7ab\" data-element_type=\"widget\" data-settings=\"{&quot;_animation&quot;:&quot;none&quot;}\" data-widget_type=\"image.default\">\n\t\t\t\t<div class=\"elementor-widget-container\">\n\t\t\t\t\t\t\t\t\t\t\t\t\t\t\t<img decoding=\"async\" width=\"139\" height=\"155\" src=\"https:\/\/tos-offshore.com\/wp-content\/uploads\/2023\/09\/LED_RED_BEACON_DC-KIT_2.jpg\" class=\"attachment-large size-large wp-image-10356\" alt=\"\" \/>\t\t\t\t\t\t\t\t\t\t\t\t\t\t\t<\/div>\n\t\t\t\t<\/div>\n\t\t\t\t<div class=\"elementor-element elementor-element-7aed681 elementor-widget elementor-widget-image\" data-id=\"7aed681\" data-element_type=\"widget\" data-settings=\"{&quot;_animation&quot;:&quot;none&quot;}\" data-widget_type=\"image.default\">\n\t\t\t\t<div class=\"elementor-widget-container\">\n\t\t\t\t\t\t\t\t\t\t\t\t\t\t\t<img decoding=\"async\" width=\"201\" height=\"162\" src=\"https:\/\/tos-offshore.com\/wp-content\/uploads\/2023\/09\/LED_RED_BEACON_DC-KIT_3.png\" class=\"attachment-large size-large wp-image-10357\" alt=\"\" \/>\t\t\t\t\t\t\t\t\t\t\t\t\t\t\t<\/div>\n\t\t\t\t<\/div>\n\t\t\t\t<div class=\"elementor-element elementor-element-887e6fb elementor-widget elementor-widget-heading\" data-id=\"887e6fb\" data-element_type=\"widget\" data-widget_type=\"heading.default\">\n\t\t\t\t<div class=\"elementor-widget-container\">\n\t\t\t<style>\/*! elementor - v3.16.0 - 09-10-2023 *\/\n.elementor-heading-title{padding:0;margin:0;line-height:1}.elementor-widget-heading .elementor-heading-title[class*=elementor-size-]>a{color:inherit;font-size:inherit;line-height:inherit}.elementor-widget-heading .elementor-heading-title.elementor-size-small{font-size:15px}.elementor-widget-heading .elementor-heading-title.elementor-size-medium{font-size:19px}.elementor-widget-heading .elementor-heading-title.elementor-size-large{font-size:29px}.elementor-widget-heading .elementor-heading-title.elementor-size-xl{font-size:39px}.elementor-widget-heading .elementor-heading-title.elementor-size-xxl{font-size:59px}<\/style><h3 class=\"elementor-heading-title elementor-size-default\">DE CONFORMIDAD CON LAS NORMAS\n<\/h3>\t\t<\/div>\n\t\t\t\t<\/div>\n\t\t\t\t<div class=\"elementor-element elementor-element-798f74e elementor-widget elementor-widget-text-editor\" data-id=\"798f74e\" data-element_type=\"widget\" data-widget_type=\"text-editor.default\">\n\t\t\t\t<div class=\"elementor-widget-container\">\n\t\t\t<style>\/*! elementor - v3.16.0 - 09-10-2023 *\/\n.elementor-widget-text-editor.elementor-drop-cap-view-stacked .elementor-drop-cap{background-color:#69727d;color:#fff}.elementor-widget-text-editor.elementor-drop-cap-view-framed .elementor-drop-cap{color:#69727d;border:3px solid;background-color:transparent}.elementor-widget-text-editor:not(.elementor-drop-cap-view-default) .elementor-drop-cap{margin-top:8px}.elementor-widget-text-editor:not(.elementor-drop-cap-view-default) .elementor-drop-cap-letter{width:1em;height:1em}.elementor-widget-text-editor .elementor-drop-cap{float:left;text-align:center;line-height:1;font-size:50px}.elementor-widget-text-editor .elementor-drop-cap-letter{display:inline-block}<\/style>\t\t\t\t<ul><li>Mexico (DGAC)<\/li><li>ICAO &#8211; Medium Type B and C<\/li><\/ul>\t\t\t\t\t\t<\/div>\n\t\t\t\t<\/div>\n\t\t\t\t\t\t<\/div>\r\n\t\t\t\t<\/div>\r\n\t\t\t\t\t\t\t\t\t<div class=\" elementor-column elementor-col-50 elementor-top-column elementor-element elementor-element-f32c1b6 \" data-id=\"f32c1b6\" data-element_type=\"column\">\r\n\r\n\t\t\t\t\r\n\t\t\t\t<div class=\"elementor-widget-wrap elementor-element-populated\">\r\n\t\t\t\t\t\t\t\t\t\t\r\n\t\t\t\t\t\t<section class=\" elementor-section elementor-inner-section elementor-element elementor-element-8b5ea4a elementor-section-boxed elementor-section-height-default elementor-section-height-default\" data-id=\"8b5ea4a\" data-element_type=\"section\">\r\n\t\t\t\t\t\t\t\t<div class=\"elementor-container elementor-column-gap-default\">\r\n\t\t\t\t\r\n\t\t\t\t\t\t\t\t<div class=\" elementor-column elementor-col-100 elementor-inner-column elementor-element elementor-element-bbfb458 \" data-id=\"bbfb458\" data-element_type=\"column\">\r\n\r\n\t\t\t\t\r\n\t\t\t\t<div class=\"elementor-widget-wrap elementor-element-populated\">\r\n\t\t\t\t\t\t\t\t\t\t\r\n\t\t\t\t\t\t<div class=\"elementor-element elementor-element-f211098 elementor-widget elementor-widget-heading\" data-id=\"f211098\" data-element_type=\"widget\" data-widget_type=\"heading.default\">\n\t\t\t\t<div class=\"elementor-widget-container\">\n\t\t\t<h2 class=\"elementor-heading-title elementor-size-default\">FARO ROJO DE LEDS CON EQUIPO DE ENERG\u00cdA SOLAR\n<\/h2>\t\t<\/div>\n\t\t\t\t<\/div>\n\t\t\t\t<div class=\"elementor-element elementor-element-28ab35c elementor-widget elementor-widget-heading\" data-id=\"28ab35c\" data-element_type=\"widget\" data-widget_type=\"heading.default\">\n\t\t\t\t<div class=\"elementor-widget-container\">\n\t\t\t<span class=\"elementor-heading-title elementor-size-default\">LED-RED-EST\u00c1NDAR-G3-SEC_DC-KIT\n\n\n<\/span>\t\t<\/div>\n\t\t\t\t<\/div>\n\t\t\t\t\t\t<\/div>\r\n\t\t\t\t<\/div>\r\n\t\t\t\t\t\t\t\t<\/div>\r\n\t\t\t<\/section>\r\n\t\t\t\t\t<div class=\"elementor-element elementor-element-7d52c59 elementor-widget elementor-widget-heading\" data-id=\"7d52c59\" data-element_type=\"widget\" data-widget_type=\"heading.default\">\n\t\t\t\t<div class=\"elementor-widget-container\">\n\t\t\t<h3 class=\"elementor-heading-title elementor-size-default\">CARACTER\u00cdSTICAS<\/h3>\t\t<\/div>\n\t\t\t\t<\/div>\n\t\t\t\t<div class=\"elementor-element elementor-element-8f2a8d8 elementor-widget elementor-widget-text-editor\" data-id=\"8f2a8d8\" data-element_type=\"widget\" data-widget_type=\"text-editor.default\">\n\t\t\t\t<div class=\"elementor-widget-container\">\n\t\t\t\t\t\t\t<ul><li>Unidad todo incluido: Controlador, \u00f3ptica, detecci\u00f3n de alarma<\/li><li>Protecci\u00f3n contra rayos de alto rendimiento<\/li><li>Sistema de CC alimentado por energ\u00eda solar<\/li><li>Menor impacto en los requerimientos solares (autonom\u00eda 120 horas)<\/li><li>No se requiere mantenimiento<\/li><\/ul>\t\t\t\t\t\t<\/div>\n\t\t\t\t<\/div>\n\t\t\t\t<div class=\"elementor-element elementor-element-64244c5 elementor-widget elementor-widget-heading\" data-id=\"64244c5\" data-element_type=\"widget\" data-widget_type=\"heading.default\">\n\t\t\t\t<div class=\"elementor-widget-container\">\n\t\t\t<h3 class=\"elementor-heading-title elementor-size-default\">ESPECIFICACIONES\n<\/h3>\t\t<\/div>\n\t\t\t\t<\/div>\n\t\t\t\t<div class=\"elementor-element elementor-element-4f4b294 elementor-widget elementor-widget-html\" data-id=\"4f4b294\" data-element_type=\"widget\" data-widget_type=\"html.default\">\n\t\t\t\t<div class=\"elementor-widget-container\">\n\t\t\t<table border=\"0\" cellspacing=\"0\" cellpadding=\"0\">\n<tbody>\n<tr>\n<td>\n<h5>Salida luminosa<\/h5>\n<\/td>\n<td>&nbsp;<\/td>\n<\/tr>\n<tr>\n<td>Tipo de l\u00e1mpara<\/td>\n<td>LED<\/td>\n<\/tr>\n<tr>\n<td>Color de la luz<\/td>\n<td>Rojo<\/td>\n<\/tr>\n<tr>\n<td>Intensidad efectiva<\/td>\n<td>Rojo: 2 000 cd \u00b125%<\/td>\n<\/tr>\n<tr>\n<td>\u00c1ngulo de cobertura horizontal<\/td>\n<td>360\u00b0<\/td>\n<\/tr>\n<tr>\n<td>Vida nominal de una l\u00e1mpara<\/td>\n<td>10 a\u00f1os y m\u00e1s<\/td>\n<\/tr>\n<tr>\n<td>\n<h5>Especificaciones el\u00e9ctricas<\/h5>\n<\/td>\n<td>&nbsp;<\/td>\n<\/tr>\n<tr>\n<td>Potencia el\u00e9ctrica<\/td>\n<td>9 Vatios a 30 FPM, ciclo de servicio 5%<\/td>\n<\/tr>\n<tr>\n<td>\n<h5>Especificaciones<br>mec\u00e1nicas<\/h5>\n<\/td>\n<td>&nbsp;<\/td>\n<\/tr>\n<tr>\n<td>Peso total (incluyendo las<br>bater\u00edas)<\/td>\n<td>36 kg (79 lbs.)<\/td>\n<\/tr>\n<tr>\n<td>Dimensiones<\/td>\n<td>67 x 56 x 57 cm<br> (26 x 18 x 15 1\u20442 in)<\/td>\n<\/tr>\n<tr>\n<td>Clasificaci\u00f3n<\/td>\n<td>IP66<\/td>\n<\/tr>\n<tr>\n<td>Construcci\u00f3n<\/td>\n<td>Marco de aluminio, material de acero inoxidable<\/td>\n<\/tr>\n<tr>\n<td>\n<h5>Bater\u00eda<\/h5>\n<\/td>\n<td>&nbsp;<\/td>\n<\/tr>\n<tr>\n<td>Autonom\u00eda<\/td>\n<td>120 horas sin generaci\u00f3n de energ\u00eda<\/td>\n<\/tr>\n<tr>\n<td>Capacidad<\/td>\n<td>2 x (12 V, 38 Ah)<\/td>\n<\/tr>\n<tr>\n<td>Tipo<\/td>\n<td>AGM sellado<\/td>\n<\/tr>\n<tr>\n<td>\n<h5>Panel solar<\/h5>\n<\/td>\n<td>&nbsp;<\/td>\n<\/tr>\n<tr>\n<td>Capacidad<\/td>\n<td>30 W<\/td>\n<\/tr>\n<tr>\n<td>Tama\u00f1o<\/td>\n<td>67 x 36 cm<br>(26 x 14 in)<\/td>\n<\/tr>\n<tr>\n<td>\n<h5>Garant\u00eda<\/h5>\n<\/td>\n<td>&nbsp;<\/td>\n<\/tr>\n<tr>\n<td>Garant\u00eda del faro<\/td>\n<td>5 a\u00f1os<\/td>\n<\/tr>\n<tr>\n<td>Garant\u00eda de la bater\u00eda<\/td>\n<td>5 a\u00f1os (degresivo)<\/td>\n<\/tr>\n<tr>\n<td>Garant\u00eda del panel solar<\/td>\n<td>12a\u00f1os<\/td>\n<\/tr>\n<tr>\n<td>\n<h5>Otras<\/h5>\n<\/td>\n<td>&nbsp;<\/td>\n<\/tr>\n<tr>\n<td>Type FAA<\/td>\n<td>L-864<\/td>\n<\/tr>\n<tr>\n<td>La temperatura de<br>funcionamiento<\/td>\n<td>-40\u00b0C a 65\u00b0C <br>(-40\u00b0F a 150\u00b0F)<\/td>\n<\/tr>\n<\/tbody>\n<\/table>\t\t<\/div>\n\t\t\t\t<\/div>\n\t\t\t\t<section class=\" elementor-section elementor-inner-section elementor-element elementor-element-d92fcd0 elementor-section-boxed elementor-section-height-default elementor-section-height-default\" data-id=\"d92fcd0\" data-element_type=\"section\">\r\n\t\t\t\t\t\t\t\t<div class=\"elementor-container elementor-column-gap-default\">\r\n\t\t\t\t\r\n\t\t\t\t\t\t\t\t<div class=\" elementor-column elementor-col-50 elementor-inner-column elementor-element elementor-element-063d426 \" data-id=\"063d426\" data-element_type=\"column\">\r\n\r\n\t\t\t\t\r\n\t\t\t\t<div class=\"elementor-widget-wrap elementor-element-populated\">\r\n\t\t\t\t\t\t\t\t\t\t\r\n\t\t\t\t\t\t<div class=\"elementor-element elementor-element-c205909 elementor-widget elementor-widget-heading\" data-id=\"c205909\" data-element_type=\"widget\" data-widget_type=\"heading.default\">\n\t\t\t\t<div class=\"elementor-widget-container\">\n\t\t\t<h3 class=\"elementor-heading-title elementor-size-default\">DOCUMENTO\n\n<\/h3>\t\t<\/div>\n\t\t\t\t<\/div>\n\t\t\t\t<div class=\"elementor-element elementor-element-db311c3 elementor-view-default elementor-position-top elementor-mobile-position-top elementor-widget elementor-widget-icon-box\" data-id=\"db311c3\" data-element_type=\"widget\" data-widget_type=\"icon-box.default\">\n\t\t\t\t<div class=\"elementor-widget-container\">\n\t\t\t<link rel=\"stylesheet\" href=\"https:\/\/tos-offshore.com\/wp-content\/uploads\/elementor\/css\/custom-widget-icon-box.min.css?ver=1714086923\">\t\t<div class=\"elementor-icon-box-wrapper\">\n\t\t\t\t\t\t<div class=\"elementor-icon-box-icon\">\n\t\t\t\t<a href=\"https:\/\/tos-offshore.com\/wp-content\/uploads\/2023\/09\/S-FARO_ROJO_DE_LEDS_DC-KIT.pdf\" target=\"_blank\" class=\"elementor-icon elementor-animation-\" tabindex=\"-1\">\n\t\t\t\t<i aria-hidden=\"true\" class=\"far fa-file-pdf\"><\/i>\t\t\t\t<\/a>\n\t\t\t<\/div>\n\t\t\t\t\t\t<div class=\"elementor-icon-box-content\">\n\t\t\t\t<span class=\"elementor-icon-box-title\">\n\t\t\t\t\t<a href=\"https:\/\/tos-offshore.com\/wp-content\/uploads\/2023\/09\/S-FARO_ROJO_DE_LEDS_DC-KIT.pdf\" target=\"_blank\" >\n\t\t\t\t\t\tEXPEDIENTE T\u00c9CNICO\t\t\t\t\t<\/a>\n\t\t\t\t<\/span>\n\t\t\t\t\t\t\t<\/div>\n\t\t<\/div>\n\t\t\t\t<\/div>\n\t\t\t\t<\/div>\n\t\t\t\t\t\t<\/div>\r\n\t\t\t\t<\/div>\r\n\t\t\t\t\t\t\t\t\t<div class=\" elementor-column elementor-col-50 elementor-inner-column elementor-element elementor-element-362b47a \" data-id=\"362b47a\" data-element_type=\"column\">\r\n\r\n\t\t\t\t\r\n\t\t\t\t<div class=\"elementor-widget-wrap\">\r\n\t\t\t\t\t\t\t\t\t\t\r\n\t\t\t\t\t\t\t\t<\/div>\r\n\t\t\t\t<\/div>\r\n\t\t\t\t\t\t\t\t<\/div>\r\n\t\t\t<\/section>\r\n\t\t\t\t\t\t\t<\/div>\r\n\t\t\t\t<\/div>\r\n\t\t\t\t\t\t\t\t<\/div>\r\n\t\t\t<\/section>\r\n\t\t\t\t\t\t\t\t<\/div>\n\t\t","protected":false},"excerpt":{"rendered":"<p>DE CONFORMIDAD CON LAS NORMAS Mexico (DGAC) ICAO &#8211; Medium Type B and C FARO ROJO DE LEDS CON EQUIPO DE ENERG\u00cdA SOLAR LED-RED-EST\u00c1NDAR-G3-SEC_DC-KIT CARACTER\u00cdSTICAS Unidad todo incluido: Controlador, \u00f3ptica, detecci\u00f3n de alarma Protecci\u00f3n contra rayos de alto rendimiento Sistema de CC alimentado por energ\u00eda solar Menor impacto en los requerimientos solares (autonom\u00eda 120 horas) [&hellip;]<\/p>\n","protected":false},"author":1,"featured_media":0,"parent":11868,"menu_order":0,"comment_status":"closed","ping_status":"closed","template":"modele-standard.php","meta":{"footnotes":""},"class_list":["post-12085","page","type-page","status-publish","hentry"],"yoast_head":"<!-- This site is optimized with the Yoast SEO plugin v22.5 - https:\/\/yoast.com\/wordpress\/plugins\/seo\/ -->\n<title>Faro Rojo de DELS DC-Kit (Nocturno) - Technostrobe | Obstruction lights for tall towers in broadcasting, telecommunication, utilities and wind farm industries<\/title>\n<meta name=\"description\" content=\"Technostrobe fabrique des syst\u00e8mes de balisage lumineux qui prot\u00e8gent les tours pr\u00e9sentant un danger potentiel pour la navigation a\u00e9rienne. Notre mission est d&#039;offrir des solutions innovantes afin que nos clients b\u00e9n\u00e9ficient des technologies d&#039;\u00e9clairage les plus efficaces et les plus fiables possible. Nous travaillons avec d\u00e9termination afin de servir nos clients dans les domaines de la radiodiffusion, des communications sans fil et des parcs \u00e9oliens\" \/>\n<meta name=\"robots\" content=\"index, follow, max-snippet:-1, max-image-preview:large, max-video-preview:-1\" \/>\n<link rel=\"canonical\" href=\"https:\/\/tos-offshore.com\/en\/?page_id=12084\" \/>\n<meta property=\"og:locale\" content=\"es_ES\" \/>\n<meta property=\"og:type\" content=\"article\" \/>\n<meta property=\"og:title\" content=\"Faro Rojo de DELS DC-Kit (Nocturno) - Technostrobe | Obstruction lights for tall towers in broadcasting, telecommunication, utilities and wind farm industries\" \/>\n<meta property=\"og:description\" content=\"Technostrobe fabrique des syst\u00e8mes de balisage lumineux qui prot\u00e8gent les tours pr\u00e9sentant un danger potentiel pour la navigation a\u00e9rienne. Notre mission est d&#039;offrir des solutions innovantes afin que nos clients b\u00e9n\u00e9ficient des technologies d&#039;\u00e9clairage les plus efficaces et les plus fiables possible. Nous travaillons avec d\u00e9termination afin de servir nos clients dans les domaines de la radiodiffusion, des communications sans fil et des parcs \u00e9oliens\" \/>\n<meta property=\"og:url\" content=\"https:\/\/tos-offshore.com\/en\/?page_id=12084\" \/>\n<meta property=\"og:site_name\" content=\"Technostrobe | Obstruction lights for tall towers in broadcasting, telecommunication, utilities and wind farm industries\" \/>\n<meta property=\"article:modified_time\" content=\"2023-09-19T14:23:43+00:00\" \/>\n<meta property=\"og:image\" content=\"https:\/\/tos-offshore.com\/wp-content\/uploads\/2023\/09\/LED_RED_BEACON_DC-KIT_1.jpg\" \/>\n<meta name=\"twitter:card\" content=\"summary_large_image\" \/>\n<meta name=\"twitter:label1\" content=\"Tiempo de lectura\" \/>\n\t<meta name=\"twitter:data1\" content=\"2 minutos\" \/>\n<script type=\"application\/ld+json\" class=\"yoast-schema-graph\">{\"@context\":\"https:\/\/schema.org\",\"@graph\":[{\"@type\":\"WebPage\",\"@id\":\"https:\/\/tos-offshore.com\/en\/?page_id=12084\",\"url\":\"https:\/\/tos-offshore.com\/en\/?page_id=12084\",\"name\":\"Faro Rojo de DELS DC-Kit (Nocturno) - Technostrobe | Obstruction lights for tall towers in broadcasting, telecommunication, utilities and wind farm industries\",\"isPartOf\":{\"@id\":\"https:\/\/tos-offshore.com\/fr\/#website\"},\"primaryImageOfPage\":{\"@id\":\"https:\/\/tos-offshore.com\/en\/?page_id=12084#primaryimage\"},\"image\":{\"@id\":\"https:\/\/tos-offshore.com\/en\/?page_id=12084#primaryimage\"},\"thumbnailUrl\":\"https:\/\/tos-offshore.com\/wp-content\/uploads\/2023\/09\/LED_RED_BEACON_DC-KIT_1.jpg\",\"datePublished\":\"2023-09-12T15:33:09+00:00\",\"dateModified\":\"2023-09-19T14:23:43+00:00\",\"description\":\"Technostrobe fabrique des syst\u00e8mes de balisage lumineux qui prot\u00e8gent les tours pr\u00e9sentant un danger potentiel pour la navigation a\u00e9rienne. Notre mission est d'offrir des solutions innovantes afin que nos clients b\u00e9n\u00e9ficient des technologies d'\u00e9clairage les plus efficaces et les plus fiables possible. Nous travaillons avec d\u00e9termination afin de servir nos clients dans les domaines de la radiodiffusion, des communications sans fil et des parcs \u00e9oliens\",\"breadcrumb\":{\"@id\":\"https:\/\/tos-offshore.com\/en\/?page_id=12084#breadcrumb\"},\"inLanguage\":\"es\",\"potentialAction\":[{\"@type\":\"ReadAction\",\"target\":[\"https:\/\/tos-offshore.com\/en\/?page_id=12084\"]}]},{\"@type\":\"ImageObject\",\"inLanguage\":\"es\",\"@id\":\"https:\/\/tos-offshore.com\/en\/?page_id=12084#primaryimage\",\"url\":\"https:\/\/tos-offshore.com\/wp-content\/uploads\/2023\/09\/LED_RED_BEACON_DC-KIT_1.jpg\",\"contentUrl\":\"https:\/\/tos-offshore.com\/wp-content\/uploads\/2023\/09\/LED_RED_BEACON_DC-KIT_1.jpg\"},{\"@type\":\"BreadcrumbList\",\"@id\":\"https:\/\/tos-offshore.com\/en\/?page_id=12084#breadcrumb\",\"itemListElement\":[{\"@type\":\"ListItem\",\"position\":1,\"name\":\"Home\",\"item\":\"https:\/\/tos-offshore.com\/en\/\"},{\"@type\":\"ListItem\",\"position\":2,\"name\":\"Productos\",\"item\":\"https:\/\/tos-offshore.com\/en\/products\/\"},{\"@type\":\"ListItem\",\"position\":3,\"name\":\"INTENSIDAD MEDIA\",\"item\":\"https:\/\/tos-offshore.com\/en\/?page_id=11867\"},{\"@type\":\"ListItem\",\"position\":4,\"name\":\"Faro Rojo de DELS DC-Kit (Nocturno)\"}]},{\"@type\":\"WebSite\",\"@id\":\"https:\/\/tos-offshore.com\/fr\/#website\",\"url\":\"https:\/\/tos-offshore.com\/fr\/\",\"name\":\"Technostrobe | Obstruction lights for tall towers in broadcasting, telecommunication, utilities and wind farm industries\",\"description\":\"\",\"potentialAction\":[{\"@type\":\"SearchAction\",\"target\":{\"@type\":\"EntryPoint\",\"urlTemplate\":\"https:\/\/tos-offshore.com\/fr\/?s={search_term_string}\"},\"query-input\":\"required name=search_term_string\"}],\"inLanguage\":\"es\"}]}<\/script>\n<!-- \/ Yoast SEO plugin. -->","yoast_head_json":{"title":"Faro Rojo de DELS DC-Kit (Nocturno) - Technostrobe | Obstruction lights for tall towers in broadcasting, telecommunication, utilities and wind farm industries","description":"Technostrobe fabrique des syst\u00e8mes de balisage lumineux qui prot\u00e8gent les tours pr\u00e9sentant un danger potentiel pour la navigation a\u00e9rienne. Notre mission est d'offrir des solutions innovantes afin que nos clients b\u00e9n\u00e9ficient des technologies d'\u00e9clairage les plus efficaces et les plus fiables possible. Nous travaillons avec d\u00e9termination afin de servir nos clients dans les domaines de la radiodiffusion, des communications sans fil et des parcs \u00e9oliens","robots":{"index":"index","follow":"follow","max-snippet":"max-snippet:-1","max-image-preview":"max-image-preview:large","max-video-preview":"max-video-preview:-1"},"canonical":"https:\/\/tos-offshore.com\/en\/?page_id=12084","og_locale":"es_ES","og_type":"article","og_title":"Faro Rojo de DELS DC-Kit (Nocturno) - Technostrobe | Obstruction lights for tall towers in broadcasting, telecommunication, utilities and wind farm industries","og_description":"Technostrobe fabrique des syst\u00e8mes de balisage lumineux qui prot\u00e8gent les tours pr\u00e9sentant un danger potentiel pour la navigation a\u00e9rienne. Notre mission est d'offrir des solutions innovantes afin que nos clients b\u00e9n\u00e9ficient des technologies d'\u00e9clairage les plus efficaces et les plus fiables possible. Nous travaillons avec d\u00e9termination afin de servir nos clients dans les domaines de la radiodiffusion, des communications sans fil et des parcs \u00e9oliens","og_url":"https:\/\/tos-offshore.com\/en\/?page_id=12084","og_site_name":"Technostrobe | Obstruction lights for tall towers in broadcasting, telecommunication, utilities and wind farm industries","article_modified_time":"2023-09-19T14:23:43+00:00","og_image":[{"url":"https:\/\/tos-offshore.com\/wp-content\/uploads\/2023\/09\/LED_RED_BEACON_DC-KIT_1.jpg"}],"twitter_card":"summary_large_image","twitter_misc":{"Tiempo de lectura":"2 minutos"},"schema":{"@context":"https:\/\/schema.org","@graph":[{"@type":"WebPage","@id":"https:\/\/tos-offshore.com\/en\/?page_id=12084","url":"https:\/\/tos-offshore.com\/en\/?page_id=12084","name":"Faro Rojo de DELS DC-Kit (Nocturno) - Technostrobe | Obstruction lights for tall towers in broadcasting, telecommunication, utilities and wind farm industries","isPartOf":{"@id":"https:\/\/tos-offshore.com\/fr\/#website"},"primaryImageOfPage":{"@id":"https:\/\/tos-offshore.com\/en\/?page_id=12084#primaryimage"},"image":{"@id":"https:\/\/tos-offshore.com\/en\/?page_id=12084#primaryimage"},"thumbnailUrl":"https:\/\/tos-offshore.com\/wp-content\/uploads\/2023\/09\/LED_RED_BEACON_DC-KIT_1.jpg","datePublished":"2023-09-12T15:33:09+00:00","dateModified":"2023-09-19T14:23:43+00:00","description":"Technostrobe fabrique des syst\u00e8mes de balisage lumineux qui prot\u00e8gent les tours pr\u00e9sentant un danger potentiel pour la navigation a\u00e9rienne. Notre mission est d'offrir des solutions innovantes afin que nos clients b\u00e9n\u00e9ficient des technologies d'\u00e9clairage les plus efficaces et les plus fiables possible. Nous travaillons avec d\u00e9termination afin de servir nos clients dans les domaines de la radiodiffusion, des communications sans fil et des parcs \u00e9oliens","breadcrumb":{"@id":"https:\/\/tos-offshore.com\/en\/?page_id=12084#breadcrumb"},"inLanguage":"es","potentialAction":[{"@type":"ReadAction","target":["https:\/\/tos-offshore.com\/en\/?page_id=12084"]}]},{"@type":"ImageObject","inLanguage":"es","@id":"https:\/\/tos-offshore.com\/en\/?page_id=12084#primaryimage","url":"https:\/\/tos-offshore.com\/wp-content\/uploads\/2023\/09\/LED_RED_BEACON_DC-KIT_1.jpg","contentUrl":"https:\/\/tos-offshore.com\/wp-content\/uploads\/2023\/09\/LED_RED_BEACON_DC-KIT_1.jpg"},{"@type":"BreadcrumbList","@id":"https:\/\/tos-offshore.com\/en\/?page_id=12084#breadcrumb","itemListElement":[{"@type":"ListItem","position":1,"name":"Home","item":"https:\/\/tos-offshore.com\/en\/"},{"@type":"ListItem","position":2,"name":"Productos","item":"https:\/\/tos-offshore.com\/en\/products\/"},{"@type":"ListItem","position":3,"name":"INTENSIDAD MEDIA","item":"https:\/\/tos-offshore.com\/en\/?page_id=11867"},{"@type":"ListItem","position":4,"name":"Faro Rojo de DELS DC-Kit (Nocturno)"}]},{"@type":"WebSite","@id":"https:\/\/tos-offshore.com\/fr\/#website","url":"https:\/\/tos-offshore.com\/fr\/","name":"Technostrobe | Obstruction lights for tall towers in broadcasting, telecommunication, utilities and wind farm industries","description":"","potentialAction":[{"@type":"SearchAction","target":{"@type":"EntryPoint","urlTemplate":"https:\/\/tos-offshore.com\/fr\/?s={search_term_string}"},"query-input":"required name=search_term_string"}],"inLanguage":"es"}]}},"_links":{"self":[{"href":"https:\/\/tos-offshore.com\/es\/wp-json\/wp\/v2\/pages\/12085","targetHints":{"allow":["GET"]}}],"collection":[{"href":"https:\/\/tos-offshore.com\/es\/wp-json\/wp\/v2\/pages"}],"about":[{"href":"https:\/\/tos-offshore.com\/es\/wp-json\/wp\/v2\/types\/page"}],"author":[{"embeddable":true,"href":"https:\/\/tos-offshore.com\/es\/wp-json\/wp\/v2\/users\/1"}],"replies":[{"embeddable":true,"href":"https:\/\/tos-offshore.com\/es\/wp-json\/wp\/v2\/comments?post=12085"}],"version-history":[{"count":15,"href":"https:\/\/tos-offshore.com\/es\/wp-json\/wp\/v2\/pages\/12085\/revisions"}],"predecessor-version":[{"id":12990,"href":"https:\/\/tos-offshore.com\/es\/wp-json\/wp\/v2\/pages\/12085\/revisions\/12990"}],"up":[{"embeddable":true,"href":"https:\/\/tos-offshore.com\/es\/wp-json\/wp\/v2\/pages\/11868"}],"wp:attachment":[{"href":"https:\/\/tos-offshore.com\/es\/wp-json\/wp\/v2\/media?parent=12085"}],"curies":[{"name":"wp","href":"https:\/\/api.w.org\/{rel}","templated":true}]}}