{"id":12095,"date":"2023-09-12T18:01:44","date_gmt":"2023-09-12T16:01:44","guid":{"rendered":"https:\/\/tos-offshore.com\/productos\/low-intensity\/side-lights\/led-retrofit-bulb-flanged-lens\/"},"modified":"2023-09-19T12:45:24","modified_gmt":"2023-09-19T10:45:24","slug":"lampara-de-reemplazo-del","status":"publish","type":"page","link":"https:\/\/tos-offshore.com\/es\/productos\/baja-intensidad\/lampara-de-obstruccion\/lampara-de-reemplazo-del\/","title":{"rendered":"L\u00e1mpara de reemplazo DEL (reflectores con bridas)"},"content":{"rendered":"\t\t<div data-elementor-type=\"wp-page\" data-elementor-id=\"12095\" class=\"elementor elementor-12095\">\n\t\t\t\t\t\t\t\t\t<section class=\" elementor-section elementor-top-section elementor-element elementor-element-1cdd1ee elementor-section-full_width elementor-section-height-default elementor-section-height-default\" data-id=\"1cdd1ee\" data-element_type=\"section\">\r\n\t\t\t\t\t\t\t\t<div class=\"elementor-container elementor-column-gap-default\">\r\n\t\t\t\t\r\n\t\t\t\t\t\t\t\t<div class=\" elementor-column elementor-col-50 elementor-top-column elementor-element elementor-element-c12dc4f \" data-id=\"c12dc4f\" data-element_type=\"column\" data-settings=\"{&quot;background_background&quot;:&quot;classic&quot;}\">\r\n\r\n\t\t\t\t\r\n\t\t\t\t<div class=\"elementor-widget-wrap elementor-element-populated\">\r\n\t\t\t\t\t\t\t\t\t\t\r\n\t\t\t\t\t\t<div class=\"elementor-element elementor-element-f947caa elementor-widget elementor-widget-image\" data-id=\"f947caa\" data-element_type=\"widget\" data-settings=\"{&quot;_animation&quot;:&quot;none&quot;}\" data-widget_type=\"image.default\">\n\t\t\t\t<div class=\"elementor-widget-container\">\n\t\t\t<style>\/*! elementor - v3.16.0 - 09-10-2023 *\/\n.elementor-widget-image{text-align:center}.elementor-widget-image a{display:inline-block}.elementor-widget-image a img[src$=\".svg\"]{width:48px}.elementor-widget-image img{vertical-align:middle;display:inline-block}<\/style>\t\t\t\t\t\t\t\t\t\t\t\t<img decoding=\"async\" width=\"319\" height=\"396\" src=\"https:\/\/tos-offshore.com\/wp-content\/uploads\/2023\/09\/LED-RETROFIT-BULB-FLANGED-LENS.jpg\" class=\"attachment-large size-large wp-image-10387\" alt=\"\" \/>\t\t\t\t\t\t\t\t\t\t\t\t\t\t\t<\/div>\n\t\t\t\t<\/div>\n\t\t\t\t<div class=\"elementor-element elementor-element-d79fec3 elementor-widget elementor-widget-heading\" data-id=\"d79fec3\" data-element_type=\"widget\" data-widget_type=\"heading.default\">\n\t\t\t\t<div class=\"elementor-widget-container\">\n\t\t\t<style>\/*! elementor - v3.16.0 - 09-10-2023 *\/\n.elementor-heading-title{padding:0;margin:0;line-height:1}.elementor-widget-heading .elementor-heading-title[class*=elementor-size-]>a{color:inherit;font-size:inherit;line-height:inherit}.elementor-widget-heading .elementor-heading-title.elementor-size-small{font-size:15px}.elementor-widget-heading .elementor-heading-title.elementor-size-medium{font-size:19px}.elementor-widget-heading .elementor-heading-title.elementor-size-large{font-size:29px}.elementor-widget-heading .elementor-heading-title.elementor-size-xl{font-size:39px}.elementor-widget-heading .elementor-heading-title.elementor-size-xxl{font-size:59px}<\/style><h3 class=\"elementor-heading-title elementor-size-default\">DE CONFORMIDAD CON LAS NORMAS\n<\/h3>\t\t<\/div>\n\t\t\t\t<\/div>\n\t\t\t\t<div class=\"elementor-element elementor-element-c5747fb elementor-widget elementor-widget-text-editor\" data-id=\"c5747fb\" data-element_type=\"widget\" data-widget_type=\"text-editor.default\">\n\t\t\t\t<div class=\"elementor-widget-container\">\n\t\t\t<style>\/*! elementor - v3.16.0 - 09-10-2023 *\/\n.elementor-widget-text-editor.elementor-drop-cap-view-stacked .elementor-drop-cap{background-color:#69727d;color:#fff}.elementor-widget-text-editor.elementor-drop-cap-view-framed .elementor-drop-cap{color:#69727d;border:3px solid;background-color:transparent}.elementor-widget-text-editor:not(.elementor-drop-cap-view-default) .elementor-drop-cap{margin-top:8px}.elementor-widget-text-editor:not(.elementor-drop-cap-view-default) .elementor-drop-cap-letter{width:1em;height:1em}.elementor-widget-text-editor .elementor-drop-cap{float:left;text-align:center;line-height:1;font-size:50px}.elementor-widget-text-editor .elementor-drop-cap-letter{display:inline-block}<\/style>\t\t\t\t<ul><li>Standard 621 :<\/li><\/ul><p><img decoding=\"async\" style=\"width: 50%;\" src=\"https:\/\/tos-offshore.com\/wp-content\/uploads\/2023\/09\/transport-canada.png\" \/><\/p>\t\t\t\t\t\t<\/div>\n\t\t\t\t<\/div>\n\t\t\t\t<div class=\"elementor-element elementor-element-887e6fb elementor-widget elementor-widget-heading\" data-id=\"887e6fb\" data-element_type=\"widget\" data-widget_type=\"heading.default\">\n\t\t\t\t<div class=\"elementor-widget-container\">\n\t\t\t<h3 class=\"elementor-heading-title elementor-size-default\">CERTIFICADO PRO ETL PARA FAA\n<\/h3>\t\t<\/div>\n\t\t\t\t<\/div>\n\t\t\t\t<div class=\"elementor-element elementor-element-798f74e elementor-widget elementor-widget-text-editor\" data-id=\"798f74e\" data-element_type=\"widget\" data-widget_type=\"text-editor.default\">\n\t\t\t\t<div class=\"elementor-widget-container\">\n\t\t\t\t\t\t\t<ul><li>Certificado por ETL para FAA AC 150\/5345-43J<\/li><\/ul>\t\t\t\t\t\t<\/div>\n\t\t\t\t<\/div>\n\t\t\t\t\t\t<\/div>\r\n\t\t\t\t<\/div>\r\n\t\t\t\t\t\t\t\t\t<div class=\" elementor-column elementor-col-50 elementor-top-column elementor-element elementor-element-f32c1b6 \" data-id=\"f32c1b6\" data-element_type=\"column\">\r\n\r\n\t\t\t\t\r\n\t\t\t\t<div class=\"elementor-widget-wrap elementor-element-populated\">\r\n\t\t\t\t\t\t\t\t\t\t\r\n\t\t\t\t\t\t<section class=\" elementor-section elementor-inner-section elementor-element elementor-element-8b5ea4a elementor-section-boxed elementor-section-height-default elementor-section-height-default\" data-id=\"8b5ea4a\" data-element_type=\"section\">\r\n\t\t\t\t\t\t\t\t<div class=\"elementor-container elementor-column-gap-default\">\r\n\t\t\t\t\r\n\t\t\t\t\t\t\t\t<div class=\" elementor-column elementor-col-100 elementor-inner-column elementor-element elementor-element-bbfb458 \" data-id=\"bbfb458\" data-element_type=\"column\">\r\n\r\n\t\t\t\t\r\n\t\t\t\t<div class=\"elementor-widget-wrap elementor-element-populated\">\r\n\t\t\t\t\t\t\t\t\t\t\r\n\t\t\t\t\t\t<div class=\"elementor-element elementor-element-f211098 elementor-widget elementor-widget-heading\" data-id=\"f211098\" data-element_type=\"widget\" data-widget_type=\"heading.default\">\n\t\t\t\t<div class=\"elementor-widget-container\">\n\t\t\t<h2 class=\"elementor-heading-title elementor-size-default\">L\u00c1MPARA DE REEMPLAZO DEL (REFLECTORES CON BRIDAS)\n<\/h2>\t\t<\/div>\n\t\t\t\t<\/div>\n\t\t\t\t<div class=\"elementor-element elementor-element-28ab35c elementor-widget elementor-widget-heading\" data-id=\"28ab35c\" data-element_type=\"widget\" data-widget_type=\"heading.default\">\n\t\t\t\t<div class=\"elementor-widget-container\">\n\t\t\t<span class=\"elementor-heading-title elementor-size-default\">OL1B-LED120-RF3\n\n\n<\/span>\t\t<\/div>\n\t\t\t\t<\/div>\n\t\t\t\t\t\t<\/div>\r\n\t\t\t\t<\/div>\r\n\t\t\t\t\t\t\t\t<\/div>\r\n\t\t\t<\/section>\r\n\t\t\t\t\t<div class=\"elementor-element elementor-element-7d52c59 elementor-widget elementor-widget-heading\" data-id=\"7d52c59\" data-element_type=\"widget\" data-widget_type=\"heading.default\">\n\t\t\t\t<div class=\"elementor-widget-container\">\n\t\t\t<h3 class=\"elementor-heading-title elementor-size-default\">CARACTER\u00cdSTICAS\n<\/h3>\t\t<\/div>\n\t\t\t\t<\/div>\n\t\t\t\t<div class=\"elementor-element elementor-element-8f2a8d8 elementor-widget elementor-widget-text-editor\" data-id=\"8f2a8d8\" data-element_type=\"widget\" data-widget_type=\"text-editor.default\">\n\t\t\t\t<div class=\"elementor-widget-container\">\n\t\t\t\t\t\t\t<ul><li>Se adapta a la mayor\u00eda de los accesorios de brida<\/li><li>Construcci\u00f3n de vidrio altamente resistente<\/li><li>Consumo reducido de energ\u00eda: 96% menos que el tipo incandescente<\/li><li>10 a\u00f1os de durabilidad<\/li><li>Salida de energ\u00eda luminosa muy estable, independiente de la fluctuaci\u00f3n de la tensi\u00f3n<\/li><li>Tambi\u00e9n disponible con IR<\/li><\/ul>\t\t\t\t\t\t<\/div>\n\t\t\t\t<\/div>\n\t\t\t\t<div class=\"elementor-element elementor-element-64244c5 elementor-widget elementor-widget-heading\" data-id=\"64244c5\" data-element_type=\"widget\" data-widget_type=\"heading.default\">\n\t\t\t\t<div class=\"elementor-widget-container\">\n\t\t\t<h3 class=\"elementor-heading-title elementor-size-default\">ESPECIFICACIONES\n<\/h3>\t\t<\/div>\n\t\t\t\t<\/div>\n\t\t\t\t<div class=\"elementor-element elementor-element-4f4b294 elementor-widget elementor-widget-html\" data-id=\"4f4b294\" data-element_type=\"widget\" data-widget_type=\"html.default\">\n\t\t\t\t<div class=\"elementor-widget-container\">\n\t\t\t<table border=\"0\"  cellspacing=\"0\" cellpadding=\"0\">\n<tbody>\n<tr style=\"height: 12px;\">\n<td style=\"width: 143px; height: 12px;\">\n<h5>Salida luminosa<\/h5>\n<\/td>\n<td style=\"width: 179px; height: 12px;\">&nbsp;<\/td>\n<\/tr>\n<tr style=\"height: 12px;\">\n<td style=\"width: 143px; height: 12px;\">Tipo de l\u00e1mpara<\/td>\n<td style=\"width: 179px; height: 12px;\">DEL<\/td>\n<\/tr>\n<tr style=\"height: 12px;\">\n<td style=\"width: 143px; height: 12px;\">Candelas efectivas<\/td>\n<td style=\"width: 179px; height: 12px;\">32.5 min.<\/td>\n<\/tr>\n<tr style=\"height: 12px;\">\n<td style=\"width: 143px; height: 12px;\">\u00c1ngulo de cobertura horizontal<\/td>\n<td style=\"width: 179px; height: 12px;\">360\u00b0<\/td>\n<\/tr>\n<tr style=\"height: 12px;\">\n<td style=\"width: 143px; height: 12px;\">\u00c1ngulo vertical del haz<\/td>\n<td style=\"width: 179px; height: 12px;\">&gt;10\u00b0<\/td>\n<\/tr>\n<tr style=\"height: 12px;\">\n<td style=\"width: 143px; height: 12px;\">Vida nominal de una l\u00e1mpara<\/td>\n<td style=\"width: 179px; height: 12px;\">10 a\u00f1os<\/td>\n<\/tr>\n<tr style=\"height: 12px;\">\n<td style=\"width: 143px; height: 12px;\">\n<h5>Especificaciones<\/h5>\n<\/td>\n<td>Modelos disponibles para 120 \u00f3 240 Vca, \u00f3 12\/48 Vcd<\/td>\n<\/tr>\n<tr style=\"height: 12px;\">\n<td style=\"width: 143px; height: 12px;\">Potencia el\u00e9ctrica<\/td>\n<td style=\"width: 179px; height: 12px;\">4 vatios<\/td>\n<\/tr>\n<tr style=\"height: 12px;\">\n<td style=\"width: 143px; height: 12px;\">Corriente el\u00e9ctrica a 120Vca<\/td>\n<td style=\"width: 179px; height: 12px;\">0.06 A (rms)<\/td>\n<\/tr>\n<tr style=\"height: 12px;\">\n<td style=\"width: 143px; height: 12px;\">Alimentaci\u00f3n el\u00e9ctrica<\/td>\n<td style=\"width: 179px; height: 12px;\">\n<p>120 \u00f3 240 Vca 50\/60hz 12\/48 Vcd<\/p>\n<\/td>\n<\/tr>\n<tr style=\"height: 12px;\">\n<td style=\"width: 143px; height: 12px;\">\n<h5>Especificaciones mec\u00e1nicas<\/h5>\n<\/td>\n<td style=\"width: 179px; height: 12px;\">&nbsp;<\/td>\n<\/tr>\n<tr style=\"height: 12px;\">\n<td style=\"width: 143px; height: 12px;\">Peso<\/td>\n<td style=\"width: 179px; height: 12px;\">0.5 Kg (1 lbs)<\/td>\n<\/tr>\n<tr style=\"height: 12px;\">\n<td style=\"width: 143px; height: 12px;\">\n<h5>Otras caracter\u00edsticas<\/h5>\n<\/td>\n<td style=\"width: 179px; height: 12px;\">&nbsp;<\/td>\n<\/tr>\n<tr style=\"height: 12px;\">\n<td style=\"width: 143px; height: 12px;\">Tipo FAA<\/td>\n<td style=\"width: 179px; height: 12px;\">L-810<\/td>\n<\/tr>\n<tr style=\"height: 12px;\">\n<td style=\"width: 143px; height: 12px;\">Tipo seg\u00fan las normas de Transporte de Canad\u00e1<\/td>\n<td style=\"width: 179px; height: 12px;\">CL-810<\/td>\n<\/tr>\n<tr style=\"height: 24px;\">\n<td style=\"width: 143px; height: 24px;\">\n<p>Temperatura de funcionamiento<\/p>\n<\/td>\n<td style=\"width: 179px; height: 24px;\">-55\u00b0C a 55\u00b0C \/&nbsp;(-67\u00b0F a 131\u00b0F)<\/td>\n<\/tr>\n<tr style=\"height: 12px;\">\n<td style=\"width: 143px; height: 12px;\">Garant\u00eda<\/td>\n<td style=\"width: 179px; height: 12px;\">5 a\u00f1os<\/td>\n<\/tr>\n<\/tbody>\n<\/table>\t\t<\/div>\n\t\t\t\t<\/div>\n\t\t\t\t<section class=\" elementor-section elementor-inner-section elementor-element elementor-element-d92fcd0 elementor-section-boxed elementor-section-height-default elementor-section-height-default\" data-id=\"d92fcd0\" data-element_type=\"section\">\r\n\t\t\t\t\t\t\t\t<div class=\"elementor-container elementor-column-gap-default\">\r\n\t\t\t\t\r\n\t\t\t\t\t\t\t\t<div class=\" elementor-column elementor-col-50 elementor-inner-column elementor-element elementor-element-063d426 \" data-id=\"063d426\" data-element_type=\"column\">\r\n\r\n\t\t\t\t\r\n\t\t\t\t<div class=\"elementor-widget-wrap elementor-element-populated\">\r\n\t\t\t\t\t\t\t\t\t\t\r\n\t\t\t\t\t\t<div class=\"elementor-element elementor-element-c205909 elementor-widget elementor-widget-heading\" data-id=\"c205909\" data-element_type=\"widget\" data-widget_type=\"heading.default\">\n\t\t\t\t<div class=\"elementor-widget-container\">\n\t\t\t<h3 class=\"elementor-heading-title elementor-size-default\">DOCUMENTO\n\n<\/h3>\t\t<\/div>\n\t\t\t\t<\/div>\n\t\t\t\t<div class=\"elementor-element elementor-element-db311c3 elementor-view-default elementor-position-top elementor-mobile-position-top elementor-widget elementor-widget-icon-box\" data-id=\"db311c3\" data-element_type=\"widget\" data-widget_type=\"icon-box.default\">\n\t\t\t\t<div class=\"elementor-widget-container\">\n\t\t\t<link rel=\"stylesheet\" href=\"https:\/\/tos-offshore.com\/wp-content\/uploads\/elementor\/css\/custom-widget-icon-box.min.css?ver=1714086923\">\t\t<div class=\"elementor-icon-box-wrapper\">\n\t\t\t\t\t\t<div class=\"elementor-icon-box-icon\">\n\t\t\t\t<a href=\"https:\/\/tos-offshore.com\/wp-content\/uploads\/2023\/09\/S-OL1B-LED120-RF3.pdf\" target=\"_blank\" class=\"elementor-icon elementor-animation-\" tabindex=\"-1\">\n\t\t\t\t<i aria-hidden=\"true\" class=\"far fa-file-pdf\"><\/i>\t\t\t\t<\/a>\n\t\t\t<\/div>\n\t\t\t\t\t\t<div class=\"elementor-icon-box-content\">\n\t\t\t\t<span class=\"elementor-icon-box-title\">\n\t\t\t\t\t<a href=\"https:\/\/tos-offshore.com\/wp-content\/uploads\/2023\/09\/S-OL1B-LED120-RF3.pdf\" target=\"_blank\" >\n\t\t\t\t\t\tEXPEDIENTE T\u00c9CNICO\t\t\t\t\t<\/a>\n\t\t\t\t<\/span>\n\t\t\t\t\t\t\t<\/div>\n\t\t<\/div>\n\t\t\t\t<\/div>\n\t\t\t\t<\/div>\n\t\t\t\t\t\t<\/div>\r\n\t\t\t\t<\/div>\r\n\t\t\t\t\t\t\t\t\t<div class=\" elementor-column elementor-col-50 elementor-inner-column elementor-element elementor-element-362b47a \" data-id=\"362b47a\" data-element_type=\"column\">\r\n\r\n\t\t\t\t\r\n\t\t\t\t<div class=\"elementor-widget-wrap\">\r\n\t\t\t\t\t\t\t\t\t\t\r\n\t\t\t\t\t\t\t\t<\/div>\r\n\t\t\t\t<\/div>\r\n\t\t\t\t\t\t\t\t<\/div>\r\n\t\t\t<\/section>\r\n\t\t\t\t\t\t\t<\/div>\r\n\t\t\t\t<\/div>\r\n\t\t\t\t\t\t\t\t<\/div>\r\n\t\t\t<\/section>\r\n\t\t\t\t\t\t\t\t<\/div>\n\t\t","protected":false},"excerpt":{"rendered":"<p>DE CONFORMIDAD CON LAS NORMAS Standard 621 : CERTIFICADO PRO ETL PARA FAA Certificado por ETL para FAA AC 150\/5345-43J L\u00c1MPARA DE REEMPLAZO DEL (REFLECTORES CON BRIDAS) OL1B-LED120-RF3 CARACTER\u00cdSTICAS Se adapta a la mayor\u00eda de los accesorios de brida Construcci\u00f3n de vidrio altamente resistente Consumo reducido de energ\u00eda: 96% menos que el tipo incandescente 10 [&hellip;]<\/p>\n","protected":false},"author":1,"featured_media":0,"parent":12093,"menu_order":0,"comment_status":"closed","ping_status":"closed","template":"modele-standard.php","meta":{"footnotes":""},"class_list":["post-12095","page","type-page","status-publish","hentry"],"yoast_head":"<!-- This site is optimized with the Yoast SEO plugin v22.5 - https:\/\/yoast.com\/wordpress\/plugins\/seo\/ -->\n<title>L\u00e1mpara de reemplazo DEL (reflectores con bridas) - Technostrobe | Obstruction lights for tall towers in broadcasting, telecommunication, utilities and wind farm industries<\/title>\n<meta name=\"robots\" content=\"index, follow, max-snippet:-1, max-image-preview:large, max-video-preview:-1\" \/>\n<link rel=\"canonical\" href=\"https:\/\/tos-offshore.com\/en\/?page_id=12094\" \/>\n<meta property=\"og:locale\" content=\"es_ES\" \/>\n<meta property=\"og:type\" content=\"article\" \/>\n<meta property=\"og:title\" content=\"L\u00e1mpara de reemplazo DEL (reflectores con bridas) - Technostrobe | Obstruction lights for tall towers in broadcasting, telecommunication, utilities and wind farm industries\" \/>\n<meta property=\"og:description\" content=\"DE CONFORMIDAD CON LAS NORMAS Standard 621 : CERTIFICADO PRO ETL PARA FAA Certificado por ETL para FAA AC 150\/5345-43J L\u00c1MPARA DE REEMPLAZO DEL (REFLECTORES CON BRIDAS) OL1B-LED120-RF3 CARACTER\u00cdSTICAS Se adapta a la mayor\u00eda de los accesorios de brida Construcci\u00f3n de vidrio altamente resistente Consumo reducido de energ\u00eda: 96% menos que el tipo incandescente 10 [&hellip;]\" \/>\n<meta property=\"og:url\" content=\"https:\/\/tos-offshore.com\/en\/?page_id=12094\" \/>\n<meta property=\"og:site_name\" content=\"Technostrobe | Obstruction lights for tall towers in broadcasting, telecommunication, utilities and wind farm industries\" \/>\n<meta property=\"article:modified_time\" content=\"2023-09-19T10:45:24+00:00\" \/>\n<meta property=\"og:image\" content=\"https:\/\/tos-offshore.com\/wp-content\/uploads\/2023\/09\/LED-RETROFIT-BULB-FLANGED-LENS.jpg\" \/>\n<meta name=\"twitter:card\" content=\"summary_large_image\" \/>\n<meta name=\"twitter:label1\" content=\"Tiempo de lectura\" \/>\n\t<meta name=\"twitter:data1\" content=\"2 minutos\" \/>\n<script type=\"application\/ld+json\" class=\"yoast-schema-graph\">{\"@context\":\"https:\/\/schema.org\",\"@graph\":[{\"@type\":\"WebPage\",\"@id\":\"https:\/\/tos-offshore.com\/en\/?page_id=12094\",\"url\":\"https:\/\/tos-offshore.com\/en\/?page_id=12094\",\"name\":\"L\u00e1mpara de reemplazo DEL (reflectores con bridas) - Technostrobe | Obstruction lights for tall towers in broadcasting, telecommunication, utilities and wind farm industries\",\"isPartOf\":{\"@id\":\"https:\/\/tos-offshore.com\/fr\/#website\"},\"primaryImageOfPage\":{\"@id\":\"https:\/\/tos-offshore.com\/en\/?page_id=12094#primaryimage\"},\"image\":{\"@id\":\"https:\/\/tos-offshore.com\/en\/?page_id=12094#primaryimage\"},\"thumbnailUrl\":\"https:\/\/tos-offshore.com\/wp-content\/uploads\/2023\/09\/LED-RETROFIT-BULB-FLANGED-LENS.jpg\",\"datePublished\":\"2023-09-12T16:01:44+00:00\",\"dateModified\":\"2023-09-19T10:45:24+00:00\",\"breadcrumb\":{\"@id\":\"https:\/\/tos-offshore.com\/en\/?page_id=12094#breadcrumb\"},\"inLanguage\":\"es\",\"potentialAction\":[{\"@type\":\"ReadAction\",\"target\":[\"https:\/\/tos-offshore.com\/en\/?page_id=12094\"]}]},{\"@type\":\"ImageObject\",\"inLanguage\":\"es\",\"@id\":\"https:\/\/tos-offshore.com\/en\/?page_id=12094#primaryimage\",\"url\":\"https:\/\/tos-offshore.com\/wp-content\/uploads\/2023\/09\/LED-RETROFIT-BULB-FLANGED-LENS.jpg\",\"contentUrl\":\"https:\/\/tos-offshore.com\/wp-content\/uploads\/2023\/09\/LED-RETROFIT-BULB-FLANGED-LENS.jpg\"},{\"@type\":\"BreadcrumbList\",\"@id\":\"https:\/\/tos-offshore.com\/en\/?page_id=12094#breadcrumb\",\"itemListElement\":[{\"@type\":\"ListItem\",\"position\":1,\"name\":\"Home\",\"item\":\"https:\/\/tos-offshore.com\/en\/\"},{\"@type\":\"ListItem\",\"position\":2,\"name\":\"Productos\",\"item\":\"https:\/\/tos-offshore.com\/en\/products\/\"},{\"@type\":\"ListItem\",\"position\":3,\"name\":\"BAJA INTENSIDAD\",\"item\":\"https:\/\/tos-offshore.com\/en\/?page_id=12088\"},{\"@type\":\"ListItem\",\"position\":4,\"name\":\"L\u00e1mpara de obstucci\u00f3n\",\"item\":\"https:\/\/tos-offshore.com\/en\/products\/low-intensity__trashed\/side-lights\/\"},{\"@type\":\"ListItem\",\"position\":5,\"name\":\"L\u00e1mpara de reemplazo DEL (reflectores con bridas)\"}]},{\"@type\":\"WebSite\",\"@id\":\"https:\/\/tos-offshore.com\/fr\/#website\",\"url\":\"https:\/\/tos-offshore.com\/fr\/\",\"name\":\"Technostrobe | Obstruction lights for tall towers in broadcasting, telecommunication, utilities and wind farm industries\",\"description\":\"\",\"potentialAction\":[{\"@type\":\"SearchAction\",\"target\":{\"@type\":\"EntryPoint\",\"urlTemplate\":\"https:\/\/tos-offshore.com\/fr\/?s={search_term_string}\"},\"query-input\":\"required name=search_term_string\"}],\"inLanguage\":\"es\"}]}<\/script>\n<!-- \/ Yoast SEO plugin. -->","yoast_head_json":{"title":"L\u00e1mpara de reemplazo DEL (reflectores con bridas) - Technostrobe | Obstruction lights for tall towers in broadcasting, telecommunication, utilities and wind farm industries","robots":{"index":"index","follow":"follow","max-snippet":"max-snippet:-1","max-image-preview":"max-image-preview:large","max-video-preview":"max-video-preview:-1"},"canonical":"https:\/\/tos-offshore.com\/en\/?page_id=12094","og_locale":"es_ES","og_type":"article","og_title":"L\u00e1mpara de reemplazo DEL (reflectores con bridas) - Technostrobe | Obstruction lights for tall towers in broadcasting, telecommunication, utilities and wind farm industries","og_description":"DE CONFORMIDAD CON LAS NORMAS Standard 621 : CERTIFICADO PRO ETL PARA FAA Certificado por ETL para FAA AC 150\/5345-43J L\u00c1MPARA DE REEMPLAZO DEL (REFLECTORES CON BRIDAS) OL1B-LED120-RF3 CARACTER\u00cdSTICAS Se adapta a la mayor\u00eda de los accesorios de brida Construcci\u00f3n de vidrio altamente resistente Consumo reducido de energ\u00eda: 96% menos que el tipo incandescente 10 [&hellip;]","og_url":"https:\/\/tos-offshore.com\/en\/?page_id=12094","og_site_name":"Technostrobe | Obstruction lights for tall towers in broadcasting, telecommunication, utilities and wind farm industries","article_modified_time":"2023-09-19T10:45:24+00:00","og_image":[{"url":"https:\/\/tos-offshore.com\/wp-content\/uploads\/2023\/09\/LED-RETROFIT-BULB-FLANGED-LENS.jpg"}],"twitter_card":"summary_large_image","twitter_misc":{"Tiempo de lectura":"2 minutos"},"schema":{"@context":"https:\/\/schema.org","@graph":[{"@type":"WebPage","@id":"https:\/\/tos-offshore.com\/en\/?page_id=12094","url":"https:\/\/tos-offshore.com\/en\/?page_id=12094","name":"L\u00e1mpara de reemplazo DEL (reflectores con bridas) - Technostrobe | Obstruction lights for tall towers in broadcasting, telecommunication, utilities and wind farm industries","isPartOf":{"@id":"https:\/\/tos-offshore.com\/fr\/#website"},"primaryImageOfPage":{"@id":"https:\/\/tos-offshore.com\/en\/?page_id=12094#primaryimage"},"image":{"@id":"https:\/\/tos-offshore.com\/en\/?page_id=12094#primaryimage"},"thumbnailUrl":"https:\/\/tos-offshore.com\/wp-content\/uploads\/2023\/09\/LED-RETROFIT-BULB-FLANGED-LENS.jpg","datePublished":"2023-09-12T16:01:44+00:00","dateModified":"2023-09-19T10:45:24+00:00","breadcrumb":{"@id":"https:\/\/tos-offshore.com\/en\/?page_id=12094#breadcrumb"},"inLanguage":"es","potentialAction":[{"@type":"ReadAction","target":["https:\/\/tos-offshore.com\/en\/?page_id=12094"]}]},{"@type":"ImageObject","inLanguage":"es","@id":"https:\/\/tos-offshore.com\/en\/?page_id=12094#primaryimage","url":"https:\/\/tos-offshore.com\/wp-content\/uploads\/2023\/09\/LED-RETROFIT-BULB-FLANGED-LENS.jpg","contentUrl":"https:\/\/tos-offshore.com\/wp-content\/uploads\/2023\/09\/LED-RETROFIT-BULB-FLANGED-LENS.jpg"},{"@type":"BreadcrumbList","@id":"https:\/\/tos-offshore.com\/en\/?page_id=12094#breadcrumb","itemListElement":[{"@type":"ListItem","position":1,"name":"Home","item":"https:\/\/tos-offshore.com\/en\/"},{"@type":"ListItem","position":2,"name":"Productos","item":"https:\/\/tos-offshore.com\/en\/products\/"},{"@type":"ListItem","position":3,"name":"BAJA INTENSIDAD","item":"https:\/\/tos-offshore.com\/en\/?page_id=12088"},{"@type":"ListItem","position":4,"name":"L\u00e1mpara de obstucci\u00f3n","item":"https:\/\/tos-offshore.com\/en\/products\/low-intensity__trashed\/side-lights\/"},{"@type":"ListItem","position":5,"name":"L\u00e1mpara de reemplazo DEL (reflectores con bridas)"}]},{"@type":"WebSite","@id":"https:\/\/tos-offshore.com\/fr\/#website","url":"https:\/\/tos-offshore.com\/fr\/","name":"Technostrobe | Obstruction lights for tall towers in broadcasting, telecommunication, utilities and wind farm industries","description":"","potentialAction":[{"@type":"SearchAction","target":{"@type":"EntryPoint","urlTemplate":"https:\/\/tos-offshore.com\/fr\/?s={search_term_string}"},"query-input":"required name=search_term_string"}],"inLanguage":"es"}]}},"_links":{"self":[{"href":"https:\/\/tos-offshore.com\/es\/wp-json\/wp\/v2\/pages\/12095","targetHints":{"allow":["GET"]}}],"collection":[{"href":"https:\/\/tos-offshore.com\/es\/wp-json\/wp\/v2\/pages"}],"about":[{"href":"https:\/\/tos-offshore.com\/es\/wp-json\/wp\/v2\/types\/page"}],"author":[{"embeddable":true,"href":"https:\/\/tos-offshore.com\/es\/wp-json\/wp\/v2\/users\/1"}],"replies":[{"embeddable":true,"href":"https:\/\/tos-offshore.com\/es\/wp-json\/wp\/v2\/comments?post=12095"}],"version-history":[{"count":9,"href":"https:\/\/tos-offshore.com\/es\/wp-json\/wp\/v2\/pages\/12095\/revisions"}],"predecessor-version":[{"id":12938,"href":"https:\/\/tos-offshore.com\/es\/wp-json\/wp\/v2\/pages\/12095\/revisions\/12938"}],"up":[{"embeddable":true,"href":"https:\/\/tos-offshore.com\/es\/wp-json\/wp\/v2\/pages\/12093"}],"wp:attachment":[{"href":"https:\/\/tos-offshore.com\/es\/wp-json\/wp\/v2\/media?parent=12095"}],"curies":[{"name":"wp","href":"https:\/\/api.w.org\/{rel}","templated":true}]}}