{"id":12109,"date":"2023-09-13T11:55:36","date_gmt":"2023-09-13T09:55:36","guid":{"rendered":"https:\/\/tos-offshore.com\/productos\/telecommunication\/"},"modified":"2023-09-19T18:11:02","modified_gmt":"2023-09-19T16:11:02","slug":"telecomunicationes","status":"publish","type":"page","link":"https:\/\/tos-offshore.com\/es\/productos\/telecomunicationes\/","title":{"rendered":"TELECOMUNICATIONES"},"content":{"rendered":"\t\t<div data-elementor-type=\"wp-page\" data-elementor-id=\"12109\" class=\"elementor elementor-12109\">\n\t\t\t\t\t\t\t\t\t<section class=\" elementor-section elementor-top-section elementor-element elementor-element-1cdd1ee elementor-section-full_width elementor-section-height-default elementor-section-height-default\" data-id=\"1cdd1ee\" data-element_type=\"section\">\r\n\t\t\t\t\t\t\t\t<div class=\"elementor-container elementor-column-gap-default\">\r\n\t\t\t\t\r\n\t\t\t\t\t\t\t\t<div class=\" elementor-column elementor-col-50 elementor-top-column elementor-element elementor-element-c12dc4f \" data-id=\"c12dc4f\" data-element_type=\"column\" data-settings=\"{&quot;background_background&quot;:&quot;classic&quot;}\">\r\n\r\n\t\t\t\t\r\n\t\t\t\t<div class=\"elementor-widget-wrap elementor-element-populated\">\r\n\t\t\t\t\t\t\t\t\t\t\r\n\t\t\t\t\t\t<div class=\"elementor-element elementor-element-f947caa elementor-widget elementor-widget-image\" data-id=\"f947caa\" data-element_type=\"widget\" data-settings=\"{&quot;_animation&quot;:&quot;none&quot;}\" data-widget_type=\"image.default\">\n\t\t\t\t<div class=\"elementor-widget-container\">\n\t\t\t<style>\/*! elementor - v3.16.0 - 09-10-2023 *\/\n.elementor-widget-image{text-align:center}.elementor-widget-image a{display:inline-block}.elementor-widget-image a img[src$=\".svg\"]{width:48px}.elementor-widget-image img{vertical-align:middle;display:inline-block}<\/style>\t\t\t\t\t\t\t\t\t\t\t\t<img decoding=\"async\" src=\"https:\/\/tos-offshore.com\/wp-content\/uploads\/elementor\/thumbs\/header2-qn2y9cjubeckiet553eah0wjfnj25ape9une939674.jpg\" title=\"header2\" alt=\"header2\" loading=\"lazy\" \/>\t\t\t\t\t\t\t\t\t\t\t\t\t\t\t<\/div>\n\t\t\t\t<\/div>\n\t\t\t\t\t\t<\/div>\r\n\t\t\t\t<\/div>\r\n\t\t\t\t\t\t\t\t\t<div class=\" elementor-column elementor-col-50 elementor-top-column elementor-element elementor-element-f32c1b6 \" data-id=\"f32c1b6\" data-element_type=\"column\">\r\n\r\n\t\t\t\t\r\n\t\t\t\t<div class=\"elementor-widget-wrap elementor-element-populated\">\r\n\t\t\t\t\t\t\t\t\t\t\r\n\t\t\t\t\t\t<section class=\" elementor-section elementor-inner-section elementor-element elementor-element-8b5ea4a elementor-section-boxed elementor-section-height-default elementor-section-height-default\" data-id=\"8b5ea4a\" data-element_type=\"section\">\r\n\t\t\t\t\t\t\t\t<div class=\"elementor-container elementor-column-gap-default\">\r\n\t\t\t\t\r\n\t\t\t\t\t\t\t\t<div class=\" elementor-column elementor-col-100 elementor-inner-column elementor-element elementor-element-bbfb458 \" data-id=\"bbfb458\" data-element_type=\"column\">\r\n\r\n\t\t\t\t\r\n\t\t\t\t<div class=\"elementor-widget-wrap elementor-element-populated\">\r\n\t\t\t\t\t\t\t\t\t\t\r\n\t\t\t\t\t\t<div class=\"elementor-element elementor-element-f211098 elementor-widget elementor-widget-heading\" data-id=\"f211098\" data-element_type=\"widget\" data-widget_type=\"heading.default\">\n\t\t\t\t<div class=\"elementor-widget-container\">\n\t\t\t<style>\/*! elementor - v3.16.0 - 09-10-2023 *\/\n.elementor-heading-title{padding:0;margin:0;line-height:1}.elementor-widget-heading .elementor-heading-title[class*=elementor-size-]>a{color:inherit;font-size:inherit;line-height:inherit}.elementor-widget-heading .elementor-heading-title.elementor-size-small{font-size:15px}.elementor-widget-heading .elementor-heading-title.elementor-size-medium{font-size:19px}.elementor-widget-heading .elementor-heading-title.elementor-size-large{font-size:29px}.elementor-widget-heading .elementor-heading-title.elementor-size-xl{font-size:39px}.elementor-widget-heading .elementor-heading-title.elementor-size-xxl{font-size:59px}<\/style><h3 class=\"elementor-heading-title elementor-size-default\">TELECOMUNICATIONES\n<\/h3>\t\t<\/div>\n\t\t\t\t<\/div>\n\t\t\t\t\t\t<\/div>\r\n\t\t\t\t<\/div>\r\n\t\t\t\t\t\t\t\t<\/div>\r\n\t\t\t<\/section>\r\n\t\t\t\t\t<div class=\"elementor-element elementor-element-8f2a8d8 elementor-widget elementor-widget-text-editor\" data-id=\"8f2a8d8\" data-element_type=\"widget\" data-widget_type=\"text-editor.default\">\n\t\t\t\t<div class=\"elementor-widget-container\">\n\t\t\t<style>\/*! elementor - v3.16.0 - 09-10-2023 *\/\n.elementor-widget-text-editor.elementor-drop-cap-view-stacked .elementor-drop-cap{background-color:#69727d;color:#fff}.elementor-widget-text-editor.elementor-drop-cap-view-framed .elementor-drop-cap{color:#69727d;border:3px solid;background-color:transparent}.elementor-widget-text-editor:not(.elementor-drop-cap-view-default) .elementor-drop-cap{margin-top:8px}.elementor-widget-text-editor:not(.elementor-drop-cap-view-default) .elementor-drop-cap-letter{width:1em;height:1em}.elementor-widget-text-editor .elementor-drop-cap{float:left;text-align:center;line-height:1;font-size:50px}.elementor-widget-text-editor .elementor-drop-cap-letter{display:inline-block}<\/style>\t\t\t\t<p>Technostrobe proporciona soluciones de balizamiento de obst\u00e1culos para las principales empresas de telecomunicaciones de Canad\u00e1, Estados Unidos y M\u00e9xico. Somos un proveedor acreditado de empresas como Bell Mobility, Telus y Rogers.<\/p><p>Nuestros sistemas de iluminaci\u00f3n DEL de intensidad media juegan un papel importante en la protecci\u00f3n de los pilotos y pasajeros de las aerol\u00edneas que vuelan cerca de torres de telecomunicaciones.<\/p><p>Todas las soluciones est\u00e1n certificadas como conformes con las normas m\u00e1s estrictas de aviaci\u00f3n y el\u00e9ctricas (FAA, Transport Canada, OACI) y est\u00e1n disponibles con capacidades avanzadas de supervisi\u00f3n a distancia SNMP.<\/p>\t\t\t\t\t\t<\/div>\n\t\t\t\t<\/div>\n\t\t\t\t\t\t<\/div>\r\n\t\t\t\t<\/div>\r\n\t\t\t\t\t\t\t\t<\/div>\r\n\t\t\t<\/section>\r\n\t\t\t\t\t\t\t\t<\/div>\n\t\t","protected":false},"excerpt":{"rendered":"<p>TELECOMUNICATIONES Technostrobe proporciona soluciones de balizamiento de obst\u00e1culos para las principales empresas de telecomunicaciones de Canad\u00e1, Estados Unidos y M\u00e9xico. Somos un proveedor acreditado de empresas como Bell Mobility, Telus y Rogers. Nuestros sistemas de iluminaci\u00f3n DEL de intensidad media juegan un papel importante en la protecci\u00f3n de los pilotos y pasajeros de las aerol\u00edneas [&hellip;]<\/p>\n","protected":false},"author":1,"featured_media":0,"parent":11668,"menu_order":0,"comment_status":"closed","ping_status":"closed","template":"modele-standard.php","meta":{"footnotes":""},"class_list":["post-12109","page","type-page","status-publish","hentry"],"yoast_head":"<!-- This site is optimized with the Yoast SEO plugin v22.5 - https:\/\/yoast.com\/wordpress\/plugins\/seo\/ -->\n<title>TELECOMUNICATIONES - Technostrobe | Fabricant de syst\u00e8mes de balisage lumineux pour les tours de radiodiffusion, de communications et de parc \u00e9oliens<\/title>\n<meta name=\"description\" content=\"Technostrobe fabrique des syst\u00e8mes de balisage lumineux qui prot\u00e8gent les tours pr\u00e9sentant un danger potentiel pour la navigation a\u00e9rienne. Notre mission est d&#039;offrir des solutions innovantes afin que nos clients b\u00e9n\u00e9ficient des technologies d&#039;\u00e9clairage les plus efficaces et les plus fiables possible. Nous travaillons avec d\u00e9termination afin de servir nos clients dans les domaines de la radiodiffusion, des communications sans fil et des parcs \u00e9oliens.\" \/>\n<meta name=\"robots\" content=\"index, follow, max-snippet:-1, max-image-preview:large, max-video-preview:-1\" \/>\n<link rel=\"canonical\" href=\"https:\/\/tos-offshore.com\/en\/?page_id=12108\" \/>\n<meta property=\"og:locale\" content=\"es_ES\" \/>\n<meta property=\"og:type\" content=\"article\" \/>\n<meta property=\"og:title\" content=\"TELECOMUNICATIONES - Technostrobe | Fabricant de syst\u00e8mes de balisage lumineux pour les tours de radiodiffusion, de communications et de parc \u00e9oliens\" \/>\n<meta property=\"og:description\" content=\"Technostrobe fabrique des syst\u00e8mes de balisage lumineux qui prot\u00e8gent les tours pr\u00e9sentant un danger potentiel pour la navigation a\u00e9rienne. Notre mission est d&#039;offrir des solutions innovantes afin que nos clients b\u00e9n\u00e9ficient des technologies d&#039;\u00e9clairage les plus efficaces et les plus fiables possible. Nous travaillons avec d\u00e9termination afin de servir nos clients dans les domaines de la radiodiffusion, des communications sans fil et des parcs \u00e9oliens.\" \/>\n<meta property=\"og:url\" content=\"https:\/\/tos-offshore.com\/en\/?page_id=12108\" \/>\n<meta property=\"og:site_name\" content=\"Technostrobe | Obstruction lights for tall towers in broadcasting, telecommunication, utilities and wind farm industries\" \/>\n<meta property=\"article:modified_time\" content=\"2023-09-19T16:11:02+00:00\" \/>\n<meta property=\"og:image\" content=\"https:\/\/tos-offshore.com\/wp-content\/uploads\/elementor\/thumbs\/header2-qcayhwbvi91rtx60cz445t4ewf6e7yxwxnbct4bjc0.jpg\" \/>\n<meta name=\"twitter:card\" content=\"summary_large_image\" \/>\n<meta name=\"twitter:label1\" content=\"Tiempo de lectura\" \/>\n\t<meta name=\"twitter:data1\" content=\"1 minuto\" \/>\n<script type=\"application\/ld+json\" class=\"yoast-schema-graph\">{\"@context\":\"https:\/\/schema.org\",\"@graph\":[{\"@type\":\"WebPage\",\"@id\":\"https:\/\/tos-offshore.com\/en\/?page_id=12108\",\"url\":\"https:\/\/tos-offshore.com\/en\/?page_id=12108\",\"name\":\"TELECOMUNICATIONES - Technostrobe | Fabricant de syst\u00e8mes de balisage lumineux pour les tours de radiodiffusion, de communications et de parc \u00e9oliens\",\"isPartOf\":{\"@id\":\"https:\/\/tos-offshore.com\/fr\/#website\"},\"primaryImageOfPage\":{\"@id\":\"https:\/\/tos-offshore.com\/en\/?page_id=12108#primaryimage\"},\"image\":{\"@id\":\"https:\/\/tos-offshore.com\/en\/?page_id=12108#primaryimage\"},\"thumbnailUrl\":\"https:\/\/tos-offshore.com\/wp-content\/uploads\/elementor\/thumbs\/header2-qcayhwbvi91rtx60cz445t4ewf6e7yxwxnbct4bjc0.jpg\",\"datePublished\":\"2023-09-13T09:55:36+00:00\",\"dateModified\":\"2023-09-19T16:11:02+00:00\",\"description\":\"Technostrobe fabrique des syst\u00e8mes de balisage lumineux qui prot\u00e8gent les tours pr\u00e9sentant un danger potentiel pour la navigation a\u00e9rienne. Notre mission est d'offrir des solutions innovantes afin que nos clients b\u00e9n\u00e9ficient des technologies d'\u00e9clairage les plus efficaces et les plus fiables possible. Nous travaillons avec d\u00e9termination afin de servir nos clients dans les domaines de la radiodiffusion, des communications sans fil et des parcs \u00e9oliens.\",\"breadcrumb\":{\"@id\":\"https:\/\/tos-offshore.com\/en\/?page_id=12108#breadcrumb\"},\"inLanguage\":\"es\",\"potentialAction\":[{\"@type\":\"ReadAction\",\"target\":[\"https:\/\/tos-offshore.com\/en\/?page_id=12108\"]}]},{\"@type\":\"ImageObject\",\"inLanguage\":\"es\",\"@id\":\"https:\/\/tos-offshore.com\/en\/?page_id=12108#primaryimage\",\"url\":\"https:\/\/tos-offshore.com\/wp-content\/uploads\/elementor\/thumbs\/header2-qcayhwbvi91rtx60cz445t4ewf6e7yxwxnbct4bjc0.jpg\",\"contentUrl\":\"https:\/\/tos-offshore.com\/wp-content\/uploads\/elementor\/thumbs\/header2-qcayhwbvi91rtx60cz445t4ewf6e7yxwxnbct4bjc0.jpg\"},{\"@type\":\"BreadcrumbList\",\"@id\":\"https:\/\/tos-offshore.com\/en\/?page_id=12108#breadcrumb\",\"itemListElement\":[{\"@type\":\"ListItem\",\"position\":1,\"name\":\"Home\",\"item\":\"https:\/\/tos-offshore.com\/en\/\"},{\"@type\":\"ListItem\",\"position\":2,\"name\":\"Productos\",\"item\":\"https:\/\/tos-offshore.com\/en\/products\/\"},{\"@type\":\"ListItem\",\"position\":3,\"name\":\"TELECOMUNICATIONES\"}]},{\"@type\":\"WebSite\",\"@id\":\"https:\/\/tos-offshore.com\/fr\/#website\",\"url\":\"https:\/\/tos-offshore.com\/fr\/\",\"name\":\"Technostrobe | Obstruction lights for tall towers in broadcasting, telecommunication, utilities and wind farm industries\",\"description\":\"\",\"potentialAction\":[{\"@type\":\"SearchAction\",\"target\":{\"@type\":\"EntryPoint\",\"urlTemplate\":\"https:\/\/tos-offshore.com\/fr\/?s={search_term_string}\"},\"query-input\":\"required name=search_term_string\"}],\"inLanguage\":\"es\"}]}<\/script>\n<!-- \/ Yoast SEO plugin. -->","yoast_head_json":{"title":"TELECOMUNICATIONES - Technostrobe | Fabricant de syst\u00e8mes de balisage lumineux pour les tours de radiodiffusion, de communications et de parc \u00e9oliens","description":"Technostrobe fabrique des syst\u00e8mes de balisage lumineux qui prot\u00e8gent les tours pr\u00e9sentant un danger potentiel pour la navigation a\u00e9rienne. Notre mission est d'offrir des solutions innovantes afin que nos clients b\u00e9n\u00e9ficient des technologies d'\u00e9clairage les plus efficaces et les plus fiables possible. Nous travaillons avec d\u00e9termination afin de servir nos clients dans les domaines de la radiodiffusion, des communications sans fil et des parcs \u00e9oliens.","robots":{"index":"index","follow":"follow","max-snippet":"max-snippet:-1","max-image-preview":"max-image-preview:large","max-video-preview":"max-video-preview:-1"},"canonical":"https:\/\/tos-offshore.com\/en\/?page_id=12108","og_locale":"es_ES","og_type":"article","og_title":"TELECOMUNICATIONES - Technostrobe | Fabricant de syst\u00e8mes de balisage lumineux pour les tours de radiodiffusion, de communications et de parc \u00e9oliens","og_description":"Technostrobe fabrique des syst\u00e8mes de balisage lumineux qui prot\u00e8gent les tours pr\u00e9sentant un danger potentiel pour la navigation a\u00e9rienne. Notre mission est d'offrir des solutions innovantes afin que nos clients b\u00e9n\u00e9ficient des technologies d'\u00e9clairage les plus efficaces et les plus fiables possible. Nous travaillons avec d\u00e9termination afin de servir nos clients dans les domaines de la radiodiffusion, des communications sans fil et des parcs \u00e9oliens.","og_url":"https:\/\/tos-offshore.com\/en\/?page_id=12108","og_site_name":"Technostrobe | Obstruction lights for tall towers in broadcasting, telecommunication, utilities and wind farm industries","article_modified_time":"2023-09-19T16:11:02+00:00","og_image":[{"url":"https:\/\/tos-offshore.com\/wp-content\/uploads\/elementor\/thumbs\/header2-qcayhwbvi91rtx60cz445t4ewf6e7yxwxnbct4bjc0.jpg"}],"twitter_card":"summary_large_image","twitter_misc":{"Tiempo de lectura":"1 minuto"},"schema":{"@context":"https:\/\/schema.org","@graph":[{"@type":"WebPage","@id":"https:\/\/tos-offshore.com\/en\/?page_id=12108","url":"https:\/\/tos-offshore.com\/en\/?page_id=12108","name":"TELECOMUNICATIONES - Technostrobe | Fabricant de syst\u00e8mes de balisage lumineux pour les tours de radiodiffusion, de communications et de parc \u00e9oliens","isPartOf":{"@id":"https:\/\/tos-offshore.com\/fr\/#website"},"primaryImageOfPage":{"@id":"https:\/\/tos-offshore.com\/en\/?page_id=12108#primaryimage"},"image":{"@id":"https:\/\/tos-offshore.com\/en\/?page_id=12108#primaryimage"},"thumbnailUrl":"https:\/\/tos-offshore.com\/wp-content\/uploads\/elementor\/thumbs\/header2-qcayhwbvi91rtx60cz445t4ewf6e7yxwxnbct4bjc0.jpg","datePublished":"2023-09-13T09:55:36+00:00","dateModified":"2023-09-19T16:11:02+00:00","description":"Technostrobe fabrique des syst\u00e8mes de balisage lumineux qui prot\u00e8gent les tours pr\u00e9sentant un danger potentiel pour la navigation a\u00e9rienne. Notre mission est d'offrir des solutions innovantes afin que nos clients b\u00e9n\u00e9ficient des technologies d'\u00e9clairage les plus efficaces et les plus fiables possible. Nous travaillons avec d\u00e9termination afin de servir nos clients dans les domaines de la radiodiffusion, des communications sans fil et des parcs \u00e9oliens.","breadcrumb":{"@id":"https:\/\/tos-offshore.com\/en\/?page_id=12108#breadcrumb"},"inLanguage":"es","potentialAction":[{"@type":"ReadAction","target":["https:\/\/tos-offshore.com\/en\/?page_id=12108"]}]},{"@type":"ImageObject","inLanguage":"es","@id":"https:\/\/tos-offshore.com\/en\/?page_id=12108#primaryimage","url":"https:\/\/tos-offshore.com\/wp-content\/uploads\/elementor\/thumbs\/header2-qcayhwbvi91rtx60cz445t4ewf6e7yxwxnbct4bjc0.jpg","contentUrl":"https:\/\/tos-offshore.com\/wp-content\/uploads\/elementor\/thumbs\/header2-qcayhwbvi91rtx60cz445t4ewf6e7yxwxnbct4bjc0.jpg"},{"@type":"BreadcrumbList","@id":"https:\/\/tos-offshore.com\/en\/?page_id=12108#breadcrumb","itemListElement":[{"@type":"ListItem","position":1,"name":"Home","item":"https:\/\/tos-offshore.com\/en\/"},{"@type":"ListItem","position":2,"name":"Productos","item":"https:\/\/tos-offshore.com\/en\/products\/"},{"@type":"ListItem","position":3,"name":"TELECOMUNICATIONES"}]},{"@type":"WebSite","@id":"https:\/\/tos-offshore.com\/fr\/#website","url":"https:\/\/tos-offshore.com\/fr\/","name":"Technostrobe | Obstruction lights for tall towers in broadcasting, telecommunication, utilities and wind farm industries","description":"","potentialAction":[{"@type":"SearchAction","target":{"@type":"EntryPoint","urlTemplate":"https:\/\/tos-offshore.com\/fr\/?s={search_term_string}"},"query-input":"required name=search_term_string"}],"inLanguage":"es"}]}},"_links":{"self":[{"href":"https:\/\/tos-offshore.com\/es\/wp-json\/wp\/v2\/pages\/12109","targetHints":{"allow":["GET"]}}],"collection":[{"href":"https:\/\/tos-offshore.com\/es\/wp-json\/wp\/v2\/pages"}],"about":[{"href":"https:\/\/tos-offshore.com\/es\/wp-json\/wp\/v2\/types\/page"}],"author":[{"embeddable":true,"href":"https:\/\/tos-offshore.com\/es\/wp-json\/wp\/v2\/users\/1"}],"replies":[{"embeddable":true,"href":"https:\/\/tos-offshore.com\/es\/wp-json\/wp\/v2\/comments?post=12109"}],"version-history":[{"count":14,"href":"https:\/\/tos-offshore.com\/es\/wp-json\/wp\/v2\/pages\/12109\/revisions"}],"predecessor-version":[{"id":13167,"href":"https:\/\/tos-offshore.com\/es\/wp-json\/wp\/v2\/pages\/12109\/revisions\/13167"}],"up":[{"embeddable":true,"href":"https:\/\/tos-offshore.com\/es\/wp-json\/wp\/v2\/pages\/11668"}],"wp:attachment":[{"href":"https:\/\/tos-offshore.com\/es\/wp-json\/wp\/v2\/media?parent=12109"}],"curies":[{"name":"wp","href":"https:\/\/api.w.org\/{rel}","templated":true}]}}