{"id":12123,"date":"2023-09-13T15:09:33","date_gmt":"2023-09-13T13:09:33","guid":{"rendered":"https:\/\/tos-offshore.com\/productos\/wind-industry\/offshore\/ito-navaids\/"},"modified":"2023-10-03T11:50:04","modified_gmt":"2023-10-03T09:50:04","slug":"ito-link","status":"publish","type":"page","link":"https:\/\/tos-offshore.com\/es\/productos\/parques-eolicos\/en-mar\/ito-link\/","title":{"rendered":"ITO Navaids"},"content":{"rendered":"\t\t<div data-elementor-type=\"wp-page\" data-elementor-id=\"12123\" class=\"elementor elementor-12123\">\n\t\t\t\t\t\t\t\t\t<section class=\" elementor-section elementor-top-section elementor-element elementor-element-1cdd1ee elementor-section-full_width elementor-section-height-default elementor-section-height-default\" data-id=\"1cdd1ee\" data-element_type=\"section\">\r\n\t\t\t\t\t\t\t\t<div class=\"elementor-container elementor-column-gap-default\">\r\n\t\t\t\t\r\n\t\t\t\t\t\t\t\t<div class=\" elementor-column elementor-col-100 elementor-top-column elementor-element elementor-element-f32c1b6 \" data-id=\"f32c1b6\" data-element_type=\"column\">\r\n\r\n\t\t\t\t\r\n\t\t\t\t<div class=\"elementor-widget-wrap elementor-element-populated\">\r\n\t\t\t\t\t\t\t\t\t\t\r\n\t\t\t\t\t\t<div class=\"elementor-element elementor-element-9f61c59 elementor-widget elementor-widget-text-editor\" data-id=\"9f61c59\" data-element_type=\"widget\" data-widget_type=\"text-editor.default\">\n\t\t\t\t<div class=\"elementor-widget-container\">\n\t\t\t<style>\/*! elementor - v3.16.0 - 09-10-2023 *\/\n.elementor-widget-text-editor.elementor-drop-cap-view-stacked .elementor-drop-cap{background-color:#69727d;color:#fff}.elementor-widget-text-editor.elementor-drop-cap-view-framed .elementor-drop-cap{color:#69727d;border:3px solid;background-color:transparent}.elementor-widget-text-editor:not(.elementor-drop-cap-view-default) .elementor-drop-cap{margin-top:8px}.elementor-widget-text-editor:not(.elementor-drop-cap-view-default) .elementor-drop-cap-letter{width:1em;height:1em}.elementor-widget-text-editor .elementor-drop-cap{float:left;text-align:center;line-height:1;font-size:50px}.elementor-widget-text-editor .elementor-drop-cap-letter{display:inline-block}<\/style>\t\t\t\t<p>ITO Navaids, una divisi\u00f3n de Technostrobe, es una empresa l\u00edder especializada en el dise\u00f1o, producci\u00f3n y mantenimiento de ayudas de navegaci\u00f3n a energ\u00eda solar en todo el mundo. Haciendo esfuerzos constantes por conseguir lo mejor en durabilidad y fiabilidad, nos aseguramos de que la seguridad sea primordial en todo lo que hacemos.\u00a0<\/p><p>La experiencia combinada de ambas empresas nos permite ofrecer una gama completa e integrada de soluciones de balizamiento de obst\u00e1culos para parques e\u00f3licos marinos. Adem\u00e1s, ahora somos capaces de sinergizar nuestra tecnolog\u00eda e I+D en segmentos complementarios en beneficio de nuestros clientes.<\/p>\t\t\t\t\t\t<\/div>\n\t\t\t\t<\/div>\n\t\t\t\t<div class=\"elementor-element elementor-element-0a9a7f7 elementor-widget elementor-widget-udesign_widget_button\" data-id=\"0a9a7f7\" data-element_type=\"widget\" data-widget_type=\"udesign_widget_button.default\">\n\t\t\t\t<div class=\"elementor-widget-container\">\n\t\t\t<a class=\"btn btn-md btn-ellipse btn-icon btn-icon-right btn-slide-right\" href=\"https:\/\/www.itonavaids.com\/\" target=\"_blank\" ><span >ITO Navaids<\/span><i class=\"fas fa-long-arrow-alt-right\"><\/i><\/a>\t\t<\/div>\n\t\t\t\t<\/div>\n\t\t\t\t<div class=\"elementor-element elementor-element-64244c5 elementor-widget elementor-widget-heading\" data-id=\"64244c5\" data-element_type=\"widget\" data-widget_type=\"heading.default\">\n\t\t\t\t<div class=\"elementor-widget-container\">\n\t\t\t<style>\/*! elementor - v3.16.0 - 09-10-2023 *\/\n.elementor-heading-title{padding:0;margin:0;line-height:1}.elementor-widget-heading .elementor-heading-title[class*=elementor-size-]>a{color:inherit;font-size:inherit;line-height:inherit}.elementor-widget-heading .elementor-heading-title.elementor-size-small{font-size:15px}.elementor-widget-heading .elementor-heading-title.elementor-size-medium{font-size:19px}.elementor-widget-heading .elementor-heading-title.elementor-size-large{font-size:29px}.elementor-widget-heading .elementor-heading-title.elementor-size-xl{font-size:39px}.elementor-widget-heading .elementor-heading-title.elementor-size-xxl{font-size:59px}<\/style><h3 class=\"elementor-heading-title elementor-size-default\">PROYECTOS RECIENTES \n\n<\/h3>\t\t<\/div>\n\t\t\t\t<\/div>\n\t\t\t\t<div class=\"elementor-element elementor-element-aed7cbd link-red elementor-widget elementor-widget-text-editor\" data-id=\"aed7cbd\" data-element_type=\"widget\" data-widget_type=\"text-editor.default\">\n\t\t\t\t<div class=\"elementor-widget-container\">\n\t\t\t\t\t\t\t<p>El Puente Champlain (Montreal, Canad\u00e1) es uno de los primeros proyectos que combina la tecnolog\u00eda de balizamiento de obst\u00e1culos dise\u00f1ada por Technostrobe con las ayudas de navegaci\u00f3n mar\u00edtima fabricadas por ITO Navaids.<br \/><a href=\"\/es\/noticias\" target=\"_blank\" rel=\"noopener\">Puente Champlain.<\/a><\/p>\t\t\t\t\t\t<\/div>\n\t\t\t\t<\/div>\n\t\t\t\t\t\t<\/div>\r\n\t\t\t\t<\/div>\r\n\t\t\t\t\t\t\t\t<\/div>\r\n\t\t\t<\/section>\r\n\t\t\t\t\t\t\t\t<\/div>\n\t\t","protected":false},"excerpt":{"rendered":"<p>ITO Navaids, una divisi\u00f3n de Technostrobe, es una empresa l\u00edder especializada en el dise\u00f1o, producci\u00f3n y mantenimiento de ayudas de navegaci\u00f3n a energ\u00eda solar en todo el mundo. Haciendo esfuerzos constantes por conseguir lo mejor en durabilidad y fiabilidad, nos aseguramos de que la seguridad sea primordial en todo lo que hacemos.\u00a0 La experiencia combinada [&hellip;]<\/p>\n","protected":false},"author":1,"featured_media":0,"parent":12121,"menu_order":0,"comment_status":"closed","ping_status":"closed","template":"modele-standard.php","meta":{"footnotes":""},"class_list":["post-12123","page","type-page","status-publish","hentry"],"yoast_head":"<!-- This site is optimized with the Yoast SEO plugin v22.5 - https:\/\/yoast.com\/wordpress\/plugins\/seo\/ -->\n<title>ITO Navaids - Technostrobe | Obstruction lights for tall towers in broadcasting, telecommunication, utilities and wind farm industries<\/title>\n<meta name=\"robots\" content=\"index, follow, max-snippet:-1, max-image-preview:large, max-video-preview:-1\" \/>\n<link rel=\"canonical\" href=\"https:\/\/tos-offshore.com\/en\/?page_id=12122\" \/>\n<meta property=\"og:locale\" content=\"es_ES\" \/>\n<meta property=\"og:type\" content=\"article\" \/>\n<meta property=\"og:title\" content=\"ITO Navaids - Technostrobe | Obstruction lights for tall towers in broadcasting, telecommunication, utilities and wind farm industries\" \/>\n<meta property=\"og:description\" content=\"ITO Navaids, una divisi\u00f3n de Technostrobe, es una empresa l\u00edder especializada en el dise\u00f1o, producci\u00f3n y mantenimiento de ayudas de navegaci\u00f3n a energ\u00eda solar en todo el mundo. Haciendo esfuerzos constantes por conseguir lo mejor en durabilidad y fiabilidad, nos aseguramos de que la seguridad sea primordial en todo lo que hacemos.\u00a0 La experiencia combinada [&hellip;]\" \/>\n<meta property=\"og:url\" content=\"https:\/\/tos-offshore.com\/en\/?page_id=12122\" \/>\n<meta property=\"og:site_name\" content=\"Technostrobe | Obstruction lights for tall towers in broadcasting, telecommunication, utilities and wind farm industries\" \/>\n<meta property=\"article:modified_time\" content=\"2023-10-03T09:50:04+00:00\" \/>\n<meta name=\"twitter:card\" content=\"summary_large_image\" \/>\n<meta name=\"twitter:label1\" content=\"Tiempo de lectura\" \/>\n\t<meta name=\"twitter:data1\" content=\"1 minuto\" \/>\n<script type=\"application\/ld+json\" class=\"yoast-schema-graph\">{\"@context\":\"https:\/\/schema.org\",\"@graph\":[{\"@type\":\"WebPage\",\"@id\":\"https:\/\/tos-offshore.com\/en\/?page_id=12122\",\"url\":\"https:\/\/tos-offshore.com\/en\/?page_id=12122\",\"name\":\"ITO Navaids - Technostrobe | Obstruction lights for tall towers in broadcasting, telecommunication, utilities and wind farm industries\",\"isPartOf\":{\"@id\":\"https:\/\/tos-offshore.com\/fr\/#website\"},\"datePublished\":\"2023-09-13T13:09:33+00:00\",\"dateModified\":\"2023-10-03T09:50:04+00:00\",\"breadcrumb\":{\"@id\":\"https:\/\/tos-offshore.com\/en\/?page_id=12122#breadcrumb\"},\"inLanguage\":\"es\",\"potentialAction\":[{\"@type\":\"ReadAction\",\"target\":[\"https:\/\/tos-offshore.com\/en\/?page_id=12122\"]}]},{\"@type\":\"BreadcrumbList\",\"@id\":\"https:\/\/tos-offshore.com\/en\/?page_id=12122#breadcrumb\",\"itemListElement\":[{\"@type\":\"ListItem\",\"position\":1,\"name\":\"Home\",\"item\":\"https:\/\/tos-offshore.com\/en\/\"},{\"@type\":\"ListItem\",\"position\":2,\"name\":\"Productos\",\"item\":\"https:\/\/tos-offshore.com\/en\/products\/\"},{\"@type\":\"ListItem\",\"position\":3,\"name\":\"PARQUES E\u00d3LICOS\",\"item\":\"https:\/\/tos-offshore.com\/en\/?page_id=12118\"},{\"@type\":\"ListItem\",\"position\":4,\"name\":\"En Mar\",\"item\":\"https:\/\/tos-offshore.com\/en\/?page_id=12120\"},{\"@type\":\"ListItem\",\"position\":5,\"name\":\"ITO Navaids\"}]},{\"@type\":\"WebSite\",\"@id\":\"https:\/\/tos-offshore.com\/fr\/#website\",\"url\":\"https:\/\/tos-offshore.com\/fr\/\",\"name\":\"Technostrobe | Obstruction lights for tall towers in broadcasting, telecommunication, utilities and wind farm industries\",\"description\":\"\",\"potentialAction\":[{\"@type\":\"SearchAction\",\"target\":{\"@type\":\"EntryPoint\",\"urlTemplate\":\"https:\/\/tos-offshore.com\/fr\/?s={search_term_string}\"},\"query-input\":\"required name=search_term_string\"}],\"inLanguage\":\"es\"}]}<\/script>\n<!-- \/ Yoast SEO plugin. -->","yoast_head_json":{"title":"ITO Navaids - Technostrobe | Obstruction lights for tall towers in broadcasting, telecommunication, utilities and wind farm industries","robots":{"index":"index","follow":"follow","max-snippet":"max-snippet:-1","max-image-preview":"max-image-preview:large","max-video-preview":"max-video-preview:-1"},"canonical":"https:\/\/tos-offshore.com\/en\/?page_id=12122","og_locale":"es_ES","og_type":"article","og_title":"ITO Navaids - Technostrobe | Obstruction lights for tall towers in broadcasting, telecommunication, utilities and wind farm industries","og_description":"ITO Navaids, una divisi\u00f3n de Technostrobe, es una empresa l\u00edder especializada en el dise\u00f1o, producci\u00f3n y mantenimiento de ayudas de navegaci\u00f3n a energ\u00eda solar en todo el mundo. Haciendo esfuerzos constantes por conseguir lo mejor en durabilidad y fiabilidad, nos aseguramos de que la seguridad sea primordial en todo lo que hacemos.\u00a0 La experiencia combinada [&hellip;]","og_url":"https:\/\/tos-offshore.com\/en\/?page_id=12122","og_site_name":"Technostrobe | Obstruction lights for tall towers in broadcasting, telecommunication, utilities and wind farm industries","article_modified_time":"2023-10-03T09:50:04+00:00","twitter_card":"summary_large_image","twitter_misc":{"Tiempo de lectura":"1 minuto"},"schema":{"@context":"https:\/\/schema.org","@graph":[{"@type":"WebPage","@id":"https:\/\/tos-offshore.com\/en\/?page_id=12122","url":"https:\/\/tos-offshore.com\/en\/?page_id=12122","name":"ITO Navaids - Technostrobe | Obstruction lights for tall towers in broadcasting, telecommunication, utilities and wind farm industries","isPartOf":{"@id":"https:\/\/tos-offshore.com\/fr\/#website"},"datePublished":"2023-09-13T13:09:33+00:00","dateModified":"2023-10-03T09:50:04+00:00","breadcrumb":{"@id":"https:\/\/tos-offshore.com\/en\/?page_id=12122#breadcrumb"},"inLanguage":"es","potentialAction":[{"@type":"ReadAction","target":["https:\/\/tos-offshore.com\/en\/?page_id=12122"]}]},{"@type":"BreadcrumbList","@id":"https:\/\/tos-offshore.com\/en\/?page_id=12122#breadcrumb","itemListElement":[{"@type":"ListItem","position":1,"name":"Home","item":"https:\/\/tos-offshore.com\/en\/"},{"@type":"ListItem","position":2,"name":"Productos","item":"https:\/\/tos-offshore.com\/en\/products\/"},{"@type":"ListItem","position":3,"name":"PARQUES E\u00d3LICOS","item":"https:\/\/tos-offshore.com\/en\/?page_id=12118"},{"@type":"ListItem","position":4,"name":"En Mar","item":"https:\/\/tos-offshore.com\/en\/?page_id=12120"},{"@type":"ListItem","position":5,"name":"ITO Navaids"}]},{"@type":"WebSite","@id":"https:\/\/tos-offshore.com\/fr\/#website","url":"https:\/\/tos-offshore.com\/fr\/","name":"Technostrobe | Obstruction lights for tall towers in broadcasting, telecommunication, utilities and wind farm industries","description":"","potentialAction":[{"@type":"SearchAction","target":{"@type":"EntryPoint","urlTemplate":"https:\/\/tos-offshore.com\/fr\/?s={search_term_string}"},"query-input":"required name=search_term_string"}],"inLanguage":"es"}]}},"_links":{"self":[{"href":"https:\/\/tos-offshore.com\/es\/wp-json\/wp\/v2\/pages\/12123","targetHints":{"allow":["GET"]}}],"collection":[{"href":"https:\/\/tos-offshore.com\/es\/wp-json\/wp\/v2\/pages"}],"about":[{"href":"https:\/\/tos-offshore.com\/es\/wp-json\/wp\/v2\/types\/page"}],"author":[{"embeddable":true,"href":"https:\/\/tos-offshore.com\/es\/wp-json\/wp\/v2\/users\/1"}],"replies":[{"embeddable":true,"href":"https:\/\/tos-offshore.com\/es\/wp-json\/wp\/v2\/comments?post=12123"}],"version-history":[{"count":7,"href":"https:\/\/tos-offshore.com\/es\/wp-json\/wp\/v2\/pages\/12123\/revisions"}],"predecessor-version":[{"id":14827,"href":"https:\/\/tos-offshore.com\/es\/wp-json\/wp\/v2\/pages\/12123\/revisions\/14827"}],"up":[{"embeddable":true,"href":"https:\/\/tos-offshore.com\/es\/wp-json\/wp\/v2\/pages\/12121"}],"wp:attachment":[{"href":"https:\/\/tos-offshore.com\/es\/wp-json\/wp\/v2\/media?parent=12123"}],"curies":[{"name":"wp","href":"https:\/\/api.w.org\/{rel}","templated":true}]}}