{"id":12553,"date":"2023-09-13T12:02:35","date_gmt":"2023-09-13T10:02:35","guid":{"rendered":"https:\/\/tos-offshore.com\/productos\/intensidad-media\/hybride-blanc-rouge\/"},"modified":"2023-10-02T18:38:43","modified_gmt":"2023-10-02T16:38:43","slug":"hybrid-diurno-nocturno","status":"publish","type":"page","link":"https:\/\/tos-offshore.com\/es\/productos\/intensidad-media\/hybrid-diurno-nocturno\/","title":{"rendered":"Hybrid (Diurno\/Nocturno)"},"content":{"rendered":"\t\t<div data-elementor-type=\"wp-page\" data-elementor-id=\"12553\" class=\"elementor elementor-12553\">\n\t\t\t\t\t\t\t\t\t<section class=\" elementor-section elementor-top-section elementor-element elementor-element-1cdd1ee elementor-section-full_width elementor-section-height-default elementor-section-height-default\" data-id=\"1cdd1ee\" data-element_type=\"section\">\r\n\t\t\t\t\t\t\t\t<div class=\"elementor-container elementor-column-gap-default\">\r\n\t\t\t\t\r\n\t\t\t\t\t\t\t\t<div class=\" elementor-column elementor-col-50 elementor-top-column elementor-element elementor-element-c12dc4f \" data-id=\"c12dc4f\" data-element_type=\"column\" data-settings=\"{&quot;background_background&quot;:&quot;classic&quot;}\">\r\n\r\n\t\t\t\t\r\n\t\t\t\t<div class=\"elementor-widget-wrap elementor-element-populated\">\r\n\t\t\t\t\t\t\t\t\t\t\r\n\t\t\t\t\t\t<div class=\"elementor-element elementor-element-f947caa elementor-widget elementor-widget-image\" data-id=\"f947caa\" data-element_type=\"widget\" data-settings=\"{&quot;_animation&quot;:&quot;none&quot;}\" data-widget_type=\"image.default\">\n\t\t\t\t<div class=\"elementor-widget-container\">\n\t\t\t<style>\/*! elementor - v3.16.0 - 09-10-2023 *\/\n.elementor-widget-image{text-align:center}.elementor-widget-image a{display:inline-block}.elementor-widget-image a img[src$=\".svg\"]{width:48px}.elementor-widget-image img{vertical-align:middle;display:inline-block}<\/style>\t\t\t\t\t\t\t\t\t\t\t\t<img decoding=\"async\" width=\"372\" height=\"270\" src=\"https:\/\/tos-offshore.com\/wp-content\/uploads\/2023\/09\/led-1.jpg\" class=\"attachment-large size-large wp-image-10303\" alt=\"\" \/>\t\t\t\t\t\t\t\t\t\t\t\t\t\t\t<\/div>\n\t\t\t\t<\/div>\n\t\t\t\t<div class=\"elementor-element elementor-element-c67b7ab elementor-widget elementor-widget-image\" data-id=\"c67b7ab\" data-element_type=\"widget\" data-settings=\"{&quot;_animation&quot;:&quot;none&quot;}\" data-widget_type=\"image.default\">\n\t\t\t\t<div class=\"elementor-widget-container\">\n\t\t\t\t\t\t\t\t\t\t\t\t\t\t\t<img decoding=\"async\" width=\"180\" height=\"235\" src=\"https:\/\/tos-offshore.com\/wp-content\/uploads\/2023\/09\/led-med-box.jpg\" class=\"attachment-large size-large wp-image-10296\" alt=\"\" \/>\t\t\t\t\t\t\t\t\t\t\t\t\t\t\t<\/div>\n\t\t\t\t<\/div>\n\t\t\t\t<div class=\"elementor-element elementor-element-d79fec3 elementor-widget elementor-widget-heading\" data-id=\"d79fec3\" data-element_type=\"widget\" data-widget_type=\"heading.default\">\n\t\t\t\t<div class=\"elementor-widget-container\">\n\t\t\t<style>\/*! elementor - v3.16.0 - 09-10-2023 *\/\n.elementor-heading-title{padding:0;margin:0;line-height:1}.elementor-widget-heading .elementor-heading-title[class*=elementor-size-]>a{color:inherit;font-size:inherit;line-height:inherit}.elementor-widget-heading .elementor-heading-title.elementor-size-small{font-size:15px}.elementor-widget-heading .elementor-heading-title.elementor-size-medium{font-size:19px}.elementor-widget-heading .elementor-heading-title.elementor-size-large{font-size:29px}.elementor-widget-heading .elementor-heading-title.elementor-size-xl{font-size:39px}.elementor-widget-heading .elementor-heading-title.elementor-size-xxl{font-size:59px}<\/style><h3 class=\"elementor-heading-title elementor-size-default\">CONFORME \u00c0\n<\/h3>\t\t<\/div>\n\t\t\t\t<\/div>\n\t\t\t\t<div class=\"elementor-element elementor-element-c5747fb elementor-widget elementor-widget-text-editor\" data-id=\"c5747fb\" data-element_type=\"widget\" data-widget_type=\"text-editor.default\">\n\t\t\t\t<div class=\"elementor-widget-container\">\n\t\t\t<style>\/*! elementor - v3.16.0 - 09-10-2023 *\/\n.elementor-widget-text-editor.elementor-drop-cap-view-stacked .elementor-drop-cap{background-color:#69727d;color:#fff}.elementor-widget-text-editor.elementor-drop-cap-view-framed .elementor-drop-cap{color:#69727d;border:3px solid;background-color:transparent}.elementor-widget-text-editor:not(.elementor-drop-cap-view-default) .elementor-drop-cap{margin-top:8px}.elementor-widget-text-editor:not(.elementor-drop-cap-view-default) .elementor-drop-cap-letter{width:1em;height:1em}.elementor-widget-text-editor .elementor-drop-cap{float:left;text-align:center;line-height:1;font-size:50px}.elementor-widget-text-editor .elementor-drop-cap-letter{display:inline-block}<\/style>\t\t\t\t<ul><li>Standard 621 :<\/li><\/ul><p><img decoding=\"async\" style=\"width: 50%;\" src=\"https:\/\/tos-offshore.com\/wp-content\/uploads\/2023\/09\/transport-canada.png\" \/><\/p><ul><li>ICAO &#8211; Medium Type B &amp; C<\/li><li>Conformidad con las normas de Mexico<\/li><li>CE<\/li><\/ul>\t\t\t\t\t\t<\/div>\n\t\t\t\t<\/div>\n\t\t\t\t<div class=\"elementor-element elementor-element-887e6fb elementor-widget elementor-widget-heading\" data-id=\"887e6fb\" data-element_type=\"widget\" data-widget_type=\"heading.default\">\n\t\t\t\t<div class=\"elementor-widget-container\">\n\t\t\t<h3 class=\"elementor-heading-title elementor-size-default\">HOMOLOGU\u00c9 PAR ETL POUR FAA\n<\/h3>\t\t<\/div>\n\t\t\t\t<\/div>\n\t\t\t\t<div class=\"elementor-element elementor-element-798f74e elementor-widget elementor-widget-text-editor\" data-id=\"798f74e\" data-element_type=\"widget\" data-widget_type=\"text-editor.default\">\n\t\t\t\t<div class=\"elementor-widget-container\">\n\t\t\t\t\t\t\t<ul><li>Homologu\u00e9 par ETL pour FAA AC 150\/5345-43J<\/li><li>CSA \/ UL<\/li><\/ul>\t\t\t\t\t\t<\/div>\n\t\t\t\t<\/div>\n\t\t\t\t\t\t<\/div>\r\n\t\t\t\t<\/div>\r\n\t\t\t\t\t\t\t\t\t<div class=\" elementor-column elementor-col-50 elementor-top-column elementor-element elementor-element-f32c1b6 \" data-id=\"f32c1b6\" data-element_type=\"column\">\r\n\r\n\t\t\t\t\r\n\t\t\t\t<div class=\"elementor-widget-wrap elementor-element-populated\">\r\n\t\t\t\t\t\t\t\t\t\t\r\n\t\t\t\t\t\t<section class=\" elementor-section elementor-inner-section elementor-element elementor-element-8b5ea4a elementor-section-boxed elementor-section-height-default elementor-section-height-default\" data-id=\"8b5ea4a\" data-element_type=\"section\">\r\n\t\t\t\t\t\t\t\t<div class=\"elementor-container elementor-column-gap-default\">\r\n\t\t\t\t\r\n\t\t\t\t\t\t\t\t<div class=\" elementor-column elementor-col-100 elementor-inner-column elementor-element elementor-element-bbfb458 \" data-id=\"bbfb458\" data-element_type=\"column\">\r\n\r\n\t\t\t\t\r\n\t\t\t\t<div class=\"elementor-widget-wrap elementor-element-populated\">\r\n\t\t\t\t\t\t\t\t\t\t\r\n\t\t\t\t\t\t<div class=\"elementor-element elementor-element-f211098 elementor-widget elementor-widget-heading\" data-id=\"f211098\" data-element_type=\"widget\" data-widget_type=\"heading.default\">\n\t\t\t\t<div class=\"elementor-widget-container\">\n\t\t\t<h2 class=\"elementor-heading-title elementor-size-default\">BALIZA A BASE DE DELS (DIURNO\/NOCTURNO)\n\n\n<\/h2>\t\t<\/div>\n\t\t\t\t<\/div>\n\t\t\t\t<div class=\"elementor-element elementor-element-28ab35c elementor-widget elementor-widget-heading\" data-id=\"28ab35c\" data-element_type=\"widget\" data-widget_type=\"heading.default\">\n\t\t\t\t<div class=\"elementor-widget-container\">\n\t\t\t<span class=\"elementor-heading-title elementor-size-default\">LED-B-HYBRID\n\n\n<\/span>\t\t<\/div>\n\t\t\t\t<\/div>\n\t\t\t\t\t\t<\/div>\r\n\t\t\t\t<\/div>\r\n\t\t\t\t\t\t\t\t<\/div>\r\n\t\t\t<\/section>\r\n\t\t\t\t\t<div class=\"elementor-element elementor-element-7d52c59 elementor-widget elementor-widget-heading\" data-id=\"7d52c59\" data-element_type=\"widget\" data-widget_type=\"heading.default\">\n\t\t\t\t<div class=\"elementor-widget-container\">\n\t\t\t<h3 class=\"elementor-heading-title elementor-size-default\">CARACTER\u00cdSTICAS\n<\/h3>\t\t<\/div>\n\t\t\t\t<\/div>\n\t\t\t\t<div class=\"elementor-element elementor-element-8f2a8d8 elementor-widget elementor-widget-text-editor\" data-id=\"8f2a8d8\" data-element_type=\"widget\" data-widget_type=\"text-editor.default\">\n\t\t\t\t<div class=\"elementor-widget-container\">\n\t\t\t\t\t\t\t<ul><li>Dise\u00f1o \u00f3ptico para reducir las perturbaciones terrestres<\/li><li>10 a\u00f1os de durabilidad<\/li><li>Salida de energ\u00eda luminosa muy estable, independiente de la fluctuaci\u00f3n de la tensi\u00f3n<\/li><li>Di\u00e1metro est\u00e1ndar del perno: 13 \u00bc\u201d<\/li><li>El controlador y la fuente de alimentaci\u00f3n est\u00e1n alojados en una caja separada, fuera de la unidad luminosa<\/li><li>Protecci\u00f3n contra rayos clase 1, 2 y 3<\/li><li>Modo Infrarrojo inclusivo<\/li><\/ul>\t\t\t\t\t\t<\/div>\n\t\t\t\t<\/div>\n\t\t\t\t<div class=\"elementor-element elementor-element-64244c5 elementor-widget elementor-widget-heading\" data-id=\"64244c5\" data-element_type=\"widget\" data-widget_type=\"heading.default\">\n\t\t\t\t<div class=\"elementor-widget-container\">\n\t\t\t<h3 class=\"elementor-heading-title elementor-size-default\">ESPECIFICACIONES\n<\/h3>\t\t<\/div>\n\t\t\t\t<\/div>\n\t\t\t\t<div class=\"elementor-element elementor-element-4f4b294 elementor-widget elementor-widget-html\" data-id=\"4f4b294\" data-element_type=\"widget\" data-widget_type=\"html.default\">\n\t\t\t\t<div class=\"elementor-widget-container\">\n\t\t\t<table border=\"0\" cellspacing=\"0\" cellpadding=\"0\">\n<tbody>\n<tr>\n<td>\n<h5>Salida luminosa<\/h5>\n<\/td>\n<td>&nbsp;<\/td>\n<\/tr>\n<tr>\n<td>Tipo de l\u00e1mpara<\/td>\n<td>DEL<\/td>\n<\/tr>\n<tr>\n<td>Color de la luz<\/td>\n<td>Blanco y rojo<\/td>\n<\/tr>\n<tr>\n<td>Intensidad efectiva<\/td>\n<td>\n<p>20Kcd diurno, <br>2Kcd nocturno; \u00b125%.<\/p>\n<\/td>\n<\/tr>\n<tr>\n<td>\u00c1ngulo de cobertura horizontal<\/td>\n<td>360\u00b0<\/td>\n<\/tr>\n<tr>\n<td>\u00c1ngulo vertical del haz<\/td>\n<td>3\u00b0<\/td>\n<\/tr>\n<tr>\n<td>Vida nominal de una l\u00e1mpara<\/td>\n<td>10 a\u00f1os y m\u00e1s<\/td>\n<\/tr>\n<tr>\n<td>\n<h5>Especificaciones el\u00e9ctricas<\/h5>\n<\/td>\n<td>&nbsp;<\/td>\n<\/tr>\n<tr>\n<td>Potencia el\u00e9ctrica<\/td>\n<td>60 W diurno \/ 20 W nocturno<\/td>\n<\/tr>\n<tr>\n<td>Alimentaci\u00f3n el\u00e9ctrica<\/td>\n<td>120\/240 Vac&nbsp; 50\/60hz&nbsp;<\/td>\n<\/tr>\n<tr>\n<td>\n<h5>Caracter\u00edsticas mec\u00e1nicas<\/h5>\n<\/td>\n<td>&nbsp;<\/td>\n<\/tr>\n<tr>\n<td>Peso<\/td>\n<td>8 Kg (18 lbs)<\/td>\n<\/tr>\n<tr>\n<td>\n<p>Dimensiones <br>(di\u00e1metro. x altura)<\/p>\n<\/td>\n<td>48,1 cm x 35.5 cm<br> (19\u201d x 14\u201d)<\/td>\n<\/tr>\n<tr>\n<td>Peso del controlador<\/td>\n<td>11.3 Kg (25 lbs)<\/td>\n<\/tr>\n<tr>\n<td>Dimensi\u00f3n del controlador<\/td>\n<td>381mm x 444mm x 211mm<br> (15\u201d x 17.5\u201d x 8.3\u201d)<\/td>\n<\/tr>\n<tr>\n<td>\n<h5>Otras caracter\u00edsticas<\/h5>\n<\/td>\n<td>&nbsp;<\/td>\n<\/tr>\n<tr>\n<td>Tipo FAA<\/td>\n<td>L-865 \/ L-864<\/td>\n<\/tr>\n<tr>\n<td>Transporte Canad\u00e1 (tipo)<\/td>\n<td>CL-865 \/ CL-864<\/td>\n<\/tr>\n<tr>\n<td>\n<p>Temperatura de funcionamiento<\/p>\n<\/td>\n<td>-40\u00b0C a 55\u00b0C \/&nbsp;(-40\u00b0F a 131\u00b0F)<\/td>\n<\/tr>\n<tr>\n<td>Garant\u00eda<\/td>\n<td>5 a\u00f1os<\/td>\n<\/tr>\n<\/tbody>\n<\/table>\t\t<\/div>\n\t\t\t\t<\/div>\n\t\t\t\t<section class=\" elementor-section elementor-inner-section elementor-element elementor-element-d92fcd0 elementor-section-boxed elementor-section-height-default elementor-section-height-default\" data-id=\"d92fcd0\" data-element_type=\"section\">\r\n\t\t\t\t\t\t\t\t<div class=\"elementor-container elementor-column-gap-default\">\r\n\t\t\t\t\r\n\t\t\t\t\t\t\t\t<div class=\" elementor-column elementor-col-50 elementor-inner-column elementor-element elementor-element-063d426 \" data-id=\"063d426\" data-element_type=\"column\">\r\n\r\n\t\t\t\t\r\n\t\t\t\t<div class=\"elementor-widget-wrap elementor-element-populated\">\r\n\t\t\t\t\t\t\t\t\t\t\r\n\t\t\t\t\t\t<div class=\"elementor-element elementor-element-c205909 elementor-widget elementor-widget-heading\" data-id=\"c205909\" data-element_type=\"widget\" data-widget_type=\"heading.default\">\n\t\t\t\t<div class=\"elementor-widget-container\">\n\t\t\t<h3 class=\"elementor-heading-title elementor-size-default\">DOCUMENTO\n\n<\/h3>\t\t<\/div>\n\t\t\t\t<\/div>\n\t\t\t\t<div class=\"elementor-element elementor-element-db311c3 elementor-view-default elementor-position-top elementor-mobile-position-top elementor-widget elementor-widget-icon-box\" data-id=\"db311c3\" data-element_type=\"widget\" data-widget_type=\"icon-box.default\">\n\t\t\t\t<div class=\"elementor-widget-container\">\n\t\t\t<link rel=\"stylesheet\" href=\"https:\/\/tos-offshore.com\/wp-content\/uploads\/elementor\/css\/custom-widget-icon-box.min.css?ver=1714086923\">\t\t<div class=\"elementor-icon-box-wrapper\">\n\t\t\t\t\t\t<div class=\"elementor-icon-box-icon\">\n\t\t\t\t<a href=\"https:\/\/tos-offshore.com\/wp-content\/uploads\/2023\/09\/S-LED-B-Hybrid_G5_MAJ2020-1.pdf\" target=\"_blank\" class=\"elementor-icon elementor-animation-\" tabindex=\"-1\">\n\t\t\t\t<i aria-hidden=\"true\" class=\"far fa-file-pdf\"><\/i>\t\t\t\t<\/a>\n\t\t\t<\/div>\n\t\t\t\t\t\t<div class=\"elementor-icon-box-content\">\n\t\t\t\t<span class=\"elementor-icon-box-title\">\n\t\t\t\t\t<a href=\"https:\/\/tos-offshore.com\/wp-content\/uploads\/2023\/09\/S-LED-B-Hybrid_G5_MAJ2020-1.pdf\" target=\"_blank\" >\n\t\t\t\t\t\tEXPEDIENTE T\u00c9CNICO\t\t\t\t\t<\/a>\n\t\t\t\t<\/span>\n\t\t\t\t\t\t\t<\/div>\n\t\t<\/div>\n\t\t\t\t<\/div>\n\t\t\t\t<\/div>\n\t\t\t\t\t\t<\/div>\r\n\t\t\t\t<\/div>\r\n\t\t\t\t\t\t\t\t\t<div class=\" elementor-column elementor-col-50 elementor-inner-column elementor-element elementor-element-362b47a \" data-id=\"362b47a\" data-element_type=\"column\">\r\n\r\n\t\t\t\t\r\n\t\t\t\t<div class=\"elementor-widget-wrap elementor-element-populated\">\r\n\t\t\t\t\t\t\t\t\t\t\r\n\t\t\t\t\t\t<div class=\"elementor-element elementor-element-a900ad7 elementor-widget elementor-widget-heading\" data-id=\"a900ad7\" data-element_type=\"widget\" data-widget_type=\"heading.default\">\n\t\t\t\t<div class=\"elementor-widget-container\">\n\t\t\t<h3 class=\"elementor-heading-title elementor-size-default\">DESIGN GUIDELINES\n\n<\/h3>\t\t<\/div>\n\t\t\t\t<\/div>\n\t\t\t\t<div class=\"elementor-element elementor-element-d913107 elementor-view-default elementor-position-top elementor-mobile-position-top elementor-widget elementor-widget-icon-box\" data-id=\"d913107\" data-element_type=\"widget\" data-widget_type=\"icon-box.default\">\n\t\t\t\t<div class=\"elementor-widget-container\">\n\t\t\t\t\t<div class=\"elementor-icon-box-wrapper\">\n\t\t\t\t\t\t<div class=\"elementor-icon-box-icon\">\n\t\t\t\t<a href=\"\/es\/normas\/design-guidelines\/guide-de-balisage-ensemble-e\" class=\"elementor-icon elementor-animation-\" tabindex=\"-1\">\n\t\t\t\t<i aria-hidden=\"true\" class=\"far fa-file-alt\"><\/i>\t\t\t\t<\/a>\n\t\t\t<\/div>\n\t\t\t\t\t\t<div class=\"elementor-icon-box-content\">\n\t\t\t\t<span class=\"elementor-icon-box-title\">\n\t\t\t\t\t<a href=\"\/es\/normas\/design-guidelines\/guide-de-balisage-ensemble-e\" >\n\t\t\t\t\t\tGuia de balizamiento E \t\t\t\t\t<\/a>\n\t\t\t\t<\/span>\n\t\t\t\t\t\t\t<\/div>\n\t\t<\/div>\n\t\t\t\t<\/div>\n\t\t\t\t<\/div>\n\t\t\t\t\t\t<\/div>\r\n\t\t\t\t<\/div>\r\n\t\t\t\t\t\t\t\t<\/div>\r\n\t\t\t<\/section>\r\n\t\t\t\t\t\t\t<\/div>\r\n\t\t\t\t<\/div>\r\n\t\t\t\t\t\t\t\t<\/div>\r\n\t\t\t<\/section>\r\n\t\t\t\t\t\t\t\t<\/div>\n\t\t","protected":false},"excerpt":{"rendered":"<p>CONFORME \u00c0 Standard 621 : ICAO &#8211; Medium Type B &amp; C Conformidad con las normas de Mexico CE HOMOLOGU\u00c9 PAR ETL POUR FAA Homologu\u00e9 par ETL pour FAA AC 150\/5345-43J CSA \/ UL BALIZA A BASE DE DELS (DIURNO\/NOCTURNO) LED-B-HYBRID CARACTER\u00cdSTICAS Dise\u00f1o \u00f3ptico para reducir las perturbaciones terrestres 10 a\u00f1os de durabilidad Salida de [&hellip;]<\/p>\n","protected":false},"author":1,"featured_media":0,"parent":11868,"menu_order":0,"comment_status":"closed","ping_status":"closed","template":"modele-standard.php","meta":{"footnotes":""},"class_list":["post-12553","page","type-page","status-publish","hentry"],"yoast_head":"<!-- This site is optimized with the Yoast SEO plugin v22.5 - https:\/\/yoast.com\/wordpress\/plugins\/seo\/ -->\n<title>Hybrid (Diurno\/Nocturno) - Technostrobe | Obstruction lights for tall towers in broadcasting, telecommunication, utilities and wind farm industries<\/title>\n<meta name=\"robots\" content=\"index, follow, max-snippet:-1, max-image-preview:large, max-video-preview:-1\" \/>\n<link rel=\"canonical\" href=\"https:\/\/tos-offshore.com\/en\/?page_id=12552\" \/>\n<meta property=\"og:locale\" content=\"es_ES\" \/>\n<meta property=\"og:type\" content=\"article\" \/>\n<meta property=\"og:title\" content=\"Hybrid (Diurno\/Nocturno) - Technostrobe | Obstruction lights for tall towers in broadcasting, telecommunication, utilities and wind farm industries\" \/>\n<meta property=\"og:description\" content=\"CONFORME \u00c0 Standard 621 : ICAO &#8211; Medium Type B &amp; C Conformidad con las normas de Mexico CE HOMOLOGU\u00c9 PAR ETL POUR FAA Homologu\u00e9 par ETL pour FAA AC 150\/5345-43J CSA \/ UL BALIZA A BASE DE DELS (DIURNO\/NOCTURNO) LED-B-HYBRID CARACTER\u00cdSTICAS Dise\u00f1o \u00f3ptico para reducir las perturbaciones terrestres 10 a\u00f1os de durabilidad Salida de [&hellip;]\" \/>\n<meta property=\"og:url\" content=\"https:\/\/tos-offshore.com\/en\/?page_id=12552\" \/>\n<meta property=\"og:site_name\" content=\"Technostrobe | Obstruction lights for tall towers in broadcasting, telecommunication, utilities and wind farm industries\" \/>\n<meta property=\"article:modified_time\" content=\"2023-10-02T16:38:43+00:00\" \/>\n<meta property=\"og:image\" content=\"https:\/\/tos-offshore.com\/wp-content\/uploads\/2023\/09\/led-1.jpg\" \/>\n<meta name=\"twitter:card\" content=\"summary_large_image\" \/>\n<meta name=\"twitter:label1\" content=\"Tiempo de lectura\" \/>\n\t<meta name=\"twitter:data1\" content=\"2 minutos\" \/>\n<script type=\"application\/ld+json\" class=\"yoast-schema-graph\">{\"@context\":\"https:\/\/schema.org\",\"@graph\":[{\"@type\":\"WebPage\",\"@id\":\"https:\/\/tos-offshore.com\/en\/?page_id=12552\",\"url\":\"https:\/\/tos-offshore.com\/en\/?page_id=12552\",\"name\":\"Hybrid (Diurno\/Nocturno) - Technostrobe | Obstruction lights for tall towers in broadcasting, telecommunication, utilities and wind farm industries\",\"isPartOf\":{\"@id\":\"https:\/\/tos-offshore.com\/fr\/#website\"},\"primaryImageOfPage\":{\"@id\":\"https:\/\/tos-offshore.com\/en\/?page_id=12552#primaryimage\"},\"image\":{\"@id\":\"https:\/\/tos-offshore.com\/en\/?page_id=12552#primaryimage\"},\"thumbnailUrl\":\"https:\/\/tos-offshore.com\/wp-content\/uploads\/2023\/09\/led-1.jpg\",\"datePublished\":\"2023-09-13T10:02:35+00:00\",\"dateModified\":\"2023-10-02T16:38:43+00:00\",\"breadcrumb\":{\"@id\":\"https:\/\/tos-offshore.com\/en\/?page_id=12552#breadcrumb\"},\"inLanguage\":\"es\",\"potentialAction\":[{\"@type\":\"ReadAction\",\"target\":[\"https:\/\/tos-offshore.com\/en\/?page_id=12552\"]}]},{\"@type\":\"ImageObject\",\"inLanguage\":\"es\",\"@id\":\"https:\/\/tos-offshore.com\/en\/?page_id=12552#primaryimage\",\"url\":\"https:\/\/tos-offshore.com\/wp-content\/uploads\/2023\/09\/led-1.jpg\",\"contentUrl\":\"https:\/\/tos-offshore.com\/wp-content\/uploads\/2023\/09\/led-1.jpg\"},{\"@type\":\"BreadcrumbList\",\"@id\":\"https:\/\/tos-offshore.com\/en\/?page_id=12552#breadcrumb\",\"itemListElement\":[{\"@type\":\"ListItem\",\"position\":1,\"name\":\"Home\",\"item\":\"https:\/\/tos-offshore.com\/en\/\"},{\"@type\":\"ListItem\",\"position\":2,\"name\":\"Productos\",\"item\":\"https:\/\/tos-offshore.com\/en\/products\/\"},{\"@type\":\"ListItem\",\"position\":3,\"name\":\"INTENSIDAD MEDIA\",\"item\":\"https:\/\/tos-offshore.com\/en\/?page_id=11867\"},{\"@type\":\"ListItem\",\"position\":4,\"name\":\"Hybrid (Diurno\/Nocturno)\"}]},{\"@type\":\"WebSite\",\"@id\":\"https:\/\/tos-offshore.com\/fr\/#website\",\"url\":\"https:\/\/tos-offshore.com\/fr\/\",\"name\":\"Technostrobe | Obstruction lights for tall towers in broadcasting, telecommunication, utilities and wind farm industries\",\"description\":\"\",\"potentialAction\":[{\"@type\":\"SearchAction\",\"target\":{\"@type\":\"EntryPoint\",\"urlTemplate\":\"https:\/\/tos-offshore.com\/fr\/?s={search_term_string}\"},\"query-input\":\"required name=search_term_string\"}],\"inLanguage\":\"es\"}]}<\/script>\n<!-- \/ Yoast SEO plugin. -->","yoast_head_json":{"title":"Hybrid (Diurno\/Nocturno) - Technostrobe | Obstruction lights for tall towers in broadcasting, telecommunication, utilities and wind farm industries","robots":{"index":"index","follow":"follow","max-snippet":"max-snippet:-1","max-image-preview":"max-image-preview:large","max-video-preview":"max-video-preview:-1"},"canonical":"https:\/\/tos-offshore.com\/en\/?page_id=12552","og_locale":"es_ES","og_type":"article","og_title":"Hybrid (Diurno\/Nocturno) - Technostrobe | Obstruction lights for tall towers in broadcasting, telecommunication, utilities and wind farm industries","og_description":"CONFORME \u00c0 Standard 621 : ICAO &#8211; Medium Type B &amp; C Conformidad con las normas de Mexico CE HOMOLOGU\u00c9 PAR ETL POUR FAA Homologu\u00e9 par ETL pour FAA AC 150\/5345-43J CSA \/ UL BALIZA A BASE DE DELS (DIURNO\/NOCTURNO) LED-B-HYBRID CARACTER\u00cdSTICAS Dise\u00f1o \u00f3ptico para reducir las perturbaciones terrestres 10 a\u00f1os de durabilidad Salida de [&hellip;]","og_url":"https:\/\/tos-offshore.com\/en\/?page_id=12552","og_site_name":"Technostrobe | Obstruction lights for tall towers in broadcasting, telecommunication, utilities and wind farm industries","article_modified_time":"2023-10-02T16:38:43+00:00","og_image":[{"url":"https:\/\/tos-offshore.com\/wp-content\/uploads\/2023\/09\/led-1.jpg"}],"twitter_card":"summary_large_image","twitter_misc":{"Tiempo de lectura":"2 minutos"},"schema":{"@context":"https:\/\/schema.org","@graph":[{"@type":"WebPage","@id":"https:\/\/tos-offshore.com\/en\/?page_id=12552","url":"https:\/\/tos-offshore.com\/en\/?page_id=12552","name":"Hybrid (Diurno\/Nocturno) - Technostrobe | Obstruction lights for tall towers in broadcasting, telecommunication, utilities and wind farm industries","isPartOf":{"@id":"https:\/\/tos-offshore.com\/fr\/#website"},"primaryImageOfPage":{"@id":"https:\/\/tos-offshore.com\/en\/?page_id=12552#primaryimage"},"image":{"@id":"https:\/\/tos-offshore.com\/en\/?page_id=12552#primaryimage"},"thumbnailUrl":"https:\/\/tos-offshore.com\/wp-content\/uploads\/2023\/09\/led-1.jpg","datePublished":"2023-09-13T10:02:35+00:00","dateModified":"2023-10-02T16:38:43+00:00","breadcrumb":{"@id":"https:\/\/tos-offshore.com\/en\/?page_id=12552#breadcrumb"},"inLanguage":"es","potentialAction":[{"@type":"ReadAction","target":["https:\/\/tos-offshore.com\/en\/?page_id=12552"]}]},{"@type":"ImageObject","inLanguage":"es","@id":"https:\/\/tos-offshore.com\/en\/?page_id=12552#primaryimage","url":"https:\/\/tos-offshore.com\/wp-content\/uploads\/2023\/09\/led-1.jpg","contentUrl":"https:\/\/tos-offshore.com\/wp-content\/uploads\/2023\/09\/led-1.jpg"},{"@type":"BreadcrumbList","@id":"https:\/\/tos-offshore.com\/en\/?page_id=12552#breadcrumb","itemListElement":[{"@type":"ListItem","position":1,"name":"Home","item":"https:\/\/tos-offshore.com\/en\/"},{"@type":"ListItem","position":2,"name":"Productos","item":"https:\/\/tos-offshore.com\/en\/products\/"},{"@type":"ListItem","position":3,"name":"INTENSIDAD MEDIA","item":"https:\/\/tos-offshore.com\/en\/?page_id=11867"},{"@type":"ListItem","position":4,"name":"Hybrid (Diurno\/Nocturno)"}]},{"@type":"WebSite","@id":"https:\/\/tos-offshore.com\/fr\/#website","url":"https:\/\/tos-offshore.com\/fr\/","name":"Technostrobe | Obstruction lights for tall towers in broadcasting, telecommunication, utilities and wind farm industries","description":"","potentialAction":[{"@type":"SearchAction","target":{"@type":"EntryPoint","urlTemplate":"https:\/\/tos-offshore.com\/fr\/?s={search_term_string}"},"query-input":"required name=search_term_string"}],"inLanguage":"es"}]}},"_links":{"self":[{"href":"https:\/\/tos-offshore.com\/es\/wp-json\/wp\/v2\/pages\/12553","targetHints":{"allow":["GET"]}}],"collection":[{"href":"https:\/\/tos-offshore.com\/es\/wp-json\/wp\/v2\/pages"}],"about":[{"href":"https:\/\/tos-offshore.com\/es\/wp-json\/wp\/v2\/types\/page"}],"author":[{"embeddable":true,"href":"https:\/\/tos-offshore.com\/es\/wp-json\/wp\/v2\/users\/1"}],"replies":[{"embeddable":true,"href":"https:\/\/tos-offshore.com\/es\/wp-json\/wp\/v2\/comments?post=12553"}],"version-history":[{"count":8,"href":"https:\/\/tos-offshore.com\/es\/wp-json\/wp\/v2\/pages\/12553\/revisions"}],"predecessor-version":[{"id":14794,"href":"https:\/\/tos-offshore.com\/es\/wp-json\/wp\/v2\/pages\/12553\/revisions\/14794"}],"up":[{"embeddable":true,"href":"https:\/\/tos-offshore.com\/es\/wp-json\/wp\/v2\/pages\/11868"}],"wp:attachment":[{"href":"https:\/\/tos-offshore.com\/es\/wp-json\/wp\/v2\/media?parent=12553"}],"curies":[{"name":"wp","href":"https:\/\/api.w.org\/{rel}","templated":true}]}}