{"id":13796,"date":"2023-09-22T15:48:22","date_gmt":"2023-09-22T13:48:22","guid":{"rendered":"https:\/\/tos-offshore.com\/productos\/parques-eolicos\/lighting-mitigation\/"},"modified":"2023-09-22T15:55:09","modified_gmt":"2023-09-22T13:55:09","slug":"mitigacion-de-iluminacion","status":"publish","type":"page","link":"https:\/\/tos-offshore.com\/es\/productos\/parques-eolicos\/mitigacion-de-iluminacion\/","title":{"rendered":"Mitigaci\u00f3n de iluminaci\u00f3n"},"content":{"rendered":"\t\t<div data-elementor-type=\"wp-page\" data-elementor-id=\"13796\" class=\"elementor elementor-13796\">\n\t\t\t\t\t\t\t\t\t<section class=\" elementor-section elementor-top-section elementor-element elementor-element-df260f2 elementor-section-full_width elementor-section-height-default elementor-section-height-default\" data-id=\"df260f2\" data-element_type=\"section\">\r\n\t\t\t\t\t\t\t\t<div class=\"elementor-container elementor-column-gap-default\">\r\n\t\t\t\t\r\n\t\t\t\t\t\t\t\t<div class=\" elementor-column elementor-col-100 elementor-top-column elementor-element elementor-element-fb731dc \" data-id=\"fb731dc\" data-element_type=\"column\">\r\n\r\n\t\t\t\t\r\n\t\t\t\t<div class=\"elementor-widget-wrap elementor-element-populated\">\r\n\t\t\t\t\t\t\t\t\t\t\r\n\t\t\t\t\t\t<section class=\" elementor-section elementor-inner-section elementor-element elementor-element-b1d1018 elementor-section-boxed elementor-section-height-default elementor-section-height-default\" data-id=\"b1d1018\" data-element_type=\"section\">\r\n\t\t\t\t\t\t\t\t<div class=\"elementor-container elementor-column-gap-default\">\r\n\t\t\t\t\r\n\t\t\t\t\t\t\t\t<div class=\" elementor-column elementor-col-50 elementor-inner-column elementor-element elementor-element-5e24712 \" data-id=\"5e24712\" data-element_type=\"column\">\r\n\r\n\t\t\t\t\r\n\t\t\t\t<div class=\"elementor-widget-wrap elementor-element-populated\">\r\n\t\t\t\t\t\t\t\t\t\t\r\n\t\t\t\t\t\t<div class=\"elementor-element elementor-element-509d8c3 elementor-widget elementor-widget-image\" data-id=\"509d8c3\" data-element_type=\"widget\" data-widget_type=\"image.default\">\n\t\t\t\t<div class=\"elementor-widget-container\">\n\t\t\t<style>\/*! elementor - v3.16.0 - 09-10-2023 *\/\n.elementor-widget-image{text-align:center}.elementor-widget-image a{display:inline-block}.elementor-widget-image a img[src$=\".svg\"]{width:48px}.elementor-widget-image img{vertical-align:middle;display:inline-block}<\/style>\t\t\t\t\t\t\t\t\t\t\t\t<img decoding=\"async\" width=\"1024\" height=\"683\" src=\"https:\/\/tos-offshore.com\/wp-content\/uploads\/2023\/09\/Parc-Eolien-Mont-Ste-Marguerite-LIDS-Technostrobe-1024x683.jpg\" class=\"attachment-large size-large wp-image-13789\" alt=\"\" srcset=\"https:\/\/tos-offshore.com\/wp-content\/uploads\/2023\/09\/Parc-Eolien-Mont-Ste-Marguerite-LIDS-Technostrobe-1024x683.jpg 1024w, https:\/\/tos-offshore.com\/wp-content\/uploads\/2023\/09\/Parc-Eolien-Mont-Ste-Marguerite-LIDS-Technostrobe-768x512.jpg 768w\" sizes=\"(max-width: 1024px) 100vw, 1024px\" \/>\t\t\t\t\t\t\t\t\t\t\t\t\t\t\t<\/div>\n\t\t\t\t<\/div>\n\t\t\t\t\t\t<\/div>\r\n\t\t\t\t<\/div>\r\n\t\t\t\t\t\t\t\t\t<div class=\" elementor-column elementor-col-50 elementor-inner-column elementor-element elementor-element-92b8556 \" data-id=\"92b8556\" data-element_type=\"column\">\r\n\r\n\t\t\t\t\r\n\t\t\t\t<div class=\"elementor-widget-wrap elementor-element-populated\">\r\n\t\t\t\t\t\t\t\t\t\t\r\n\t\t\t\t\t\t<div class=\"elementor-element elementor-element-67268e9 elementor-widget elementor-widget-text-editor\" data-id=\"67268e9\" data-element_type=\"widget\" data-widget_type=\"text-editor.default\">\n\t\t\t\t<div class=\"elementor-widget-container\">\n\t\t\t<style>\/*! elementor - v3.16.0 - 09-10-2023 *\/\n.elementor-widget-text-editor.elementor-drop-cap-view-stacked .elementor-drop-cap{background-color:#69727d;color:#fff}.elementor-widget-text-editor.elementor-drop-cap-view-framed .elementor-drop-cap{color:#69727d;border:3px solid;background-color:transparent}.elementor-widget-text-editor:not(.elementor-drop-cap-view-default) .elementor-drop-cap{margin-top:8px}.elementor-widget-text-editor:not(.elementor-drop-cap-view-default) .elementor-drop-cap-letter{width:1em;height:1em}.elementor-widget-text-editor .elementor-drop-cap{float:left;text-align:center;line-height:1;font-size:50px}.elementor-widget-text-editor .elementor-drop-cap-letter{display:inline-block}<\/style>\t\t\t\t<p>Los sistemas de balizamiento de obst\u00e0culos en parques e\u00f3licos son necesarios para la seguridad de los pilotos y pasajeros.<\/p><p>Gracias a la tecnolog\u00eda LIDS\u2122\u00a0(Soluci\u00f3n de Atenuaci\u00f3n de la Intensidad Luminosa), la intensidad de la luz puede ajustarse para adaptarla a la visibilidad del entorno.\u00a0<\/p><p>ADLS, una soluci\u00f3n basada en el radar, enciende las luces a toda potencia s\u00f3lo cuando se ve un avi\u00f3n en las cercan\u00edas del parque e\u00f3lico. Technostrobe fabrica Lighting Managers para controlar ambos tipos de soluciones y documentar el correcto estado de funcionamiento de los sistemas.<\/p>\t\t\t\t\t\t<\/div>\n\t\t\t\t<\/div>\n\t\t\t\t\t\t<\/div>\r\n\t\t\t\t<\/div>\r\n\t\t\t\t\t\t\t\t<\/div>\r\n\t\t\t<\/section>\r\n\t\t\t\t\t\t\t<\/div>\r\n\t\t\t\t<\/div>\r\n\t\t\t\t\t\t\t\t<\/div>\r\n\t\t\t<\/section>\r\n\t\t\t\t\t\t\t\t<\/div>\n\t\t","protected":false},"excerpt":{"rendered":"<p>Los sistemas de balizamiento de obst\u00e0culos en parques e\u00f3licos son necesarios para la seguridad de los pilotos y pasajeros. Gracias a la tecnolog\u00eda LIDS\u2122\u00a0(Soluci\u00f3n de Atenuaci\u00f3n de la Intensidad Luminosa), la intensidad de la luz puede ajustarse para adaptarla a la visibilidad del entorno.\u00a0 ADLS, una soluci\u00f3n basada en el radar, enciende las luces a [&hellip;]<\/p>\n","protected":false},"author":1,"featured_media":0,"parent":12119,"menu_order":0,"comment_status":"closed","ping_status":"closed","template":"","meta":{"footnotes":""},"class_list":["post-13796","page","type-page","status-publish","hentry"],"yoast_head":"<!-- This site is optimized with the Yoast SEO plugin v22.5 - https:\/\/yoast.com\/wordpress\/plugins\/seo\/ -->\n<title>Mitigaci\u00f3n de iluminaci\u00f3n - Technostrobe | Obstruction lights for tall towers in broadcasting, telecommunication, utilities and wind farm industries<\/title>\n<meta name=\"robots\" content=\"index, follow, max-snippet:-1, max-image-preview:large, max-video-preview:-1\" \/>\n<link rel=\"canonical\" href=\"https:\/\/tos-offshore.com\/en\/?page_id=13787\" \/>\n<meta property=\"og:locale\" content=\"es_ES\" \/>\n<meta property=\"og:type\" content=\"article\" \/>\n<meta property=\"og:title\" content=\"Mitigaci\u00f3n de iluminaci\u00f3n - Technostrobe | Obstruction lights for tall towers in broadcasting, telecommunication, utilities and wind farm industries\" \/>\n<meta property=\"og:description\" content=\"Los sistemas de balizamiento de obst\u00e0culos en parques e\u00f3licos son necesarios para la seguridad de los pilotos y pasajeros. Gracias a la tecnolog\u00eda LIDS\u2122\u00a0(Soluci\u00f3n de Atenuaci\u00f3n de la Intensidad Luminosa), la intensidad de la luz puede ajustarse para adaptarla a la visibilidad del entorno.\u00a0 ADLS, una soluci\u00f3n basada en el radar, enciende las luces a [&hellip;]\" \/>\n<meta property=\"og:url\" content=\"https:\/\/tos-offshore.com\/en\/?page_id=13787\" \/>\n<meta property=\"og:site_name\" content=\"Technostrobe | Obstruction lights for tall towers in broadcasting, telecommunication, utilities and wind farm industries\" \/>\n<meta property=\"article:modified_time\" content=\"2023-09-22T13:55:09+00:00\" \/>\n<meta property=\"og:image\" content=\"https:\/\/tos-offshore.com\/wp-content\/uploads\/2023\/09\/Parc-Eolien-Mont-Ste-Marguerite-LIDS-Technostrobe-1024x683.jpg\" \/>\n<meta name=\"twitter:card\" content=\"summary_large_image\" \/>\n<meta name=\"twitter:label1\" content=\"Tiempo de lectura\" \/>\n\t<meta name=\"twitter:data1\" content=\"1 minuto\" \/>\n<script type=\"application\/ld+json\" class=\"yoast-schema-graph\">{\"@context\":\"https:\/\/schema.org\",\"@graph\":[{\"@type\":\"WebPage\",\"@id\":\"https:\/\/tos-offshore.com\/en\/?page_id=13787\",\"url\":\"https:\/\/tos-offshore.com\/en\/?page_id=13787\",\"name\":\"Mitigaci\u00f3n de iluminaci\u00f3n - Technostrobe | Obstruction lights for tall towers in broadcasting, telecommunication, utilities and wind farm industries\",\"isPartOf\":{\"@id\":\"https:\/\/tos-offshore.com\/fr\/#website\"},\"primaryImageOfPage\":{\"@id\":\"https:\/\/tos-offshore.com\/en\/?page_id=13787#primaryimage\"},\"image\":{\"@id\":\"https:\/\/tos-offshore.com\/en\/?page_id=13787#primaryimage\"},\"thumbnailUrl\":\"https:\/\/tos-offshore.com\/wp-content\/uploads\/2023\/09\/Parc-Eolien-Mont-Ste-Marguerite-LIDS-Technostrobe-1024x683.jpg\",\"datePublished\":\"2023-09-22T13:48:22+00:00\",\"dateModified\":\"2023-09-22T13:55:09+00:00\",\"breadcrumb\":{\"@id\":\"https:\/\/tos-offshore.com\/en\/?page_id=13787#breadcrumb\"},\"inLanguage\":\"es\",\"potentialAction\":[{\"@type\":\"ReadAction\",\"target\":[\"https:\/\/tos-offshore.com\/en\/?page_id=13787\"]}]},{\"@type\":\"ImageObject\",\"inLanguage\":\"es\",\"@id\":\"https:\/\/tos-offshore.com\/en\/?page_id=13787#primaryimage\",\"url\":\"https:\/\/tos-offshore.com\/wp-content\/uploads\/2023\/09\/Parc-Eolien-Mont-Ste-Marguerite-LIDS-Technostrobe-1024x683.jpg\",\"contentUrl\":\"https:\/\/tos-offshore.com\/wp-content\/uploads\/2023\/09\/Parc-Eolien-Mont-Ste-Marguerite-LIDS-Technostrobe-1024x683.jpg\"},{\"@type\":\"BreadcrumbList\",\"@id\":\"https:\/\/tos-offshore.com\/en\/?page_id=13787#breadcrumb\",\"itemListElement\":[{\"@type\":\"ListItem\",\"position\":1,\"name\":\"Home\",\"item\":\"https:\/\/tos-offshore.com\/en\/\"},{\"@type\":\"ListItem\",\"position\":2,\"name\":\"Productos\",\"item\":\"https:\/\/tos-offshore.com\/en\/products\/\"},{\"@type\":\"ListItem\",\"position\":3,\"name\":\"PARQUES E\u00d3LICOS\",\"item\":\"https:\/\/tos-offshore.com\/en\/?page_id=12118\"},{\"@type\":\"ListItem\",\"position\":4,\"name\":\"Mitigaci\u00f3n de iluminaci\u00f3n\"}]},{\"@type\":\"WebSite\",\"@id\":\"https:\/\/tos-offshore.com\/fr\/#website\",\"url\":\"https:\/\/tos-offshore.com\/fr\/\",\"name\":\"Technostrobe | Obstruction lights for tall towers in broadcasting, telecommunication, utilities and wind farm industries\",\"description\":\"\",\"potentialAction\":[{\"@type\":\"SearchAction\",\"target\":{\"@type\":\"EntryPoint\",\"urlTemplate\":\"https:\/\/tos-offshore.com\/fr\/?s={search_term_string}\"},\"query-input\":\"required name=search_term_string\"}],\"inLanguage\":\"es\"}]}<\/script>\n<!-- \/ Yoast SEO plugin. -->","yoast_head_json":{"title":"Mitigaci\u00f3n de iluminaci\u00f3n - Technostrobe | Obstruction lights for tall towers in broadcasting, telecommunication, utilities and wind farm industries","robots":{"index":"index","follow":"follow","max-snippet":"max-snippet:-1","max-image-preview":"max-image-preview:large","max-video-preview":"max-video-preview:-1"},"canonical":"https:\/\/tos-offshore.com\/en\/?page_id=13787","og_locale":"es_ES","og_type":"article","og_title":"Mitigaci\u00f3n de iluminaci\u00f3n - Technostrobe | Obstruction lights for tall towers in broadcasting, telecommunication, utilities and wind farm industries","og_description":"Los sistemas de balizamiento de obst\u00e0culos en parques e\u00f3licos son necesarios para la seguridad de los pilotos y pasajeros. Gracias a la tecnolog\u00eda LIDS\u2122\u00a0(Soluci\u00f3n de Atenuaci\u00f3n de la Intensidad Luminosa), la intensidad de la luz puede ajustarse para adaptarla a la visibilidad del entorno.\u00a0 ADLS, una soluci\u00f3n basada en el radar, enciende las luces a [&hellip;]","og_url":"https:\/\/tos-offshore.com\/en\/?page_id=13787","og_site_name":"Technostrobe | Obstruction lights for tall towers in broadcasting, telecommunication, utilities and wind farm industries","article_modified_time":"2023-09-22T13:55:09+00:00","og_image":[{"url":"https:\/\/tos-offshore.com\/wp-content\/uploads\/2023\/09\/Parc-Eolien-Mont-Ste-Marguerite-LIDS-Technostrobe-1024x683.jpg"}],"twitter_card":"summary_large_image","twitter_misc":{"Tiempo de lectura":"1 minuto"},"schema":{"@context":"https:\/\/schema.org","@graph":[{"@type":"WebPage","@id":"https:\/\/tos-offshore.com\/en\/?page_id=13787","url":"https:\/\/tos-offshore.com\/en\/?page_id=13787","name":"Mitigaci\u00f3n de iluminaci\u00f3n - Technostrobe | Obstruction lights for tall towers in broadcasting, telecommunication, utilities and wind farm industries","isPartOf":{"@id":"https:\/\/tos-offshore.com\/fr\/#website"},"primaryImageOfPage":{"@id":"https:\/\/tos-offshore.com\/en\/?page_id=13787#primaryimage"},"image":{"@id":"https:\/\/tos-offshore.com\/en\/?page_id=13787#primaryimage"},"thumbnailUrl":"https:\/\/tos-offshore.com\/wp-content\/uploads\/2023\/09\/Parc-Eolien-Mont-Ste-Marguerite-LIDS-Technostrobe-1024x683.jpg","datePublished":"2023-09-22T13:48:22+00:00","dateModified":"2023-09-22T13:55:09+00:00","breadcrumb":{"@id":"https:\/\/tos-offshore.com\/en\/?page_id=13787#breadcrumb"},"inLanguage":"es","potentialAction":[{"@type":"ReadAction","target":["https:\/\/tos-offshore.com\/en\/?page_id=13787"]}]},{"@type":"ImageObject","inLanguage":"es","@id":"https:\/\/tos-offshore.com\/en\/?page_id=13787#primaryimage","url":"https:\/\/tos-offshore.com\/wp-content\/uploads\/2023\/09\/Parc-Eolien-Mont-Ste-Marguerite-LIDS-Technostrobe-1024x683.jpg","contentUrl":"https:\/\/tos-offshore.com\/wp-content\/uploads\/2023\/09\/Parc-Eolien-Mont-Ste-Marguerite-LIDS-Technostrobe-1024x683.jpg"},{"@type":"BreadcrumbList","@id":"https:\/\/tos-offshore.com\/en\/?page_id=13787#breadcrumb","itemListElement":[{"@type":"ListItem","position":1,"name":"Home","item":"https:\/\/tos-offshore.com\/en\/"},{"@type":"ListItem","position":2,"name":"Productos","item":"https:\/\/tos-offshore.com\/en\/products\/"},{"@type":"ListItem","position":3,"name":"PARQUES E\u00d3LICOS","item":"https:\/\/tos-offshore.com\/en\/?page_id=12118"},{"@type":"ListItem","position":4,"name":"Mitigaci\u00f3n de iluminaci\u00f3n"}]},{"@type":"WebSite","@id":"https:\/\/tos-offshore.com\/fr\/#website","url":"https:\/\/tos-offshore.com\/fr\/","name":"Technostrobe | Obstruction lights for tall towers in broadcasting, telecommunication, utilities and wind farm industries","description":"","potentialAction":[{"@type":"SearchAction","target":{"@type":"EntryPoint","urlTemplate":"https:\/\/tos-offshore.com\/fr\/?s={search_term_string}"},"query-input":"required name=search_term_string"}],"inLanguage":"es"}]}},"_links":{"self":[{"href":"https:\/\/tos-offshore.com\/es\/wp-json\/wp\/v2\/pages\/13796","targetHints":{"allow":["GET"]}}],"collection":[{"href":"https:\/\/tos-offshore.com\/es\/wp-json\/wp\/v2\/pages"}],"about":[{"href":"https:\/\/tos-offshore.com\/es\/wp-json\/wp\/v2\/types\/page"}],"author":[{"embeddable":true,"href":"https:\/\/tos-offshore.com\/es\/wp-json\/wp\/v2\/users\/1"}],"replies":[{"embeddable":true,"href":"https:\/\/tos-offshore.com\/es\/wp-json\/wp\/v2\/comments?post=13796"}],"version-history":[{"count":6,"href":"https:\/\/tos-offshore.com\/es\/wp-json\/wp\/v2\/pages\/13796\/revisions"}],"predecessor-version":[{"id":13809,"href":"https:\/\/tos-offshore.com\/es\/wp-json\/wp\/v2\/pages\/13796\/revisions\/13809"}],"up":[{"embeddable":true,"href":"https:\/\/tos-offshore.com\/es\/wp-json\/wp\/v2\/pages\/12119"}],"wp:attachment":[{"href":"https:\/\/tos-offshore.com\/es\/wp-json\/wp\/v2\/media?parent=13796"}],"curies":[{"name":"wp","href":"https:\/\/api.w.org\/{rel}","templated":true}]}}