{"id":14277,"date":"2023-09-27T12:03:39","date_gmt":"2023-09-27T10:03:39","guid":{"rendered":"https:\/\/tos-offshore.com\/home-lids\/"},"modified":"2023-09-27T18:11:01","modified_gmt":"2023-09-27T16:11:01","slug":"lids","status":"publish","type":"page","link":"https:\/\/tos-offshore.com\/es\/lids\/","title":{"rendered":"LIDS"},"content":{"rendered":"\t\t<div data-elementor-type=\"wp-page\" data-elementor-id=\"14277\" class=\"elementor elementor-14277\">\n\t\t\t\t\t\t\t\t\t<section class=\" elementor-section elementor-top-section elementor-element elementor-element-041bfc1 elementor-section-full_width elementor-section-stretched elementor-section-height-default elementor-section-height-default\" data-id=\"041bfc1\" data-element_type=\"section\" data-settings=\"{&quot;stretch_section&quot;:&quot;section-stretched&quot;,&quot;background_background&quot;:&quot;classic&quot;}\">\r\n\t\t\t\t\t\t\t\t<div class=\"elementor-container elementor-column-gap-default\">\r\n\t\t\t\t\r\n\t\t\t\t\t\t\t\t<div class=\" elementor-column elementor-col-100 elementor-top-column elementor-element elementor-element-a463209 \" data-id=\"a463209\" data-element_type=\"column\">\r\n\r\n\t\t\t\t\r\n\t\t\t\t<div class=\"elementor-widget-wrap elementor-element-populated\">\r\n\t\t\t\t\t\t\t\t\t\t\r\n\t\t\t\t\t\t<section class=\" elementor-section elementor-inner-section elementor-element elementor-element-f039a7f elementor-section-boxed elementor-section-height-default elementor-section-height-default\" data-id=\"f039a7f\" data-element_type=\"section\">\r\n\t\t\t\t\t\t\t\t<div class=\"elementor-container elementor-column-gap-default\">\r\n\t\t\t\t\r\n\t\t\t\t\t\t\t\t<div class=\" elementor-column elementor-col-50 elementor-inner-column elementor-element elementor-element-a18f4d5 \" data-id=\"a18f4d5\" data-element_type=\"column\">\r\n\r\n\t\t\t\t\r\n\t\t\t\t<div class=\"elementor-widget-wrap elementor-element-populated\">\r\n\t\t\t\t\t\t\t\t\t\t\r\n\t\t\t\t\t\t<div class=\"elementor-element elementor-element-704b42f elementor-widget elementor-widget-image\" data-id=\"704b42f\" data-element_type=\"widget\" data-widget_type=\"image.default\">\n\t\t\t\t<div class=\"elementor-widget-container\">\n\t\t\t<style>\/*! elementor - v3.16.0 - 09-10-2023 *\/\n.elementor-widget-image{text-align:center}.elementor-widget-image a{display:inline-block}.elementor-widget-image a img[src$=\".svg\"]{width:48px}.elementor-widget-image img{vertical-align:middle;display:inline-block}<\/style>\t\t\t\t\t\t\t\t\t\t\t\t<img decoding=\"async\" width=\"500\" height=\"210\" src=\"https:\/\/tos-offshore.com\/wp-content\/uploads\/2023\/09\/lids-logo.png\" class=\"attachment-full size-full wp-image-14186\" alt=\"\" \/>\t\t\t\t\t\t\t\t\t\t\t\t\t\t\t<\/div>\n\t\t\t\t<\/div>\n\t\t\t\t\t\t<\/div>\r\n\t\t\t\t<\/div>\r\n\t\t\t\t\t\t\t\t\t<div class=\" elementor-column elementor-col-50 elementor-inner-column elementor-element elementor-element-b0ccf1a \" data-id=\"b0ccf1a\" data-element_type=\"column\">\r\n\r\n\t\t\t\t\r\n\t\t\t\t<div class=\"elementor-widget-wrap elementor-element-populated\">\r\n\t\t\t\t\t\t\t\t\t\t\r\n\t\t\t\t\t\t<div class=\"elementor-element elementor-element-790f5ad elementor-widget elementor-widget-heading\" data-id=\"790f5ad\" data-element_type=\"widget\" data-widget_type=\"heading.default\">\n\t\t\t\t<div class=\"elementor-widget-container\">\n\t\t\t<style>\/*! elementor - v3.16.0 - 09-10-2023 *\/\n.elementor-heading-title{padding:0;margin:0;line-height:1}.elementor-widget-heading .elementor-heading-title[class*=elementor-size-]>a{color:inherit;font-size:inherit;line-height:inherit}.elementor-widget-heading .elementor-heading-title.elementor-size-small{font-size:15px}.elementor-widget-heading .elementor-heading-title.elementor-size-medium{font-size:19px}.elementor-widget-heading .elementor-heading-title.elementor-size-large{font-size:29px}.elementor-widget-heading .elementor-heading-title.elementor-size-xl{font-size:39px}.elementor-widget-heading .elementor-heading-title.elementor-size-xxl{font-size:59px}<\/style><h2 class=\"elementor-heading-title elementor-size-default\">TECNOLOG\u00cdA LIDSTM : ATENUAR LA LUZ<\/h2>\t\t<\/div>\n\t\t\t\t<\/div>\n\t\t\t\t<div class=\"elementor-element elementor-element-b75c7e8 elementor-widget elementor-widget-text-editor\" data-id=\"b75c7e8\" data-element_type=\"widget\" data-widget_type=\"text-editor.default\">\n\t\t\t\t<div class=\"elementor-widget-container\">\n\t\t\t<style>\/*! elementor - v3.16.0 - 09-10-2023 *\/\n.elementor-widget-text-editor.elementor-drop-cap-view-stacked .elementor-drop-cap{background-color:#69727d;color:#fff}.elementor-widget-text-editor.elementor-drop-cap-view-framed .elementor-drop-cap{color:#69727d;border:3px solid;background-color:transparent}.elementor-widget-text-editor:not(.elementor-drop-cap-view-default) .elementor-drop-cap{margin-top:8px}.elementor-widget-text-editor:not(.elementor-drop-cap-view-default) .elementor-drop-cap-letter{width:1em;height:1em}.elementor-widget-text-editor .elementor-drop-cap{float:left;text-align:center;line-height:1;font-size:50px}.elementor-widget-text-editor .elementor-drop-cap-letter{display:inline-block}<\/style>\t\t\t\t<p>Los sistemas de balizamiento de obst\u00e1culos en parques e\u00f3licos son necesarios para la seguridad de pilotos y pasajeros. La iluminaci\u00f3n con intensidad m\u00e1xima facilita la navegaci\u00f3n en las peores condiciones de visibilidad.<\/p><p>Sin embargo, cuando el cielo est\u00e1 despejado, la iluminaci\u00f3n puede ser demasiada brillante para el prop\u00f3sito previsto. Gracias a la tecnolog\u00eda LIDS<sup>TM<\/sup>\u00a0(Soluci\u00f3n de Atenuaci\u00f3n de la Intensidad Luminosa), la intensidad de la luz puede ajustarse para adaptarla a la visibilidad del entorno. Esto es una buena noticia para todos, ya que la luz puede ser visible tanto desde el aire como desde la tierra.<\/p>\t\t\t\t\t\t<\/div>\n\t\t\t\t<\/div>\n\t\t\t\t\t\t<\/div>\r\n\t\t\t\t<\/div>\r\n\t\t\t\t\t\t\t\t<\/div>\r\n\t\t\t<\/section>\r\n\t\t\t\t\t\t\t<\/div>\r\n\t\t\t\t<\/div>\r\n\t\t\t\t\t\t\t\t<\/div>\r\n\t\t\t<\/section>\r\n\t\t\t\t\t<section class=\" elementor-section elementor-top-section elementor-element elementor-element-28438d3 elementor-section-boxed elementor-section-height-default elementor-section-height-default\" data-id=\"28438d3\" data-element_type=\"section\">\r\n\t\t\t\t\t\t\t\t<div class=\"elementor-container elementor-column-gap-default\">\r\n\t\t\t\t\r\n\t\t\t\t\t\t\t\t<div class=\" elementor-column elementor-col-100 elementor-top-column elementor-element elementor-element-b84fcd7 \" data-id=\"b84fcd7\" data-element_type=\"column\">\r\n\r\n\t\t\t\t\r\n\t\t\t\t<div class=\"elementor-widget-wrap elementor-element-populated\">\r\n\t\t\t\t\t\t\t\t\t\t\r\n\t\t\t\t\t\t<div class=\"elementor-element elementor-element-e22be22 tabs_LIDS elementor-tabs-view-horizontal elementor-widget elementor-widget-tabs\" data-id=\"e22be22\" data-element_type=\"widget\" data-widget_type=\"tabs.default\">\n\t\t\t\t<div class=\"elementor-widget-container\">\n\t\t\t<style>.elementor-widget-tabs.elementor-tabs-view-vertical .elementor-tabs-wrapper{width:25%;flex-shrink:0}.elementor-widget-tabs.elementor-tabs-view-vertical .elementor-tab-desktop-title.elementor-active{border-right-style:none}.elementor-widget-tabs.elementor-tabs-view-vertical .elementor-tab-desktop-title.elementor-active:after,.elementor-widget-tabs.elementor-tabs-view-vertical .elementor-tab-desktop-title.elementor-active:before{height:999em;width:0;right:0;border-right-style:solid}.elementor-widget-tabs.elementor-tabs-view-vertical .elementor-tab-desktop-title.elementor-active:before{top:0;transform:translateY(-100%)}.elementor-widget-tabs.elementor-tabs-view-vertical .elementor-tab-desktop-title.elementor-active:after{top:100%}.elementor-widget-tabs.elementor-tabs-view-horizontal .elementor-tab-desktop-title{display:table-cell}.elementor-widget-tabs.elementor-tabs-view-horizontal .elementor-tab-desktop-title.elementor-active{border-bottom-style:none}.elementor-widget-tabs.elementor-tabs-view-horizontal .elementor-tab-desktop-title.elementor-active:after,.elementor-widget-tabs.elementor-tabs-view-horizontal .elementor-tab-desktop-title.elementor-active:before{bottom:0;height:0;width:999em;border-bottom-style:solid}.elementor-widget-tabs.elementor-tabs-view-horizontal .elementor-tab-desktop-title.elementor-active:before{right:100%}.elementor-widget-tabs.elementor-tabs-view-horizontal .elementor-tab-desktop-title.elementor-active:after{left:100%}.elementor-widget-tabs .elementor-tab-content,.elementor-widget-tabs .elementor-tab-title,.elementor-widget-tabs .elementor-tab-title:after,.elementor-widget-tabs .elementor-tab-title:before,.elementor-widget-tabs .elementor-tabs-content-wrapper{border:1px #d5d8dc}.elementor-widget-tabs .elementor-tabs{text-align:left}.elementor-widget-tabs .elementor-tabs-wrapper{overflow:hidden}.elementor-widget-tabs .elementor-tab-title{cursor:pointer;outline:var(--focus-outline,none)}.elementor-widget-tabs .elementor-tab-desktop-title{position:relative;padding:20px 25px;font-weight:700;line-height:1;border:solid transparent}.elementor-widget-tabs .elementor-tab-desktop-title.elementor-active{border-color:#d5d8dc}.elementor-widget-tabs .elementor-tab-desktop-title.elementor-active:after,.elementor-widget-tabs .elementor-tab-desktop-title.elementor-active:before{display:block;content:\"\";position:absolute}.elementor-widget-tabs .elementor-tab-desktop-title:focus-visible{border:1px solid #000}.elementor-widget-tabs .elementor-tab-mobile-title{padding:10px;cursor:pointer}.elementor-widget-tabs .elementor-tab-content{padding:20px;display:none}@media (max-width:767px){.elementor-tabs .elementor-tab-content,.elementor-tabs .elementor-tab-title{border-style:solid solid none}.elementor-tabs .elementor-tabs-wrapper{display:none}.elementor-tabs .elementor-tabs-content-wrapper{border-bottom-style:solid}.elementor-tabs .elementor-tab-content{padding:10px}}@media (min-width:768px){.elementor-widget-tabs.elementor-tabs-view-vertical .elementor-tabs{display:flex}.elementor-widget-tabs.elementor-tabs-view-vertical .elementor-tabs-wrapper{flex-direction:column}.elementor-widget-tabs.elementor-tabs-view-vertical .elementor-tabs-content-wrapper{flex-grow:1;border-style:solid solid solid none}.elementor-widget-tabs.elementor-tabs-view-horizontal .elementor-tab-content{border-style:none solid solid}.elementor-widget-tabs.elementor-tabs-alignment-center .elementor-tabs-wrapper,.elementor-widget-tabs.elementor-tabs-alignment-end .elementor-tabs-wrapper,.elementor-widget-tabs.elementor-tabs-alignment-stretch .elementor-tabs-wrapper{display:flex}.elementor-widget-tabs.elementor-tabs-alignment-center .elementor-tabs-wrapper{justify-content:center}.elementor-widget-tabs.elementor-tabs-alignment-end .elementor-tabs-wrapper{justify-content:flex-end}.elementor-widget-tabs.elementor-tabs-alignment-stretch.elementor-tabs-view-horizontal .elementor-tab-title{width:100%}.elementor-widget-tabs.elementor-tabs-alignment-stretch.elementor-tabs-view-vertical .elementor-tab-title{height:100%}.elementor-tabs .elementor-tab-mobile-title{display:none}}<\/style>\t\t<div class=\"elementor-tabs\">\n\t\t\t<div class=\"elementor-tabs-wrapper\" role=\"tablist\" >\n\t\t\t\t\t\t\t\t\t<div id=\"elementor-tab-title-2371\" class=\"elementor-tab-title elementor-tab-desktop-title\" aria-selected=\"true\" data-tab=\"1\" role=\"tab\" tabindex=\"0\" aria-controls=\"elementor-tab-content-2371\" aria-expanded=\"false\">Contexto<\/div>\n\t\t\t\t\t\t\t\t\t<div id=\"elementor-tab-title-2372\" class=\"elementor-tab-title elementor-tab-desktop-title\" aria-selected=\"false\" data-tab=\"2\" role=\"tab\" tabindex=\"-1\" aria-controls=\"elementor-tab-content-2372\" aria-expanded=\"false\">Soluci\u00f3n : LIDS<sup>TM<\/sup><\/div>\n\t\t\t\t\t\t\t\t\t<div id=\"elementor-tab-title-2373\" class=\"elementor-tab-title elementor-tab-desktop-title\" aria-selected=\"false\" data-tab=\"3\" role=\"tab\" tabindex=\"-1\" aria-controls=\"elementor-tab-content-2373\" aria-expanded=\"false\">RESULTADO \/ IMPACTO<\/div>\n\t\t\t\t\t\t\t<\/div>\n\t\t\t<div class=\"elementor-tabs-content-wrapper\" role=\"tablist\" aria-orientation=\"vertical\">\n\t\t\t\t\t\t\t\t\t<div class=\"elementor-tab-title elementor-tab-mobile-title\" aria-selected=\"true\" data-tab=\"1\" role=\"tab\" tabindex=\"0\" aria-controls=\"elementor-tab-content-2371\" aria-expanded=\"false\">Contexto<\/div>\n\t\t\t\t\t<div id=\"elementor-tab-content-2371\" class=\"elementor-tab-content elementor-clearfix\" data-tab=\"1\" role=\"tabpanel\" aria-labelledby=\"elementor-tab-title-2371\" tabindex=\"0\" hidden=\"false\"><div class=\"row tabs_solution \">\n<div class=\"col-md-6\"><article>\n<h2>CONTEXTO<\/h2>\nLa presencia de balizamientos de obst\u00e1culos en torres altas es necesaria para la seguridad de pilotos y pasajeros. Estas balizas est\u00e1n ajustadas para destellar a 2000 cd (nivel de intensidad m\u00e1xima), a fin de orientar a los pilotos cuando sobrevuelan en las peores condiciones de visibilidad \u2013 todas las noches, durante todo el a\u00f1o.\n\n<a href=\"\/es\/contexto\">Leer m\u00e1s<\/a>\n\n<\/article><\/div>\n<div class=\"col-md-6 images\"><img decoding=\"async\" src=\"https:\/\/tos-offshore.com\/wp-content\/uploads\/2023\/09\/P1100606.jpg\" \/><\/div>\n<\/div><\/div>\n\t\t\t\t\t\t\t\t\t<div class=\"elementor-tab-title elementor-tab-mobile-title\" aria-selected=\"false\" data-tab=\"2\" role=\"tab\" tabindex=\"-1\" aria-controls=\"elementor-tab-content-2372\" aria-expanded=\"false\">Soluci\u00f3n : LIDS<sup>TM<\/sup><\/div>\n\t\t\t\t\t<div id=\"elementor-tab-content-2372\" class=\"elementor-tab-content elementor-clearfix\" data-tab=\"2\" role=\"tabpanel\" aria-labelledby=\"elementor-tab-title-2372\" tabindex=\"0\" hidden=\"hidden\"><div class=\"row tabs_solution\">\n<div class=\"col-md-6\"><article>\n<h2>LA SOLUCI\u00d3N<\/h2>\nCon la tecnolog\u00eda LIDS<sup>TM<\/sup>, las balizas en parques e\u00f3licos ahora disponen de un medio para ajustar el nivel de intensidad de los destellos de acuerdo a la visibilidad del entorno. Esta soluci\u00f3n tiene como objetivo atenuar la iluminaci\u00f3n cuando el cielo est\u00e1 despejado. De hecho, en buenas condiciones de visibilidad (10 km. de visibilidad o m\u00e1s), la intensidad de la iluminaci\u00f3n se reduce en un 90 por ciento\n\n<a href=\"\/es\/solucion\">Leer m\u00e1s<\/a>\n\n<\/article><\/div>\n<div class=\"col-md-6 images\"><img decoding=\"async\" src=\"https:\/\/tos-offshore.com\/wp-content\/uploads\/2023\/09\/DJI_0136.jpg\" \/><\/div>\n<\/div><\/div>\n\t\t\t\t\t\t\t\t\t<div class=\"elementor-tab-title elementor-tab-mobile-title\" aria-selected=\"false\" data-tab=\"3\" role=\"tab\" tabindex=\"-1\" aria-controls=\"elementor-tab-content-2373\" aria-expanded=\"false\">RESULTADO \/ IMPACTO<\/div>\n\t\t\t\t\t<div id=\"elementor-tab-content-2373\" class=\"elementor-tab-content elementor-clearfix\" data-tab=\"3\" role=\"tabpanel\" aria-labelledby=\"elementor-tab-title-2373\" tabindex=\"0\" hidden=\"hidden\"><div class=\"row tabs_solution\">\n<div class=\"col-md-6\"><article>\n<h2>RESULTADO \/ BENEFICIO<\/h2>\nUtilizar tecnolog\u00eda de vanguardia puede ayudar a los ingenieros a encontrar soluciones que permiten a sus proyectos tener una mayor aceptaci\u00f3n y confianza en la comunidad.\n\n<a href=\"\/es\/resultado\">Leer m\u00e1s<\/a>\n\n<\/article><\/div>\n<div class=\"col-md-6 images\"><img decoding=\"async\" src=\"https:\/\/tos-offshore.com\/wp-content\/uploads\/2023\/09\/P1110263.jpg\" \/><\/div>\n<\/div><\/div>\n\t\t\t\t\t\t\t<\/div>\n\t\t<\/div>\n\t\t\t\t<\/div>\n\t\t\t\t<\/div>\n\t\t\t\t\t\t<\/div>\r\n\t\t\t\t<\/div>\r\n\t\t\t\t\t\t\t\t<\/div>\r\n\t\t\t<\/section>\r\n\t\t\t\t\t<section class=\" elementor-section elementor-top-section elementor-element elementor-element-acf9d59 elementor-section-boxed elementor-section-height-default elementor-section-height-default\" data-id=\"acf9d59\" data-element_type=\"section\">\r\n\t\t\t\t\t\t\t\t<div class=\"elementor-container elementor-column-gap-default\">\r\n\t\t\t\t\r\n\t\t\t\t\t\t\t\t<div class=\" elementor-column elementor-col-100 elementor-top-column elementor-element elementor-element-3de0a1a \" data-id=\"3de0a1a\" data-element_type=\"column\">\r\n\r\n\t\t\t\t\r\n\t\t\t\t<div class=\"elementor-widget-wrap elementor-element-populated\">\r\n\t\t\t\t\t\t\t\t\t\t\r\n\t\t\t\t\t\t<div class=\"elementor-element elementor-element-501eb2e elementor-widget elementor-widget-html\" data-id=\"501eb2e\" data-element_type=\"widget\" data-widget_type=\"html.default\">\n\t\t\t\t<div class=\"elementor-widget-container\">\n\t\t\t<div class=\"lids_intro\">\n  \n\n<div class=\"custom\">\n\t<ul>\n<li>\n<h4><a href=\"\/es\/video-3\"><span class=\"links\"><img decoding=\"async\" src=\"\/wp-content\/uploads\/2023\/09\/lids_video.png\" alt=\"lids video\"><\/span><fontsninja-text id=\"fontsninja-text-126\" class=\"fontsninja-family-35\">Video<\/fontsninja-text><\/a><\/h4>\n<\/li>\n<li>\n<h4><a href=\"\/es\/photos-3\"><span class=\"links\"><img decoding=\"async\" src=\"\/wp-content\/uploads\/2023\/09\/U8A1973.png\" alt=\" U8A1973\"><\/span><fontsninja-text id=\"fontsninja-text-131\" class=\"fontsninja-family-35\">Photos<\/fontsninja-text><\/a><\/h4>\n<\/li>\n<li>\n<h4><a href=\"\/es\/faq-es\"><span class=\"links\"><img decoding=\"async\" src=\"\/wp-content\/uploads\/2023\/09\/U8A2000-1.png\" alt=\" U8A2000\"><\/span><fontsninja-text id=\"fontsninja-text-136\" class=\"fontsninja-family-35\">Revista de prensa<\/fontsninja-text><\/a><\/h4>\n<\/li>\n<\/ul><\/div>\n\n  <\/div>\t\t<\/div>\n\t\t\t\t<\/div>\n\t\t\t\t\t\t<\/div>\r\n\t\t\t\t<\/div>\r\n\t\t\t\t\t\t\t\t<\/div>\r\n\t\t\t<\/section>\r\n\t\t\t\t\t\t\t\t<\/div>\n\t\t","protected":false},"excerpt":{"rendered":"<p>TECNOLOG\u00cdA LIDSTM : ATENUAR LA LUZ Los sistemas de balizamiento de obst\u00e1culos en parques e\u00f3licos son necesarios para la seguridad de pilotos y pasajeros. La iluminaci\u00f3n con intensidad m\u00e1xima facilita la navegaci\u00f3n en las peores condiciones de visibilidad. Sin embargo, cuando el cielo est\u00e1 despejado, la iluminaci\u00f3n puede ser demasiada brillante para el prop\u00f3sito previsto. [&hellip;]<\/p>\n","protected":false},"author":1,"featured_media":0,"parent":0,"menu_order":0,"comment_status":"open","ping_status":"closed","template":"","meta":{"footnotes":""},"class_list":["post-14277","page","type-page","status-publish","hentry"],"yoast_head":"<!-- This site is optimized with the Yoast SEO plugin v22.5 - https:\/\/yoast.com\/wordpress\/plugins\/seo\/ -->\n<title>LIDS Technostrobe obstruction lights for tall towers in broadcasting, telecommunication, utilities and wind farm industries.<\/title>\n<meta name=\"robots\" content=\"index, follow, max-snippet:-1, max-image-preview:large, max-video-preview:-1\" \/>\n<link rel=\"canonical\" href=\"https:\/\/tos-offshore.com\/es\/lids\/\" \/>\n<meta property=\"og:locale\" content=\"es_ES\" \/>\n<meta property=\"og:type\" content=\"article\" \/>\n<meta property=\"og:title\" content=\"LIDS Technostrobe obstruction lights for tall towers in broadcasting, telecommunication, utilities and wind farm industries.\" \/>\n<meta property=\"og:description\" content=\"TECNOLOG\u00cdA LIDSTM : ATENUAR LA LUZ Los sistemas de balizamiento de obst\u00e1culos en parques e\u00f3licos son necesarios para la seguridad de pilotos y pasajeros. La iluminaci\u00f3n con intensidad m\u00e1xima facilita la navegaci\u00f3n en las peores condiciones de visibilidad. Sin embargo, cuando el cielo est\u00e1 despejado, la iluminaci\u00f3n puede ser demasiada brillante para el prop\u00f3sito previsto. [&hellip;]\" \/>\n<meta property=\"og:url\" content=\"https:\/\/tos-offshore.com\/es\/lids\/\" \/>\n<meta property=\"og:site_name\" content=\"Technostrobe | Obstruction lights for tall towers in broadcasting, telecommunication, utilities and wind farm industries\" \/>\n<meta property=\"article:modified_time\" content=\"2023-09-27T16:11:01+00:00\" \/>\n<meta property=\"og:image\" content=\"https:\/\/tos-offshore.com\/wp-content\/uploads\/2023\/09\/lids-logo.png\" \/>\n<meta name=\"twitter:card\" content=\"summary_large_image\" \/>\n<meta name=\"twitter:label1\" content=\"Tiempo de lectura\" \/>\n\t<meta name=\"twitter:data1\" content=\"3 minutos\" \/>\n<script type=\"application\/ld+json\" class=\"yoast-schema-graph\">{\"@context\":\"https:\/\/schema.org\",\"@graph\":[{\"@type\":\"WebPage\",\"@id\":\"https:\/\/tos-offshore.com\/es\/lids\/\",\"url\":\"https:\/\/tos-offshore.com\/es\/lids\/\",\"name\":\"LIDS Technostrobe obstruction lights for tall towers in broadcasting, telecommunication, utilities and wind farm industries.\",\"isPartOf\":{\"@id\":\"https:\/\/tos-offshore.com\/fr\/#website\"},\"primaryImageOfPage\":{\"@id\":\"https:\/\/tos-offshore.com\/es\/lids\/#primaryimage\"},\"image\":{\"@id\":\"https:\/\/tos-offshore.com\/es\/lids\/#primaryimage\"},\"thumbnailUrl\":\"https:\/\/tos-offshore.com\/wp-content\/uploads\/2023\/09\/lids-logo.png\",\"datePublished\":\"2023-09-27T10:03:39+00:00\",\"dateModified\":\"2023-09-27T16:11:01+00:00\",\"breadcrumb\":{\"@id\":\"https:\/\/tos-offshore.com\/es\/lids\/#breadcrumb\"},\"inLanguage\":\"es\",\"potentialAction\":[{\"@type\":\"ReadAction\",\"target\":[\"https:\/\/tos-offshore.com\/es\/lids\/\"]}]},{\"@type\":\"ImageObject\",\"inLanguage\":\"es\",\"@id\":\"https:\/\/tos-offshore.com\/es\/lids\/#primaryimage\",\"url\":\"https:\/\/tos-offshore.com\/wp-content\/uploads\/2023\/09\/lids-logo.png\",\"contentUrl\":\"https:\/\/tos-offshore.com\/wp-content\/uploads\/2023\/09\/lids-logo.png\"},{\"@type\":\"BreadcrumbList\",\"@id\":\"https:\/\/tos-offshore.com\/es\/lids\/#breadcrumb\",\"itemListElement\":[{\"@type\":\"ListItem\",\"position\":1,\"name\":\"Home\",\"item\":\"https:\/\/tos-offshore.com\/en\/\"},{\"@type\":\"ListItem\",\"position\":2,\"name\":\"LIDS\"}]},{\"@type\":\"WebSite\",\"@id\":\"https:\/\/tos-offshore.com\/fr\/#website\",\"url\":\"https:\/\/tos-offshore.com\/fr\/\",\"name\":\"Technostrobe | Obstruction lights for tall towers in broadcasting, telecommunication, utilities and wind farm industries\",\"description\":\"\",\"potentialAction\":[{\"@type\":\"SearchAction\",\"target\":{\"@type\":\"EntryPoint\",\"urlTemplate\":\"https:\/\/tos-offshore.com\/fr\/?s={search_term_string}\"},\"query-input\":\"required name=search_term_string\"}],\"inLanguage\":\"es\"}]}<\/script>\n<!-- \/ Yoast SEO plugin. -->","yoast_head_json":{"title":"LIDS Technostrobe obstruction lights for tall towers in broadcasting, telecommunication, utilities and wind farm industries.","robots":{"index":"index","follow":"follow","max-snippet":"max-snippet:-1","max-image-preview":"max-image-preview:large","max-video-preview":"max-video-preview:-1"},"canonical":"https:\/\/tos-offshore.com\/es\/lids\/","og_locale":"es_ES","og_type":"article","og_title":"LIDS Technostrobe obstruction lights for tall towers in broadcasting, telecommunication, utilities and wind farm industries.","og_description":"TECNOLOG\u00cdA LIDSTM : ATENUAR LA LUZ Los sistemas de balizamiento de obst\u00e1culos en parques e\u00f3licos son necesarios para la seguridad de pilotos y pasajeros. La iluminaci\u00f3n con intensidad m\u00e1xima facilita la navegaci\u00f3n en las peores condiciones de visibilidad. Sin embargo, cuando el cielo est\u00e1 despejado, la iluminaci\u00f3n puede ser demasiada brillante para el prop\u00f3sito previsto. [&hellip;]","og_url":"https:\/\/tos-offshore.com\/es\/lids\/","og_site_name":"Technostrobe | Obstruction lights for tall towers in broadcasting, telecommunication, utilities and wind farm industries","article_modified_time":"2023-09-27T16:11:01+00:00","og_image":[{"url":"https:\/\/tos-offshore.com\/wp-content\/uploads\/2023\/09\/lids-logo.png"}],"twitter_card":"summary_large_image","twitter_misc":{"Tiempo de lectura":"3 minutos"},"schema":{"@context":"https:\/\/schema.org","@graph":[{"@type":"WebPage","@id":"https:\/\/tos-offshore.com\/es\/lids\/","url":"https:\/\/tos-offshore.com\/es\/lids\/","name":"LIDS Technostrobe obstruction lights for tall towers in broadcasting, telecommunication, utilities and wind farm industries.","isPartOf":{"@id":"https:\/\/tos-offshore.com\/fr\/#website"},"primaryImageOfPage":{"@id":"https:\/\/tos-offshore.com\/es\/lids\/#primaryimage"},"image":{"@id":"https:\/\/tos-offshore.com\/es\/lids\/#primaryimage"},"thumbnailUrl":"https:\/\/tos-offshore.com\/wp-content\/uploads\/2023\/09\/lids-logo.png","datePublished":"2023-09-27T10:03:39+00:00","dateModified":"2023-09-27T16:11:01+00:00","breadcrumb":{"@id":"https:\/\/tos-offshore.com\/es\/lids\/#breadcrumb"},"inLanguage":"es","potentialAction":[{"@type":"ReadAction","target":["https:\/\/tos-offshore.com\/es\/lids\/"]}]},{"@type":"ImageObject","inLanguage":"es","@id":"https:\/\/tos-offshore.com\/es\/lids\/#primaryimage","url":"https:\/\/tos-offshore.com\/wp-content\/uploads\/2023\/09\/lids-logo.png","contentUrl":"https:\/\/tos-offshore.com\/wp-content\/uploads\/2023\/09\/lids-logo.png"},{"@type":"BreadcrumbList","@id":"https:\/\/tos-offshore.com\/es\/lids\/#breadcrumb","itemListElement":[{"@type":"ListItem","position":1,"name":"Home","item":"https:\/\/tos-offshore.com\/en\/"},{"@type":"ListItem","position":2,"name":"LIDS"}]},{"@type":"WebSite","@id":"https:\/\/tos-offshore.com\/fr\/#website","url":"https:\/\/tos-offshore.com\/fr\/","name":"Technostrobe | Obstruction lights for tall towers in broadcasting, telecommunication, utilities and wind farm industries","description":"","potentialAction":[{"@type":"SearchAction","target":{"@type":"EntryPoint","urlTemplate":"https:\/\/tos-offshore.com\/fr\/?s={search_term_string}"},"query-input":"required name=search_term_string"}],"inLanguage":"es"}]}},"_links":{"self":[{"href":"https:\/\/tos-offshore.com\/es\/wp-json\/wp\/v2\/pages\/14277","targetHints":{"allow":["GET"]}}],"collection":[{"href":"https:\/\/tos-offshore.com\/es\/wp-json\/wp\/v2\/pages"}],"about":[{"href":"https:\/\/tos-offshore.com\/es\/wp-json\/wp\/v2\/types\/page"}],"author":[{"embeddable":true,"href":"https:\/\/tos-offshore.com\/es\/wp-json\/wp\/v2\/users\/1"}],"replies":[{"embeddable":true,"href":"https:\/\/tos-offshore.com\/es\/wp-json\/wp\/v2\/comments?post=14277"}],"version-history":[{"count":14,"href":"https:\/\/tos-offshore.com\/es\/wp-json\/wp\/v2\/pages\/14277\/revisions"}],"predecessor-version":[{"id":14606,"href":"https:\/\/tos-offshore.com\/es\/wp-json\/wp\/v2\/pages\/14277\/revisions\/14606"}],"wp:attachment":[{"href":"https:\/\/tos-offshore.com\/es\/wp-json\/wp\/v2\/media?parent=14277"}],"curies":[{"name":"wp","href":"https:\/\/api.w.org\/{rel}","templated":true}]}}