{"id":14346,"date":"2023-09-27T15:59:15","date_gmt":"2023-09-27T13:59:15","guid":{"rendered":"https:\/\/tos-offshore.com\/context\/"},"modified":"2023-09-27T16:33:25","modified_gmt":"2023-09-27T14:33:25","slug":"contexto","status":"publish","type":"page","link":"https:\/\/tos-offshore.com\/es\/contexto\/","title":{"rendered":"Contexto"},"content":{"rendered":"\t\t<div data-elementor-type=\"wp-page\" data-elementor-id=\"14346\" class=\"elementor elementor-14346\">\n\t\t\t\t\t\t\t\t\t<section class=\" elementor-section elementor-top-section elementor-element elementor-element-55274a2 elementor-section-full_width elementor-section-stretched elementor-section-height-default elementor-section-height-default\" data-id=\"55274a2\" data-element_type=\"section\" data-settings=\"{&quot;stretch_section&quot;:&quot;section-stretched&quot;}\">\r\n\t\t\t\t\t\t\t\t<div class=\"elementor-container elementor-column-gap-default\">\r\n\t\t\t\t\r\n\t\t\t\t\t\t\t\t<div class=\" elementor-column elementor-col-100 elementor-top-column elementor-element elementor-element-1db0f74 \" data-id=\"1db0f74\" data-element_type=\"column\">\r\n\r\n\t\t\t\t\r\n\t\t\t\t<div class=\"elementor-widget-wrap elementor-element-populated\">\r\n\t\t\t\t\t\t\t\t\t\t\r\n\t\t\t\t\t\t<section class=\" elementor-section elementor-inner-section elementor-element elementor-element-1c89b69 elementor-section-boxed elementor-section-height-default elementor-section-height-default\" data-id=\"1c89b69\" data-element_type=\"section\">\r\n\t\t\t\t\t\t\t\t<div class=\"elementor-container elementor-column-gap-default\">\r\n\t\t\t\t\r\n\t\t\t\t\t\t\t\t<div class=\" elementor-column elementor-col-100 elementor-inner-column elementor-element elementor-element-058ece1 \" data-id=\"058ece1\" data-element_type=\"column\">\r\n\r\n\t\t\t\t\r\n\t\t\t\t<div class=\"elementor-widget-wrap elementor-element-populated\">\r\n\t\t\t\t\t\t\t\t\t\t\r\n\t\t\t\t\t\t<div class=\"elementor-element elementor-element-87a8306 elementor-widget elementor-widget-text-editor\" data-id=\"87a8306\" data-element_type=\"widget\" data-widget_type=\"text-editor.default\">\n\t\t\t\t<div class=\"elementor-widget-container\">\n\t\t\t<style>\/*! elementor - v3.16.0 - 09-10-2023 *\/\n.elementor-widget-text-editor.elementor-drop-cap-view-stacked .elementor-drop-cap{background-color:#69727d;color:#fff}.elementor-widget-text-editor.elementor-drop-cap-view-framed .elementor-drop-cap{color:#69727d;border:3px solid;background-color:transparent}.elementor-widget-text-editor:not(.elementor-drop-cap-view-default) .elementor-drop-cap{margin-top:8px}.elementor-widget-text-editor:not(.elementor-drop-cap-view-default) .elementor-drop-cap-letter{width:1em;height:1em}.elementor-widget-text-editor .elementor-drop-cap{float:left;text-align:center;line-height:1;font-size:50px}.elementor-widget-text-editor .elementor-drop-cap-letter{display:inline-block}<\/style>\t\t\t\t<p>La Administraci\u00f3n Federal de Aviaci\u00f3n (FAA) y Transporte Canad\u00e1 (TC) han estudiado los peores escenarios posibles, para llegar a determinar que la intensidad luminosa necesaria para evitar las colisiones debe ser de 2000 cd, (Reglas de vuelo visual VFR| Velocidad del plan de vuelo, 165 Nudos | AGL 500\u2019 | 2000\u2019 Estructura arriostrada | 1 milla terrestre de visibilidad)<\/p><p>Las Reglas de vuelo visual VFR permiten a los pilotos volar solamente si la visibilidad es igual o superior a 1.6 km \u00f3 1 milla terrestre. Considerando el lapso de tiempo que toma para el avi\u00f3n dar una vuelta, el piloto debe ser capaz de ver o percibir la luz\u00a0<a href=\"https:\/\/www.faa.gov\/regulations_policies\/advisory_circulars\/index.cfm\/go\/document.current\/documentNumber\/70_7460-1\" target=\"_blank\" rel=\"noopener noreferrer\">a 1.9 km de distancia del obst\u00e1culo, a fin de evitar acercarse a menos de 2000\u2019, y as\u00ed prevenir una colisi\u00f3n<\/a><\/p><p>La distancia de prevenci\u00f3n de colisiones, determinada por la FAA y TC, en los peores escenarios posibles, debe ser ineludiblemente respetada por los pilotos: La intensidad luminosa debe ser de 2000 cd para que el piloto pueda tener visibilidad a 1 milla terrestre del obst\u00e1culo.<\/p><p>Actualmente, en cada parque e\u00f3lico, los balizamientos de obst\u00e1culos est\u00e1n siempre iluminando a su m\u00e1xima intensidad, de d\u00eda y al anochecer, independientemente de las condiciones de visibilidad.<\/p>\t\t\t\t\t\t<\/div>\n\t\t\t\t<\/div>\n\t\t\t\t<div class=\"elementor-element elementor-element-e96e324 elementor-widget elementor-widget-image\" data-id=\"e96e324\" data-element_type=\"widget\" data-widget_type=\"image.default\">\n\t\t\t\t<div class=\"elementor-widget-container\">\n\t\t\t<style>\/*! elementor - v3.16.0 - 09-10-2023 *\/\n.elementor-widget-image{text-align:center}.elementor-widget-image a{display:inline-block}.elementor-widget-image a img[src$=\".svg\"]{width:48px}.elementor-widget-image img{vertical-align:middle;display:inline-block}<\/style>\t\t\t\t\t\t\t\t\t\t\t\t<img decoding=\"async\" width=\"1001\" height=\"551\" src=\"https:\/\/tos-offshore.com\/wp-content\/uploads\/2023\/09\/Lids_ES_1.jpg\" class=\"attachment-large size-large wp-image-14380\" alt=\"\" srcset=\"https:\/\/tos-offshore.com\/wp-content\/uploads\/2023\/09\/Lids_ES_1.jpg 1001w, https:\/\/tos-offshore.com\/wp-content\/uploads\/2023\/09\/Lids_ES_1-768x423.jpg 768w\" sizes=\"(max-width: 1001px) 100vw, 1001px\" \/>\t\t\t\t\t\t\t\t\t\t\t\t\t\t\t<\/div>\n\t\t\t\t<\/div>\n\t\t\t\t<div class=\"elementor-element elementor-element-14df6a4 elementor-widget-divider--view-line elementor-widget elementor-widget-divider\" data-id=\"14df6a4\" data-element_type=\"widget\" data-widget_type=\"divider.default\">\n\t\t\t\t<div class=\"elementor-widget-container\">\n\t\t\t<style>\/*! elementor - v3.16.0 - 09-10-2023 *\/\n.elementor-widget-divider{--divider-border-style:none;--divider-border-width:1px;--divider-color:#0c0d0e;--divider-icon-size:20px;--divider-element-spacing:10px;--divider-pattern-height:24px;--divider-pattern-size:20px;--divider-pattern-url:none;--divider-pattern-repeat:repeat-x}.elementor-widget-divider .elementor-divider{display:flex}.elementor-widget-divider .elementor-divider__text{font-size:15px;line-height:1;max-width:95%}.elementor-widget-divider .elementor-divider__element{margin:0 var(--divider-element-spacing);flex-shrink:0}.elementor-widget-divider .elementor-icon{font-size:var(--divider-icon-size)}.elementor-widget-divider .elementor-divider-separator{display:flex;margin:0;direction:ltr}.elementor-widget-divider--view-line_icon .elementor-divider-separator,.elementor-widget-divider--view-line_text .elementor-divider-separator{align-items:center}.elementor-widget-divider--view-line_icon .elementor-divider-separator:after,.elementor-widget-divider--view-line_icon .elementor-divider-separator:before,.elementor-widget-divider--view-line_text .elementor-divider-separator:after,.elementor-widget-divider--view-line_text .elementor-divider-separator:before{display:block;content:\"\";border-bottom:0;flex-grow:1;border-top:var(--divider-border-width) var(--divider-border-style) var(--divider-color)}.elementor-widget-divider--element-align-left .elementor-divider .elementor-divider-separator>.elementor-divider__svg:first-of-type{flex-grow:0;flex-shrink:100}.elementor-widget-divider--element-align-left .elementor-divider-separator:before{content:none}.elementor-widget-divider--element-align-left .elementor-divider__element{margin-left:0}.elementor-widget-divider--element-align-right .elementor-divider .elementor-divider-separator>.elementor-divider__svg:last-of-type{flex-grow:0;flex-shrink:100}.elementor-widget-divider--element-align-right .elementor-divider-separator:after{content:none}.elementor-widget-divider--element-align-right .elementor-divider__element{margin-right:0}.elementor-widget-divider:not(.elementor-widget-divider--view-line_text):not(.elementor-widget-divider--view-line_icon) .elementor-divider-separator{border-top:var(--divider-border-width) var(--divider-border-style) var(--divider-color)}.elementor-widget-divider--separator-type-pattern{--divider-border-style:none}.elementor-widget-divider--separator-type-pattern.elementor-widget-divider--view-line .elementor-divider-separator,.elementor-widget-divider--separator-type-pattern:not(.elementor-widget-divider--view-line) .elementor-divider-separator:after,.elementor-widget-divider--separator-type-pattern:not(.elementor-widget-divider--view-line) .elementor-divider-separator:before,.elementor-widget-divider--separator-type-pattern:not([class*=elementor-widget-divider--view]) .elementor-divider-separator{width:100%;min-height:var(--divider-pattern-height);-webkit-mask-size:var(--divider-pattern-size) 100%;mask-size:var(--divider-pattern-size) 100%;-webkit-mask-repeat:var(--divider-pattern-repeat);mask-repeat:var(--divider-pattern-repeat);background-color:var(--divider-color);-webkit-mask-image:var(--divider-pattern-url);mask-image:var(--divider-pattern-url)}.elementor-widget-divider--no-spacing{--divider-pattern-size:auto}.elementor-widget-divider--bg-round{--divider-pattern-repeat:round}.rtl .elementor-widget-divider .elementor-divider__text{direction:rtl}.e-con-inner>.elementor-widget-divider,.e-con>.elementor-widget-divider{width:var(--container-widget-width,100%);--flex-grow:var(--container-widget-flex-grow)}<\/style>\t\t<div class=\"elementor-divider\">\n\t\t\t<span class=\"elementor-divider-separator\">\n\t\t\t\t\t\t<\/span>\n\t\t<\/div>\n\t\t\t\t<\/div>\n\t\t\t\t<\/div>\n\t\t\t\t<div class=\"elementor-element elementor-element-d41e099 elementor-widget elementor-widget-text-editor\" data-id=\"d41e099\" data-element_type=\"widget\" data-widget_type=\"text-editor.default\">\n\t\t\t\t<div class=\"elementor-widget-container\">\n\t\t\t\t\t\t\t<p>Sin embargo, si pudi\u00e9ramos medir la visibilidad de los parques e\u00f3licos, estar\u00edamos en capacidad de ajustar la intensidad luminosa en funci\u00f3n del entorno. Debido a que la visibilidad por lo general es muy buena, las balizas de obst\u00e1culos podr\u00edan funcionar con una intensidad m\u00ednima manteniendo siempre una distancia de percepci\u00f3n de la luz segura para los pilotos.<\/p>\t\t\t\t\t\t<\/div>\n\t\t\t\t<\/div>\n\t\t\t\t<div class=\"elementor-element elementor-element-bba2cde elementor-widget-divider--view-line elementor-widget elementor-widget-divider\" data-id=\"bba2cde\" data-element_type=\"widget\" data-widget_type=\"divider.default\">\n\t\t\t\t<div class=\"elementor-widget-container\">\n\t\t\t\t\t<div class=\"elementor-divider\">\n\t\t\t<span class=\"elementor-divider-separator\">\n\t\t\t\t\t\t<\/span>\n\t\t<\/div>\n\t\t\t\t<\/div>\n\t\t\t\t<\/div>\n\t\t\t\t<div class=\"elementor-element elementor-element-cf28f35 elementor-widget elementor-widget-image\" data-id=\"cf28f35\" data-element_type=\"widget\" data-widget_type=\"image.default\">\n\t\t\t\t<div class=\"elementor-widget-container\">\n\t\t\t\t\t\t\t\t\t\t\t\t\t\t\t<img decoding=\"async\" width=\"1001\" height=\"551\" src=\"https:\/\/tos-offshore.com\/wp-content\/uploads\/2023\/09\/Lids_ES_2-1.jpg\" class=\"attachment-large size-large wp-image-14386\" alt=\"\" srcset=\"https:\/\/tos-offshore.com\/wp-content\/uploads\/2023\/09\/Lids_ES_2-1.jpg 1001w, https:\/\/tos-offshore.com\/wp-content\/uploads\/2023\/09\/Lids_ES_2-1-768x423.jpg 768w\" sizes=\"(max-width: 1001px) 100vw, 1001px\" \/>\t\t\t\t\t\t\t\t\t\t\t\t\t\t\t<\/div>\n\t\t\t\t<\/div>\n\t\t\t\t<div class=\"elementor-element elementor-element-245933a elementor-widget-divider--view-line elementor-widget elementor-widget-divider\" data-id=\"245933a\" data-element_type=\"widget\" data-widget_type=\"divider.default\">\n\t\t\t\t<div class=\"elementor-widget-container\">\n\t\t\t\t\t<div class=\"elementor-divider\">\n\t\t\t<span class=\"elementor-divider-separator\">\n\t\t\t\t\t\t<\/span>\n\t\t<\/div>\n\t\t\t\t<\/div>\n\t\t\t\t<\/div>\n\t\t\t\t<div class=\"elementor-element elementor-element-0dd4400 elementor-widget elementor-widget-image\" data-id=\"0dd4400\" data-element_type=\"widget\" data-widget_type=\"image.default\">\n\t\t\t\t<div class=\"elementor-widget-container\">\n\t\t\t\t\t\t\t\t\t\t\t\t\t\t\t<img decoding=\"async\" width=\"1001\" height=\"551\" src=\"https:\/\/tos-offshore.com\/wp-content\/uploads\/2023\/09\/Lids_ES_3.jpg\" class=\"attachment-large size-large wp-image-14389\" alt=\"\" srcset=\"https:\/\/tos-offshore.com\/wp-content\/uploads\/2023\/09\/Lids_ES_3.jpg 1001w, https:\/\/tos-offshore.com\/wp-content\/uploads\/2023\/09\/Lids_ES_3-768x423.jpg 768w\" sizes=\"(max-width: 1001px) 100vw, 1001px\" \/>\t\t\t\t\t\t\t\t\t\t\t\t\t\t\t<\/div>\n\t\t\t\t<\/div>\n\t\t\t\t<div class=\"elementor-element elementor-element-4dbf18a elementor-widget-divider--view-line elementor-widget elementor-widget-divider\" data-id=\"4dbf18a\" data-element_type=\"widget\" data-widget_type=\"divider.default\">\n\t\t\t\t<div class=\"elementor-widget-container\">\n\t\t\t\t\t<div class=\"elementor-divider\">\n\t\t\t<span class=\"elementor-divider-separator\">\n\t\t\t\t\t\t<\/span>\n\t\t<\/div>\n\t\t\t\t<\/div>\n\t\t\t\t<\/div>\n\t\t\t\t<div class=\"elementor-element elementor-element-4a03bdf elementor-widget elementor-widget-image\" data-id=\"4a03bdf\" data-element_type=\"widget\" data-widget_type=\"image.default\">\n\t\t\t\t<div class=\"elementor-widget-container\">\n\t\t\t\t\t\t\t\t\t\t\t\t\t\t\t<img decoding=\"async\" width=\"1001\" height=\"551\" src=\"https:\/\/tos-offshore.com\/wp-content\/uploads\/2023\/09\/Lids_ES_4.jpg\" class=\"attachment-large size-large wp-image-14392\" alt=\"\" srcset=\"https:\/\/tos-offshore.com\/wp-content\/uploads\/2023\/09\/Lids_ES_4.jpg 1001w, https:\/\/tos-offshore.com\/wp-content\/uploads\/2023\/09\/Lids_ES_4-768x423.jpg 768w\" sizes=\"(max-width: 1001px) 100vw, 1001px\" \/>\t\t\t\t\t\t\t\t\t\t\t\t\t\t\t<\/div>\n\t\t\t\t<\/div>\n\t\t\t\t<div class=\"elementor-element elementor-element-1d07ebd elementor-widget-divider--view-line elementor-widget elementor-widget-divider\" data-id=\"1d07ebd\" data-element_type=\"widget\" data-widget_type=\"divider.default\">\n\t\t\t\t<div class=\"elementor-widget-container\">\n\t\t\t\t\t<div class=\"elementor-divider\">\n\t\t\t<span class=\"elementor-divider-separator\">\n\t\t\t\t\t\t<\/span>\n\t\t<\/div>\n\t\t\t\t<\/div>\n\t\t\t\t<\/div>\n\t\t\t\t<div class=\"elementor-element elementor-element-7aa06e5 elementor-widget elementor-widget-image\" data-id=\"7aa06e5\" data-element_type=\"widget\" data-widget_type=\"image.default\">\n\t\t\t\t<div class=\"elementor-widget-container\">\n\t\t\t\t\t\t\t\t\t\t\t\t\t\t\t<img decoding=\"async\" width=\"1001\" height=\"551\" src=\"https:\/\/tos-offshore.com\/wp-content\/uploads\/2023\/09\/Lids_ES_5.jpg\" class=\"attachment-large size-large wp-image-14395\" alt=\"\" srcset=\"https:\/\/tos-offshore.com\/wp-content\/uploads\/2023\/09\/Lids_ES_5.jpg 1001w, https:\/\/tos-offshore.com\/wp-content\/uploads\/2023\/09\/Lids_ES_5-768x423.jpg 768w\" sizes=\"(max-width: 1001px) 100vw, 1001px\" \/>\t\t\t\t\t\t\t\t\t\t\t\t\t\t\t<\/div>\n\t\t\t\t<\/div>\n\t\t\t\t\t\t<\/div>\r\n\t\t\t\t<\/div>\r\n\t\t\t\t\t\t\t\t<\/div>\r\n\t\t\t<\/section>\r\n\t\t\t\t\t\t\t<\/div>\r\n\t\t\t\t<\/div>\r\n\t\t\t\t\t\t\t\t<\/div>\r\n\t\t\t<\/section>\r\n\t\t\t\t\t\t\t\t<\/div>\n\t\t","protected":false},"excerpt":{"rendered":"<p>La Administraci\u00f3n Federal de Aviaci\u00f3n (FAA) y Transporte Canad\u00e1 (TC) han estudiado los peores escenarios posibles, para llegar a determinar que la intensidad luminosa necesaria para evitar las colisiones debe ser de 2000 cd, (Reglas de vuelo visual VFR| Velocidad del plan de vuelo, 165 Nudos | AGL 500\u2019 | 2000\u2019 Estructura arriostrada | 1 [&hellip;]<\/p>\n","protected":false},"author":1,"featured_media":0,"parent":0,"menu_order":0,"comment_status":"closed","ping_status":"closed","template":"modele-standard.php","meta":{"footnotes":""},"class_list":["post-14346","page","type-page","status-publish","hentry"],"yoast_head":"<!-- This site is optimized with the Yoast SEO plugin v22.5 - https:\/\/yoast.com\/wordpress\/plugins\/seo\/ -->\n<title>Contexto Technostrobe | Obstruction lights for tall towers in broadcasting, telecommunication, utilities and wind farm industries<\/title>\n<meta name=\"robots\" content=\"index, follow, max-snippet:-1, max-image-preview:large, max-video-preview:-1\" \/>\n<link rel=\"canonical\" href=\"https:\/\/tos-offshore.com\/es\/contexto\/\" \/>\n<meta property=\"og:locale\" content=\"es_ES\" \/>\n<meta property=\"og:type\" content=\"article\" \/>\n<meta property=\"og:title\" content=\"Contexto Technostrobe | Obstruction lights for tall towers in broadcasting, telecommunication, utilities and wind farm industries\" \/>\n<meta property=\"og:description\" content=\"La Administraci\u00f3n Federal de Aviaci\u00f3n (FAA) y Transporte Canad\u00e1 (TC) han estudiado los peores escenarios posibles, para llegar a determinar que la intensidad luminosa necesaria para evitar las colisiones debe ser de 2000 cd, (Reglas de vuelo visual VFR| Velocidad del plan de vuelo, 165 Nudos | AGL 500\u2019 | 2000\u2019 Estructura arriostrada | 1 [&hellip;]\" \/>\n<meta property=\"og:url\" content=\"https:\/\/tos-offshore.com\/es\/contexto\/\" \/>\n<meta property=\"og:site_name\" content=\"Technostrobe | Obstruction lights for tall towers in broadcasting, telecommunication, utilities and wind farm industries\" \/>\n<meta property=\"article:modified_time\" content=\"2023-09-27T14:33:25+00:00\" \/>\n<meta property=\"og:image\" content=\"https:\/\/tos-offshore.com\/wp-content\/uploads\/2023\/09\/Lids_ES_1.jpg\" \/>\n<meta name=\"twitter:card\" content=\"summary_large_image\" \/>\n<meta name=\"twitter:label1\" content=\"Tiempo de lectura\" \/>\n\t<meta name=\"twitter:data1\" content=\"3 minutos\" \/>\n<script type=\"application\/ld+json\" class=\"yoast-schema-graph\">{\"@context\":\"https:\/\/schema.org\",\"@graph\":[{\"@type\":\"WebPage\",\"@id\":\"https:\/\/tos-offshore.com\/es\/contexto\/\",\"url\":\"https:\/\/tos-offshore.com\/es\/contexto\/\",\"name\":\"Contexto Technostrobe | Obstruction lights for tall towers in broadcasting, telecommunication, utilities and wind farm industries\",\"isPartOf\":{\"@id\":\"https:\/\/tos-offshore.com\/fr\/#website\"},\"primaryImageOfPage\":{\"@id\":\"https:\/\/tos-offshore.com\/es\/contexto\/#primaryimage\"},\"image\":{\"@id\":\"https:\/\/tos-offshore.com\/es\/contexto\/#primaryimage\"},\"thumbnailUrl\":\"https:\/\/tos-offshore.com\/wp-content\/uploads\/2023\/09\/Lids_ES_1.jpg\",\"datePublished\":\"2023-09-27T13:59:15+00:00\",\"dateModified\":\"2023-09-27T14:33:25+00:00\",\"breadcrumb\":{\"@id\":\"https:\/\/tos-offshore.com\/es\/contexto\/#breadcrumb\"},\"inLanguage\":\"es\",\"potentialAction\":[{\"@type\":\"ReadAction\",\"target\":[\"https:\/\/tos-offshore.com\/es\/contexto\/\"]}]},{\"@type\":\"ImageObject\",\"inLanguage\":\"es\",\"@id\":\"https:\/\/tos-offshore.com\/es\/contexto\/#primaryimage\",\"url\":\"https:\/\/tos-offshore.com\/wp-content\/uploads\/2023\/09\/Lids_ES_1.jpg\",\"contentUrl\":\"https:\/\/tos-offshore.com\/wp-content\/uploads\/2023\/09\/Lids_ES_1.jpg\"},{\"@type\":\"BreadcrumbList\",\"@id\":\"https:\/\/tos-offshore.com\/es\/contexto\/#breadcrumb\",\"itemListElement\":[{\"@type\":\"ListItem\",\"position\":1,\"name\":\"Home\",\"item\":\"https:\/\/tos-offshore.com\/en\/\"},{\"@type\":\"ListItem\",\"position\":2,\"name\":\"Contexto\"}]},{\"@type\":\"WebSite\",\"@id\":\"https:\/\/tos-offshore.com\/fr\/#website\",\"url\":\"https:\/\/tos-offshore.com\/fr\/\",\"name\":\"Technostrobe | Obstruction lights for tall towers in broadcasting, telecommunication, utilities and wind farm industries\",\"description\":\"\",\"potentialAction\":[{\"@type\":\"SearchAction\",\"target\":{\"@type\":\"EntryPoint\",\"urlTemplate\":\"https:\/\/tos-offshore.com\/fr\/?s={search_term_string}\"},\"query-input\":\"required name=search_term_string\"}],\"inLanguage\":\"es\"}]}<\/script>\n<!-- \/ Yoast SEO plugin. -->","yoast_head_json":{"title":"Contexto Technostrobe | Obstruction lights for tall towers in broadcasting, telecommunication, utilities and wind farm industries","robots":{"index":"index","follow":"follow","max-snippet":"max-snippet:-1","max-image-preview":"max-image-preview:large","max-video-preview":"max-video-preview:-1"},"canonical":"https:\/\/tos-offshore.com\/es\/contexto\/","og_locale":"es_ES","og_type":"article","og_title":"Contexto Technostrobe | Obstruction lights for tall towers in broadcasting, telecommunication, utilities and wind farm industries","og_description":"La Administraci\u00f3n Federal de Aviaci\u00f3n (FAA) y Transporte Canad\u00e1 (TC) han estudiado los peores escenarios posibles, para llegar a determinar que la intensidad luminosa necesaria para evitar las colisiones debe ser de 2000 cd, (Reglas de vuelo visual VFR| Velocidad del plan de vuelo, 165 Nudos | AGL 500\u2019 | 2000\u2019 Estructura arriostrada | 1 [&hellip;]","og_url":"https:\/\/tos-offshore.com\/es\/contexto\/","og_site_name":"Technostrobe | Obstruction lights for tall towers in broadcasting, telecommunication, utilities and wind farm industries","article_modified_time":"2023-09-27T14:33:25+00:00","og_image":[{"url":"https:\/\/tos-offshore.com\/wp-content\/uploads\/2023\/09\/Lids_ES_1.jpg"}],"twitter_card":"summary_large_image","twitter_misc":{"Tiempo de lectura":"3 minutos"},"schema":{"@context":"https:\/\/schema.org","@graph":[{"@type":"WebPage","@id":"https:\/\/tos-offshore.com\/es\/contexto\/","url":"https:\/\/tos-offshore.com\/es\/contexto\/","name":"Contexto Technostrobe | Obstruction lights for tall towers in broadcasting, telecommunication, utilities and wind farm industries","isPartOf":{"@id":"https:\/\/tos-offshore.com\/fr\/#website"},"primaryImageOfPage":{"@id":"https:\/\/tos-offshore.com\/es\/contexto\/#primaryimage"},"image":{"@id":"https:\/\/tos-offshore.com\/es\/contexto\/#primaryimage"},"thumbnailUrl":"https:\/\/tos-offshore.com\/wp-content\/uploads\/2023\/09\/Lids_ES_1.jpg","datePublished":"2023-09-27T13:59:15+00:00","dateModified":"2023-09-27T14:33:25+00:00","breadcrumb":{"@id":"https:\/\/tos-offshore.com\/es\/contexto\/#breadcrumb"},"inLanguage":"es","potentialAction":[{"@type":"ReadAction","target":["https:\/\/tos-offshore.com\/es\/contexto\/"]}]},{"@type":"ImageObject","inLanguage":"es","@id":"https:\/\/tos-offshore.com\/es\/contexto\/#primaryimage","url":"https:\/\/tos-offshore.com\/wp-content\/uploads\/2023\/09\/Lids_ES_1.jpg","contentUrl":"https:\/\/tos-offshore.com\/wp-content\/uploads\/2023\/09\/Lids_ES_1.jpg"},{"@type":"BreadcrumbList","@id":"https:\/\/tos-offshore.com\/es\/contexto\/#breadcrumb","itemListElement":[{"@type":"ListItem","position":1,"name":"Home","item":"https:\/\/tos-offshore.com\/en\/"},{"@type":"ListItem","position":2,"name":"Contexto"}]},{"@type":"WebSite","@id":"https:\/\/tos-offshore.com\/fr\/#website","url":"https:\/\/tos-offshore.com\/fr\/","name":"Technostrobe | Obstruction lights for tall towers in broadcasting, telecommunication, utilities and wind farm industries","description":"","potentialAction":[{"@type":"SearchAction","target":{"@type":"EntryPoint","urlTemplate":"https:\/\/tos-offshore.com\/fr\/?s={search_term_string}"},"query-input":"required name=search_term_string"}],"inLanguage":"es"}]}},"_links":{"self":[{"href":"https:\/\/tos-offshore.com\/es\/wp-json\/wp\/v2\/pages\/14346","targetHints":{"allow":["GET"]}}],"collection":[{"href":"https:\/\/tos-offshore.com\/es\/wp-json\/wp\/v2\/pages"}],"about":[{"href":"https:\/\/tos-offshore.com\/es\/wp-json\/wp\/v2\/types\/page"}],"author":[{"embeddable":true,"href":"https:\/\/tos-offshore.com\/es\/wp-json\/wp\/v2\/users\/1"}],"replies":[{"embeddable":true,"href":"https:\/\/tos-offshore.com\/es\/wp-json\/wp\/v2\/comments?post=14346"}],"version-history":[{"count":8,"href":"https:\/\/tos-offshore.com\/es\/wp-json\/wp\/v2\/pages\/14346\/revisions"}],"predecessor-version":[{"id":14400,"href":"https:\/\/tos-offshore.com\/es\/wp-json\/wp\/v2\/pages\/14346\/revisions\/14400"}],"wp:attachment":[{"href":"https:\/\/tos-offshore.com\/es\/wp-json\/wp\/v2\/media?parent=14346"}],"curies":[{"name":"wp","href":"https:\/\/api.w.org\/{rel}","templated":true}]}}