{"id":14432,"date":"2023-09-27T16:35:45","date_gmt":"2023-09-27T14:35:45","guid":{"rendered":"https:\/\/tos-offshore.com\/solution\/"},"modified":"2023-09-27T17:04:27","modified_gmt":"2023-09-27T15:04:27","slug":"solucion","status":"publish","type":"page","link":"https:\/\/tos-offshore.com\/es\/solucion\/","title":{"rendered":"Soluci\u00f3n"},"content":{"rendered":"\t\t<div data-elementor-type=\"wp-page\" data-elementor-id=\"14432\" class=\"elementor elementor-14432\">\n\t\t\t\t\t\t\t\t\t<section class=\" elementor-section elementor-top-section elementor-element elementor-element-62f86be elementor-section-full_width elementor-section-stretched elementor-section-height-default elementor-section-height-default\" data-id=\"62f86be\" data-element_type=\"section\" data-settings=\"{&quot;stretch_section&quot;:&quot;section-stretched&quot;}\">\r\n\t\t\t\t\t\t\t\t<div class=\"elementor-container elementor-column-gap-default\">\r\n\t\t\t\t\r\n\t\t\t\t\t\t\t\t<div class=\" elementor-column elementor-col-100 elementor-top-column elementor-element elementor-element-93ec17d \" data-id=\"93ec17d\" data-element_type=\"column\">\r\n\r\n\t\t\t\t\r\n\t\t\t\t<div class=\"elementor-widget-wrap elementor-element-populated\">\r\n\t\t\t\t\t\t\t\t\t\t\r\n\t\t\t\t\t\t<section class=\" elementor-section elementor-inner-section elementor-element elementor-element-90b6d8e elementor-section-boxed elementor-section-height-default elementor-section-height-default\" data-id=\"90b6d8e\" data-element_type=\"section\">\r\n\t\t\t\t\t\t\t\t<div class=\"elementor-container elementor-column-gap-default\">\r\n\t\t\t\t\r\n\t\t\t\t\t\t\t\t<div class=\" elementor-column elementor-col-100 elementor-inner-column elementor-element elementor-element-19277b7 \" data-id=\"19277b7\" data-element_type=\"column\">\r\n\r\n\t\t\t\t\r\n\t\t\t\t<div class=\"elementor-widget-wrap elementor-element-populated\">\r\n\t\t\t\t\t\t\t\t\t\t\r\n\t\t\t\t\t\t<div class=\"elementor-element elementor-element-28512fd elementor-widget elementor-widget-text-editor\" data-id=\"28512fd\" data-element_type=\"widget\" data-widget_type=\"text-editor.default\">\n\t\t\t\t<div class=\"elementor-widget-container\">\n\t\t\t<style>\/*! elementor - v3.16.0 - 09-10-2023 *\/\n.elementor-widget-text-editor.elementor-drop-cap-view-stacked .elementor-drop-cap{background-color:#69727d;color:#fff}.elementor-widget-text-editor.elementor-drop-cap-view-framed .elementor-drop-cap{color:#69727d;border:3px solid;background-color:transparent}.elementor-widget-text-editor:not(.elementor-drop-cap-view-default) .elementor-drop-cap{margin-top:8px}.elementor-widget-text-editor:not(.elementor-drop-cap-view-default) .elementor-drop-cap-letter{width:1em;height:1em}.elementor-widget-text-editor .elementor-drop-cap{float:left;text-align:center;line-height:1;font-size:50px}.elementor-widget-text-editor .elementor-drop-cap-letter{display:inline-block}<\/style>\t\t\t\t<p>Nuestra m\u00e1s reciente Tecnolog\u00eda LIDS<sup>TM\u00a0<\/sup>es su soluci\u00f3n. Nuestra Soluci\u00f3n de Atenuaci\u00f3n de la Intensidad Luminosa aten\u00faa el nivel de intensidad de los destellos de acuerdo a la visibilidad del entorno a proximidad de los parques e\u00f3licos.<\/p><p>Nuestra tecnolog\u00eda mantiene una distancia de percepci\u00f3n de la luz segura para los pilotos, reduciendo significativamente, al mismo tiempo, el car\u00e1cter fastidioso de los efectos de la luz en las comunidades aleda\u00f1as. De esta forma contribuimos a que ellas recobren la tranquilidad que ofrece un ambiente m\u00e1s sereno.<\/p><p>Aliviar las molestias que causan los destellos, representa una ventaja de los LIDS<sup>TM<\/sup>, los cuales ofrecen tambi\u00e9n una alternativa econ\u00f3mica y segura.<\/p>\t\t\t\t\t\t<\/div>\n\t\t\t\t<\/div>\n\t\t\t\t<div class=\"elementor-element elementor-element-1f62b91 elementor-widget elementor-widget-heading\" data-id=\"1f62b91\" data-element_type=\"widget\" data-widget_type=\"heading.default\">\n\t\t\t\t<div class=\"elementor-widget-container\">\n\t\t\t<style>\/*! elementor - v3.16.0 - 09-10-2023 *\/\n.elementor-heading-title{padding:0;margin:0;line-height:1}.elementor-widget-heading .elementor-heading-title[class*=elementor-size-]>a{color:inherit;font-size:inherit;line-height:inherit}.elementor-widget-heading .elementor-heading-title.elementor-size-small{font-size:15px}.elementor-widget-heading .elementor-heading-title.elementor-size-medium{font-size:19px}.elementor-widget-heading .elementor-heading-title.elementor-size-large{font-size:29px}.elementor-widget-heading .elementor-heading-title.elementor-size-xl{font-size:39px}.elementor-widget-heading .elementor-heading-title.elementor-size-xxl{font-size:59px}<\/style><h2 class=\"elementor-heading-title elementor-size-default\">85 % DEL TIEMPO \u2013 EN MODO BAJO CONSUMO\n\n<\/h2>\t\t<\/div>\n\t\t\t\t<\/div>\n\t\t\t\t<div class=\"elementor-element elementor-element-95b6165 link-red elementor-widget elementor-widget-text-editor\" data-id=\"95b6165\" data-element_type=\"widget\" data-widget_type=\"text-editor.default\">\n\t\t\t\t<div class=\"elementor-widget-container\">\n\t\t\t\t\t\t\t<p>Technostrobe ha estado realizando pruebas de visibilidad en parques e\u00f3licos. Los datos registrados revelan que la intensidad de la luz puede efectivamente reducirse de forma segura, para ajustarla en funci\u00f3n de la visibilidad del entorno. Durante las pruebas, la visibilidad fue medida el 83 % del tiempo a distancias superiores a los 10 km, permitiendo as\u00ed al sistema\u00a0<a href=\"https:\/\/tos-offshore.com\/wp-content\/uploads\/2023\/09\/TECHNOSTROBE-CP_V2__LIDS-20170508_FINAL_ENG-1.pdf\" target=\"_blank\" rel=\"noopener noreferrer\">LIDS<sup>TM<\/sup>\u00a0atenuar la luz en un 90%<\/a>.\u00a0<\/p><p>Puesto que las noches despejadas y una buena visibilidad es la norma, la mayor parte del tiempo las luces son demasiadas brillantes, sin necesidad. En tales condiciones, todo lo que necesitamos hacer es atenuar la luz.<\/p><p>Al ajustar el nivel de intensidad de la luz de acuerdo a la visibilidad en los alrededores, se mitiga considerablemente el efecto desfavorable del funcionamiento de las balizas en las comunidades locales. Los LIDS<sup>TM\u00a0<\/sup>permiten precisamente eso, atenuar la luz proveniente de los equipos seg\u00fan la visibilidad en el ambiente circundante. Como resultado, la comunidad nunca nota los cambios de intensidad, porque visiblemente se reduce cuando la luz del d\u00eda aumenta.<\/p>\t\t\t\t\t\t<\/div>\n\t\t\t\t<\/div>\n\t\t\t\t<div class=\"elementor-element elementor-element-1ea3600 elementor-widget-divider--view-line elementor-widget elementor-widget-divider\" data-id=\"1ea3600\" data-element_type=\"widget\" data-widget_type=\"divider.default\">\n\t\t\t\t<div class=\"elementor-widget-container\">\n\t\t\t<style>\/*! elementor - v3.16.0 - 09-10-2023 *\/\n.elementor-widget-divider{--divider-border-style:none;--divider-border-width:1px;--divider-color:#0c0d0e;--divider-icon-size:20px;--divider-element-spacing:10px;--divider-pattern-height:24px;--divider-pattern-size:20px;--divider-pattern-url:none;--divider-pattern-repeat:repeat-x}.elementor-widget-divider .elementor-divider{display:flex}.elementor-widget-divider .elementor-divider__text{font-size:15px;line-height:1;max-width:95%}.elementor-widget-divider .elementor-divider__element{margin:0 var(--divider-element-spacing);flex-shrink:0}.elementor-widget-divider .elementor-icon{font-size:var(--divider-icon-size)}.elementor-widget-divider .elementor-divider-separator{display:flex;margin:0;direction:ltr}.elementor-widget-divider--view-line_icon .elementor-divider-separator,.elementor-widget-divider--view-line_text .elementor-divider-separator{align-items:center}.elementor-widget-divider--view-line_icon .elementor-divider-separator:after,.elementor-widget-divider--view-line_icon .elementor-divider-separator:before,.elementor-widget-divider--view-line_text .elementor-divider-separator:after,.elementor-widget-divider--view-line_text .elementor-divider-separator:before{display:block;content:\"\";border-bottom:0;flex-grow:1;border-top:var(--divider-border-width) var(--divider-border-style) var(--divider-color)}.elementor-widget-divider--element-align-left .elementor-divider .elementor-divider-separator>.elementor-divider__svg:first-of-type{flex-grow:0;flex-shrink:100}.elementor-widget-divider--element-align-left .elementor-divider-separator:before{content:none}.elementor-widget-divider--element-align-left .elementor-divider__element{margin-left:0}.elementor-widget-divider--element-align-right .elementor-divider .elementor-divider-separator>.elementor-divider__svg:last-of-type{flex-grow:0;flex-shrink:100}.elementor-widget-divider--element-align-right .elementor-divider-separator:after{content:none}.elementor-widget-divider--element-align-right .elementor-divider__element{margin-right:0}.elementor-widget-divider:not(.elementor-widget-divider--view-line_text):not(.elementor-widget-divider--view-line_icon) .elementor-divider-separator{border-top:var(--divider-border-width) var(--divider-border-style) var(--divider-color)}.elementor-widget-divider--separator-type-pattern{--divider-border-style:none}.elementor-widget-divider--separator-type-pattern.elementor-widget-divider--view-line .elementor-divider-separator,.elementor-widget-divider--separator-type-pattern:not(.elementor-widget-divider--view-line) .elementor-divider-separator:after,.elementor-widget-divider--separator-type-pattern:not(.elementor-widget-divider--view-line) .elementor-divider-separator:before,.elementor-widget-divider--separator-type-pattern:not([class*=elementor-widget-divider--view]) .elementor-divider-separator{width:100%;min-height:var(--divider-pattern-height);-webkit-mask-size:var(--divider-pattern-size) 100%;mask-size:var(--divider-pattern-size) 100%;-webkit-mask-repeat:var(--divider-pattern-repeat);mask-repeat:var(--divider-pattern-repeat);background-color:var(--divider-color);-webkit-mask-image:var(--divider-pattern-url);mask-image:var(--divider-pattern-url)}.elementor-widget-divider--no-spacing{--divider-pattern-size:auto}.elementor-widget-divider--bg-round{--divider-pattern-repeat:round}.rtl .elementor-widget-divider .elementor-divider__text{direction:rtl}.e-con-inner>.elementor-widget-divider,.e-con>.elementor-widget-divider{width:var(--container-widget-width,100%);--flex-grow:var(--container-widget-flex-grow)}<\/style>\t\t<div class=\"elementor-divider\">\n\t\t\t<span class=\"elementor-divider-separator\">\n\t\t\t\t\t\t<\/span>\n\t\t<\/div>\n\t\t\t\t<\/div>\n\t\t\t\t<\/div>\n\t\t\t\t<div class=\"elementor-element elementor-element-cca5794 elementor-widget elementor-widget-image\" data-id=\"cca5794\" data-element_type=\"widget\" data-widget_type=\"image.default\">\n\t\t\t\t<div class=\"elementor-widget-container\">\n\t\t\t<style>\/*! elementor - v3.16.0 - 09-10-2023 *\/\n.elementor-widget-image{text-align:center}.elementor-widget-image a{display:inline-block}.elementor-widget-image a img[src$=\".svg\"]{width:48px}.elementor-widget-image img{vertical-align:middle;display:inline-block}<\/style>\t\t\t\t\t\t\t\t\t\t\t\t<img decoding=\"async\" width=\"1001\" height=\"551\" src=\"https:\/\/tos-offshore.com\/wp-content\/uploads\/2023\/09\/Lids_ES_6.jpg\" class=\"attachment-large size-large wp-image-14454\" alt=\"\" srcset=\"https:\/\/tos-offshore.com\/wp-content\/uploads\/2023\/09\/Lids_ES_6.jpg 1001w, https:\/\/tos-offshore.com\/wp-content\/uploads\/2023\/09\/Lids_ES_6-768x423.jpg 768w\" sizes=\"(max-width: 1001px) 100vw, 1001px\" \/>\t\t\t\t\t\t\t\t\t\t\t\t\t\t\t<\/div>\n\t\t\t\t<\/div>\n\t\t\t\t<div class=\"elementor-element elementor-element-0e4274c elementor-widget-divider--view-line elementor-widget elementor-widget-divider\" data-id=\"0e4274c\" data-element_type=\"widget\" data-widget_type=\"divider.default\">\n\t\t\t\t<div class=\"elementor-widget-container\">\n\t\t\t\t\t<div class=\"elementor-divider\">\n\t\t\t<span class=\"elementor-divider-separator\">\n\t\t\t\t\t\t<\/span>\n\t\t<\/div>\n\t\t\t\t<\/div>\n\t\t\t\t<\/div>\n\t\t\t\t<div class=\"elementor-element elementor-element-f3bd484 elementor-widget elementor-widget-text-editor\" data-id=\"f3bd484\" data-element_type=\"widget\" data-widget_type=\"text-editor.default\">\n\t\t\t\t<div class=\"elementor-widget-container\">\n\t\t\t\t\t\t\t<p>La ciencia involucrada para determinar la visibilidad con el sensor que nosotros utilizamos, se denomina \u00a8Principio de dispersi\u00f3n frontal\u00a8. Este equipo nos permite realizar una lectura de visibilidad en un Punto A y extrapolarlo con la visibilidad en un Punto B (5 km distante), y en un Punto C (10\u00a0km distante). \u00a0<\/p><p>El sensor es s\u00f3lido, estable, calentado, y pr\u00e1cticamente no requiere mantenimiento (en nuestro caso debemos limpiar los lentes cada 6 meses).<\/p><p>Sin pretender reinventar la rueda \u2013 La FAA actualmente permite esta tecnolog\u00eda para establecer el Alcance Visual en Pista (RVR).<\/p>\t\t\t\t\t\t<\/div>\n\t\t\t\t<\/div>\n\t\t\t\t<div class=\"elementor-element elementor-element-e89fb38 elementor-widget elementor-widget-heading\" data-id=\"e89fb38\" data-element_type=\"widget\" data-widget_type=\"heading.default\">\n\t\t\t\t<div class=\"elementor-widget-container\">\n\t\t\t<h2 class=\"elementor-heading-title elementor-size-default\">MARGEN DE PRECISI\u00d3N\n\n<\/h2>\t\t<\/div>\n\t\t\t\t<\/div>\n\t\t\t\t<div class=\"elementor-element elementor-element-0f4f97d elementor-widget elementor-widget-text-editor\" data-id=\"0f4f97d\" data-element_type=\"widget\" data-widget_type=\"text-editor.default\">\n\t\t\t\t<div class=\"elementor-widget-container\">\n\t\t\t\t\t\t\t<ul><li><strong>\u00b1 50 m\u00a0<\/strong>hasta 600 m<\/li><li>Entre 600 y 1500 m, la precisi\u00f3n es de 10%<\/li><li>Mayor que 1500 m, la precisi\u00f3n es de 80%<\/li><li>A fin de asegurar la coherencia y fiabilidad de las mediciones, se instalan varios sensores alrededor del parque e\u00f3lico.<\/li><\/ul>\t\t\t\t\t\t<\/div>\n\t\t\t\t<\/div>\n\t\t\t\t<div class=\"elementor-element elementor-element-e169669 elementor-widget elementor-widget-heading\" data-id=\"e169669\" data-element_type=\"widget\" data-widget_type=\"heading.default\">\n\t\t\t\t<div class=\"elementor-widget-container\">\n\t\t\t<h3 class=\"elementor-heading-title elementor-size-default\">DOCUMENTO\n\n<\/h3>\t\t<\/div>\n\t\t\t\t<\/div>\n\t\t\t\t<div class=\"elementor-element elementor-element-76f3d3d elementor-view-default elementor-position-top elementor-mobile-position-top elementor-widget elementor-widget-icon-box\" data-id=\"76f3d3d\" data-element_type=\"widget\" data-widget_type=\"icon-box.default\">\n\t\t\t\t<div class=\"elementor-widget-container\">\n\t\t\t<link rel=\"stylesheet\" href=\"https:\/\/tos-offshore.com\/wp-content\/uploads\/elementor\/css\/custom-widget-icon-box.min.css?ver=1714086923\">\t\t<div class=\"elementor-icon-box-wrapper\">\n\t\t\t\t\t\t<div class=\"elementor-icon-box-icon\">\n\t\t\t\t<a href=\"https:\/\/tos-offshore.com\/wp-content\/uploads\/2023\/09\/LIDS_fact_sheet_EN_03_LR-1.pdf\" target=\"_blank\" class=\"elementor-icon elementor-animation-\" tabindex=\"-1\">\n\t\t\t\t<i aria-hidden=\"true\" class=\"far fa-file-pdf\"><\/i>\t\t\t\t<\/a>\n\t\t\t<\/div>\n\t\t\t\t\t\t<div class=\"elementor-icon-box-content\">\n\t\t\t\t<span class=\"elementor-icon-box-title\">\n\t\t\t\t\t<a href=\"https:\/\/tos-offshore.com\/wp-content\/uploads\/2023\/09\/LIDS_fact_sheet_EN_03_LR-1.pdf\" target=\"_blank\" >\n\t\t\t\t\t\tEXPEDIENTE T\u00c9CNICO \t\t\t\t\t<\/a>\n\t\t\t\t<\/span>\n\t\t\t\t\t\t\t<\/div>\n\t\t<\/div>\n\t\t\t\t<\/div>\n\t\t\t\t<\/div>\n\t\t\t\t\t\t<\/div>\r\n\t\t\t\t<\/div>\r\n\t\t\t\t\t\t\t\t<\/div>\r\n\t\t\t<\/section>\r\n\t\t\t\t\t\t\t<\/div>\r\n\t\t\t\t<\/div>\r\n\t\t\t\t\t\t\t\t<\/div>\r\n\t\t\t<\/section>\r\n\t\t\t\t\t\t\t\t<\/div>\n\t\t","protected":false},"excerpt":{"rendered":"<p>Nuestra m\u00e1s reciente Tecnolog\u00eda LIDSTM\u00a0es su soluci\u00f3n. Nuestra Soluci\u00f3n de Atenuaci\u00f3n de la Intensidad Luminosa aten\u00faa el nivel de intensidad de los destellos de acuerdo a la visibilidad del entorno a proximidad de los parques e\u00f3licos. Nuestra tecnolog\u00eda mantiene una distancia de percepci\u00f3n de la luz segura para los pilotos, reduciendo significativamente, al mismo tiempo, [&hellip;]<\/p>\n","protected":false},"author":1,"featured_media":0,"parent":0,"menu_order":0,"comment_status":"closed","ping_status":"closed","template":"modele-standard.php","meta":{"footnotes":""},"class_list":["post-14432","page","type-page","status-publish","hentry"],"yoast_head":"<!-- This site is optimized with the Yoast SEO plugin v22.5 - https:\/\/yoast.com\/wordpress\/plugins\/seo\/ -->\n<title>Soluci\u00f3n - Technostrobe obstruction lights for tall towers in broadcasting, telecommunication, utilities and wind farm industri<\/title>\n<meta name=\"robots\" content=\"index, follow, max-snippet:-1, max-image-preview:large, max-video-preview:-1\" \/>\n<link rel=\"canonical\" href=\"https:\/\/tos-offshore.com\/es\/solucion\/\" \/>\n<meta property=\"og:locale\" content=\"es_ES\" \/>\n<meta property=\"og:type\" content=\"article\" \/>\n<meta property=\"og:title\" content=\"Soluci\u00f3n - Technostrobe obstruction lights for tall towers in broadcasting, telecommunication, utilities and wind farm industri\" \/>\n<meta property=\"og:description\" content=\"Nuestra m\u00e1s reciente Tecnolog\u00eda LIDSTM\u00a0es su soluci\u00f3n. Nuestra Soluci\u00f3n de Atenuaci\u00f3n de la Intensidad Luminosa aten\u00faa el nivel de intensidad de los destellos de acuerdo a la visibilidad del entorno a proximidad de los parques e\u00f3licos. Nuestra tecnolog\u00eda mantiene una distancia de percepci\u00f3n de la luz segura para los pilotos, reduciendo significativamente, al mismo tiempo, [&hellip;]\" \/>\n<meta property=\"og:url\" content=\"https:\/\/tos-offshore.com\/es\/solucion\/\" \/>\n<meta property=\"og:site_name\" content=\"Technostrobe | Obstruction lights for tall towers in broadcasting, telecommunication, utilities and wind farm industries\" \/>\n<meta property=\"article:modified_time\" content=\"2023-09-27T15:04:27+00:00\" \/>\n<meta property=\"og:image\" content=\"https:\/\/tos-offshore.com\/wp-content\/uploads\/2023\/09\/Lids_ES_6.jpg\" \/>\n<meta name=\"twitter:card\" content=\"summary_large_image\" \/>\n<meta name=\"twitter:label1\" content=\"Tiempo de lectura\" \/>\n\t<meta name=\"twitter:data1\" content=\"3 minutos\" \/>\n<script type=\"application\/ld+json\" class=\"yoast-schema-graph\">{\"@context\":\"https:\/\/schema.org\",\"@graph\":[{\"@type\":\"WebPage\",\"@id\":\"https:\/\/tos-offshore.com\/es\/solucion\/\",\"url\":\"https:\/\/tos-offshore.com\/es\/solucion\/\",\"name\":\"Soluci\u00f3n - Technostrobe obstruction lights for tall towers in broadcasting, telecommunication, utilities and wind farm industri\",\"isPartOf\":{\"@id\":\"https:\/\/tos-offshore.com\/fr\/#website\"},\"primaryImageOfPage\":{\"@id\":\"https:\/\/tos-offshore.com\/es\/solucion\/#primaryimage\"},\"image\":{\"@id\":\"https:\/\/tos-offshore.com\/es\/solucion\/#primaryimage\"},\"thumbnailUrl\":\"https:\/\/tos-offshore.com\/wp-content\/uploads\/2023\/09\/Lids_ES_6.jpg\",\"datePublished\":\"2023-09-27T14:35:45+00:00\",\"dateModified\":\"2023-09-27T15:04:27+00:00\",\"breadcrumb\":{\"@id\":\"https:\/\/tos-offshore.com\/es\/solucion\/#breadcrumb\"},\"inLanguage\":\"es\",\"potentialAction\":[{\"@type\":\"ReadAction\",\"target\":[\"https:\/\/tos-offshore.com\/es\/solucion\/\"]}]},{\"@type\":\"ImageObject\",\"inLanguage\":\"es\",\"@id\":\"https:\/\/tos-offshore.com\/es\/solucion\/#primaryimage\",\"url\":\"https:\/\/tos-offshore.com\/wp-content\/uploads\/2023\/09\/Lids_ES_6.jpg\",\"contentUrl\":\"https:\/\/tos-offshore.com\/wp-content\/uploads\/2023\/09\/Lids_ES_6.jpg\"},{\"@type\":\"BreadcrumbList\",\"@id\":\"https:\/\/tos-offshore.com\/es\/solucion\/#breadcrumb\",\"itemListElement\":[{\"@type\":\"ListItem\",\"position\":1,\"name\":\"Home\",\"item\":\"https:\/\/tos-offshore.com\/en\/\"},{\"@type\":\"ListItem\",\"position\":2,\"name\":\"Soluci\u00f3n\"}]},{\"@type\":\"WebSite\",\"@id\":\"https:\/\/tos-offshore.com\/fr\/#website\",\"url\":\"https:\/\/tos-offshore.com\/fr\/\",\"name\":\"Technostrobe | Obstruction lights for tall towers in broadcasting, telecommunication, utilities and wind farm industries\",\"description\":\"\",\"potentialAction\":[{\"@type\":\"SearchAction\",\"target\":{\"@type\":\"EntryPoint\",\"urlTemplate\":\"https:\/\/tos-offshore.com\/fr\/?s={search_term_string}\"},\"query-input\":\"required name=search_term_string\"}],\"inLanguage\":\"es\"}]}<\/script>\n<!-- \/ Yoast SEO plugin. -->","yoast_head_json":{"title":"Soluci\u00f3n - Technostrobe obstruction lights for tall towers in broadcasting, telecommunication, utilities and wind farm industri","robots":{"index":"index","follow":"follow","max-snippet":"max-snippet:-1","max-image-preview":"max-image-preview:large","max-video-preview":"max-video-preview:-1"},"canonical":"https:\/\/tos-offshore.com\/es\/solucion\/","og_locale":"es_ES","og_type":"article","og_title":"Soluci\u00f3n - Technostrobe obstruction lights for tall towers in broadcasting, telecommunication, utilities and wind farm industri","og_description":"Nuestra m\u00e1s reciente Tecnolog\u00eda LIDSTM\u00a0es su soluci\u00f3n. Nuestra Soluci\u00f3n de Atenuaci\u00f3n de la Intensidad Luminosa aten\u00faa el nivel de intensidad de los destellos de acuerdo a la visibilidad del entorno a proximidad de los parques e\u00f3licos. Nuestra tecnolog\u00eda mantiene una distancia de percepci\u00f3n de la luz segura para los pilotos, reduciendo significativamente, al mismo tiempo, [&hellip;]","og_url":"https:\/\/tos-offshore.com\/es\/solucion\/","og_site_name":"Technostrobe | Obstruction lights for tall towers in broadcasting, telecommunication, utilities and wind farm industries","article_modified_time":"2023-09-27T15:04:27+00:00","og_image":[{"url":"https:\/\/tos-offshore.com\/wp-content\/uploads\/2023\/09\/Lids_ES_6.jpg"}],"twitter_card":"summary_large_image","twitter_misc":{"Tiempo de lectura":"3 minutos"},"schema":{"@context":"https:\/\/schema.org","@graph":[{"@type":"WebPage","@id":"https:\/\/tos-offshore.com\/es\/solucion\/","url":"https:\/\/tos-offshore.com\/es\/solucion\/","name":"Soluci\u00f3n - Technostrobe obstruction lights for tall towers in broadcasting, telecommunication, utilities and wind farm industri","isPartOf":{"@id":"https:\/\/tos-offshore.com\/fr\/#website"},"primaryImageOfPage":{"@id":"https:\/\/tos-offshore.com\/es\/solucion\/#primaryimage"},"image":{"@id":"https:\/\/tos-offshore.com\/es\/solucion\/#primaryimage"},"thumbnailUrl":"https:\/\/tos-offshore.com\/wp-content\/uploads\/2023\/09\/Lids_ES_6.jpg","datePublished":"2023-09-27T14:35:45+00:00","dateModified":"2023-09-27T15:04:27+00:00","breadcrumb":{"@id":"https:\/\/tos-offshore.com\/es\/solucion\/#breadcrumb"},"inLanguage":"es","potentialAction":[{"@type":"ReadAction","target":["https:\/\/tos-offshore.com\/es\/solucion\/"]}]},{"@type":"ImageObject","inLanguage":"es","@id":"https:\/\/tos-offshore.com\/es\/solucion\/#primaryimage","url":"https:\/\/tos-offshore.com\/wp-content\/uploads\/2023\/09\/Lids_ES_6.jpg","contentUrl":"https:\/\/tos-offshore.com\/wp-content\/uploads\/2023\/09\/Lids_ES_6.jpg"},{"@type":"BreadcrumbList","@id":"https:\/\/tos-offshore.com\/es\/solucion\/#breadcrumb","itemListElement":[{"@type":"ListItem","position":1,"name":"Home","item":"https:\/\/tos-offshore.com\/en\/"},{"@type":"ListItem","position":2,"name":"Soluci\u00f3n"}]},{"@type":"WebSite","@id":"https:\/\/tos-offshore.com\/fr\/#website","url":"https:\/\/tos-offshore.com\/fr\/","name":"Technostrobe | Obstruction lights for tall towers in broadcasting, telecommunication, utilities and wind farm industries","description":"","potentialAction":[{"@type":"SearchAction","target":{"@type":"EntryPoint","urlTemplate":"https:\/\/tos-offshore.com\/fr\/?s={search_term_string}"},"query-input":"required name=search_term_string"}],"inLanguage":"es"}]}},"_links":{"self":[{"href":"https:\/\/tos-offshore.com\/es\/wp-json\/wp\/v2\/pages\/14432","targetHints":{"allow":["GET"]}}],"collection":[{"href":"https:\/\/tos-offshore.com\/es\/wp-json\/wp\/v2\/pages"}],"about":[{"href":"https:\/\/tos-offshore.com\/es\/wp-json\/wp\/v2\/types\/page"}],"author":[{"embeddable":true,"href":"https:\/\/tos-offshore.com\/es\/wp-json\/wp\/v2\/users\/1"}],"replies":[{"embeddable":true,"href":"https:\/\/tos-offshore.com\/es\/wp-json\/wp\/v2\/comments?post=14432"}],"version-history":[{"count":4,"href":"https:\/\/tos-offshore.com\/es\/wp-json\/wp\/v2\/pages\/14432\/revisions"}],"predecessor-version":[{"id":14462,"href":"https:\/\/tos-offshore.com\/es\/wp-json\/wp\/v2\/pages\/14432\/revisions\/14462"}],"wp:attachment":[{"href":"https:\/\/tos-offshore.com\/es\/wp-json\/wp\/v2\/media?parent=14432"}],"curies":[{"name":"wp","href":"https:\/\/api.w.org\/{rel}","templated":true}]}}