{"id":14470,"date":"2023-09-27T17:08:53","date_gmt":"2023-09-27T15:08:53","guid":{"rendered":"https:\/\/tos-offshore.com\/result\/"},"modified":"2023-09-28T11:01:04","modified_gmt":"2023-09-28T09:01:04","slug":"resultado","status":"publish","type":"page","link":"https:\/\/tos-offshore.com\/es\/resultado\/","title":{"rendered":"Resultado"},"content":{"rendered":"\t\t<div data-elementor-type=\"wp-page\" data-elementor-id=\"14470\" class=\"elementor elementor-14470\">\n\t\t\t\t\t\t\t\t\t<section class=\" elementor-section elementor-top-section elementor-element elementor-element-8e4f74a elementor-section-full_width elementor-section-height-default elementor-section-height-default\" data-id=\"8e4f74a\" data-element_type=\"section\">\r\n\t\t\t\t\t\t\t\t<div class=\"elementor-container elementor-column-gap-default\">\r\n\t\t\t\t\r\n\t\t\t\t\t\t\t\t<div class=\" elementor-column elementor-col-100 elementor-top-column elementor-element elementor-element-39589e0 \" data-id=\"39589e0\" data-element_type=\"column\">\r\n\r\n\t\t\t\t\r\n\t\t\t\t<div class=\"elementor-widget-wrap elementor-element-populated\">\r\n\t\t\t\t\t\t\t\t\t\t\r\n\t\t\t\t\t\t<section class=\" elementor-section elementor-inner-section elementor-element elementor-element-30b0f6b elementor-section-boxed elementor-section-height-default elementor-section-height-default\" data-id=\"30b0f6b\" data-element_type=\"section\">\r\n\t\t\t\t\t\t\t\t<div class=\"elementor-container elementor-column-gap-default\">\r\n\t\t\t\t\r\n\t\t\t\t\t\t\t\t<div class=\" elementor-column elementor-col-100 elementor-inner-column elementor-element elementor-element-a177aca \" data-id=\"a177aca\" data-element_type=\"column\">\r\n\r\n\t\t\t\t\r\n\t\t\t\t<div class=\"elementor-widget-wrap elementor-element-populated\">\r\n\t\t\t\t\t\t\t\t\t\t\r\n\t\t\t\t\t\t<div class=\"elementor-element elementor-element-09c6eee elementor-widget elementor-widget-text-editor\" data-id=\"09c6eee\" data-element_type=\"widget\" data-widget_type=\"text-editor.default\">\n\t\t\t\t<div class=\"elementor-widget-container\">\n\t\t\t<style>\/*! elementor - v3.16.0 - 09-10-2023 *\/\n.elementor-widget-text-editor.elementor-drop-cap-view-stacked .elementor-drop-cap{background-color:#69727d;color:#fff}.elementor-widget-text-editor.elementor-drop-cap-view-framed .elementor-drop-cap{color:#69727d;border:3px solid;background-color:transparent}.elementor-widget-text-editor:not(.elementor-drop-cap-view-default) .elementor-drop-cap{margin-top:8px}.elementor-widget-text-editor:not(.elementor-drop-cap-view-default) .elementor-drop-cap-letter{width:1em;height:1em}.elementor-widget-text-editor .elementor-drop-cap{float:left;text-align:center;line-height:1;font-size:50px}.elementor-widget-text-editor .elementor-drop-cap-letter{display:inline-block}<\/style>\t\t\t\t<p>Primordial para la navegaci\u00f3n a\u00e9rea, las balizas de obst\u00e1culos en parques e\u00f3licos garantizan la seguridad, tanto de pilotos como de pasajeros. Cuando la intensidad luminosa est\u00e1 a su nivel normal, la iluminaci\u00f3n proveniente de los LIDS\u2122 habilita la navegaci\u00f3n a\u00e9rea en las peores condiciones de visibilidad.<\/p><p>Sin embargo, cuando el cielo est\u00e1 despejado, gracias a la Soluci\u00f3n de Atenuaci\u00f3n de la Intensidad Luminosa (LIDS\u2122), la intensidad luminosa puede ajustarse al entorno, beneficiando as\u00ed a todos, tanto a los que est\u00e1n en tierra como a los que sobrevuelan.<\/p><p>Como resultado, las comunidades nunca volver\u00e1n a notar los cambios de intensidad luminosa de las balizas, porque visiblemente se reduce cuando la intensidad de la luz del d\u00eda aumenta.<\/p><p>Beneficios de los LIDS\u2122:<\/p><ul><li>Seguro, simple, eficaz y rentable.<\/li><li>Tecnolog\u00eda probada<\/li><li>Fabricados por expertos e\u00f3licos en balizamiento y meteorolog\u00eda.<\/li><\/ul>\t\t\t\t\t\t<\/div>\n\t\t\t\t<\/div>\n\t\t\t\t<div class=\"elementor-element elementor-element-4257e46 elementor-widget elementor-widget-heading\" data-id=\"4257e46\" data-element_type=\"widget\" data-widget_type=\"heading.default\">\n\t\t\t\t<div class=\"elementor-widget-container\">\n\t\t\t<style>\/*! elementor - v3.16.0 - 09-10-2023 *\/\n.elementor-heading-title{padding:0;margin:0;line-height:1}.elementor-widget-heading .elementor-heading-title[class*=elementor-size-]>a{color:inherit;font-size:inherit;line-height:inherit}.elementor-widget-heading .elementor-heading-title.elementor-size-small{font-size:15px}.elementor-widget-heading .elementor-heading-title.elementor-size-medium{font-size:19px}.elementor-widget-heading .elementor-heading-title.elementor-size-large{font-size:29px}.elementor-widget-heading .elementor-heading-title.elementor-size-xl{font-size:39px}.elementor-widget-heading .elementor-heading-title.elementor-size-xxl{font-size:59px}<\/style><h2 class=\"elementor-heading-title elementor-size-default\">ATENUAR LA LUZ CON LIDSTM\n<\/h2>\t\t<\/div>\n\t\t\t\t<\/div>\n\t\t\t\t\t\t<\/div>\r\n\t\t\t\t<\/div>\r\n\t\t\t\t\t\t\t\t<\/div>\r\n\t\t\t<\/section>\r\n\t\t\t\t\t\t\t<\/div>\r\n\t\t\t\t<\/div>\r\n\t\t\t\t\t\t\t\t<\/div>\r\n\t\t\t<\/section>\r\n\t\t\t\t\t\t\t\t<\/div>\n\t\t","protected":false},"excerpt":{"rendered":"<p>Primordial para la navegaci\u00f3n a\u00e9rea, las balizas de obst\u00e1culos en parques e\u00f3licos garantizan la seguridad, tanto de pilotos como de pasajeros. Cuando la intensidad luminosa est\u00e1 a su nivel normal, la iluminaci\u00f3n proveniente de los LIDS\u2122 habilita la navegaci\u00f3n a\u00e9rea en las peores condiciones de visibilidad. Sin embargo, cuando el cielo est\u00e1 despejado, gracias a [&hellip;]<\/p>\n","protected":false},"author":1,"featured_media":0,"parent":0,"menu_order":0,"comment_status":"closed","ping_status":"closed","template":"modele-standard.php","meta":{"footnotes":""},"class_list":["post-14470","page","type-page","status-publish","hentry"],"yoast_head":"<!-- This site is optimized with the Yoast SEO plugin v22.5 - https:\/\/yoast.com\/wordpress\/plugins\/seo\/ -->\n<title>Resultado - Technostrobe obstruction lights for tall towers in broadcasting, telecommunication, utilities and wind farm industries.<\/title>\n<meta name=\"robots\" content=\"index, follow, max-snippet:-1, max-image-preview:large, max-video-preview:-1\" \/>\n<link rel=\"canonical\" href=\"https:\/\/tos-offshore.com\/es\/resultado\/\" \/>\n<meta property=\"og:locale\" content=\"es_ES\" \/>\n<meta property=\"og:type\" content=\"article\" \/>\n<meta property=\"og:title\" content=\"Resultado - Technostrobe obstruction lights for tall towers in broadcasting, telecommunication, utilities and wind farm industries.\" \/>\n<meta property=\"og:description\" content=\"Primordial para la navegaci\u00f3n a\u00e9rea, las balizas de obst\u00e1culos en parques e\u00f3licos garantizan la seguridad, tanto de pilotos como de pasajeros. Cuando la intensidad luminosa est\u00e1 a su nivel normal, la iluminaci\u00f3n proveniente de los LIDS\u2122 habilita la navegaci\u00f3n a\u00e9rea en las peores condiciones de visibilidad. Sin embargo, cuando el cielo est\u00e1 despejado, gracias a [&hellip;]\" \/>\n<meta property=\"og:url\" content=\"https:\/\/tos-offshore.com\/es\/resultado\/\" \/>\n<meta property=\"og:site_name\" content=\"Technostrobe | Obstruction lights for tall towers in broadcasting, telecommunication, utilities and wind farm industries\" \/>\n<meta property=\"article:modified_time\" content=\"2023-09-28T09:01:04+00:00\" \/>\n<meta name=\"twitter:card\" content=\"summary_large_image\" \/>\n<meta name=\"twitter:label1\" content=\"Tiempo de lectura\" \/>\n\t<meta name=\"twitter:data1\" content=\"1 minuto\" \/>\n<script type=\"application\/ld+json\" class=\"yoast-schema-graph\">{\"@context\":\"https:\/\/schema.org\",\"@graph\":[{\"@type\":\"WebPage\",\"@id\":\"https:\/\/tos-offshore.com\/es\/resultado\/\",\"url\":\"https:\/\/tos-offshore.com\/es\/resultado\/\",\"name\":\"Resultado - Technostrobe obstruction lights for tall towers in broadcasting, telecommunication, utilities and wind farm industries.\",\"isPartOf\":{\"@id\":\"https:\/\/tos-offshore.com\/fr\/#website\"},\"datePublished\":\"2023-09-27T15:08:53+00:00\",\"dateModified\":\"2023-09-28T09:01:04+00:00\",\"breadcrumb\":{\"@id\":\"https:\/\/tos-offshore.com\/es\/resultado\/#breadcrumb\"},\"inLanguage\":\"es\",\"potentialAction\":[{\"@type\":\"ReadAction\",\"target\":[\"https:\/\/tos-offshore.com\/es\/resultado\/\"]}]},{\"@type\":\"BreadcrumbList\",\"@id\":\"https:\/\/tos-offshore.com\/es\/resultado\/#breadcrumb\",\"itemListElement\":[{\"@type\":\"ListItem\",\"position\":1,\"name\":\"Home\",\"item\":\"https:\/\/tos-offshore.com\/en\/\"},{\"@type\":\"ListItem\",\"position\":2,\"name\":\"Resultado\"}]},{\"@type\":\"WebSite\",\"@id\":\"https:\/\/tos-offshore.com\/fr\/#website\",\"url\":\"https:\/\/tos-offshore.com\/fr\/\",\"name\":\"Technostrobe | Obstruction lights for tall towers in broadcasting, telecommunication, utilities and wind farm industries\",\"description\":\"\",\"potentialAction\":[{\"@type\":\"SearchAction\",\"target\":{\"@type\":\"EntryPoint\",\"urlTemplate\":\"https:\/\/tos-offshore.com\/fr\/?s={search_term_string}\"},\"query-input\":\"required name=search_term_string\"}],\"inLanguage\":\"es\"}]}<\/script>\n<!-- \/ Yoast SEO plugin. -->","yoast_head_json":{"title":"Resultado - Technostrobe obstruction lights for tall towers in broadcasting, telecommunication, utilities and wind farm industries.","robots":{"index":"index","follow":"follow","max-snippet":"max-snippet:-1","max-image-preview":"max-image-preview:large","max-video-preview":"max-video-preview:-1"},"canonical":"https:\/\/tos-offshore.com\/es\/resultado\/","og_locale":"es_ES","og_type":"article","og_title":"Resultado - Technostrobe obstruction lights for tall towers in broadcasting, telecommunication, utilities and wind farm industries.","og_description":"Primordial para la navegaci\u00f3n a\u00e9rea, las balizas de obst\u00e1culos en parques e\u00f3licos garantizan la seguridad, tanto de pilotos como de pasajeros. Cuando la intensidad luminosa est\u00e1 a su nivel normal, la iluminaci\u00f3n proveniente de los LIDS\u2122 habilita la navegaci\u00f3n a\u00e9rea en las peores condiciones de visibilidad. Sin embargo, cuando el cielo est\u00e1 despejado, gracias a [&hellip;]","og_url":"https:\/\/tos-offshore.com\/es\/resultado\/","og_site_name":"Technostrobe | Obstruction lights for tall towers in broadcasting, telecommunication, utilities and wind farm industries","article_modified_time":"2023-09-28T09:01:04+00:00","twitter_card":"summary_large_image","twitter_misc":{"Tiempo de lectura":"1 minuto"},"schema":{"@context":"https:\/\/schema.org","@graph":[{"@type":"WebPage","@id":"https:\/\/tos-offshore.com\/es\/resultado\/","url":"https:\/\/tos-offshore.com\/es\/resultado\/","name":"Resultado - Technostrobe obstruction lights for tall towers in broadcasting, telecommunication, utilities and wind farm industries.","isPartOf":{"@id":"https:\/\/tos-offshore.com\/fr\/#website"},"datePublished":"2023-09-27T15:08:53+00:00","dateModified":"2023-09-28T09:01:04+00:00","breadcrumb":{"@id":"https:\/\/tos-offshore.com\/es\/resultado\/#breadcrumb"},"inLanguage":"es","potentialAction":[{"@type":"ReadAction","target":["https:\/\/tos-offshore.com\/es\/resultado\/"]}]},{"@type":"BreadcrumbList","@id":"https:\/\/tos-offshore.com\/es\/resultado\/#breadcrumb","itemListElement":[{"@type":"ListItem","position":1,"name":"Home","item":"https:\/\/tos-offshore.com\/en\/"},{"@type":"ListItem","position":2,"name":"Resultado"}]},{"@type":"WebSite","@id":"https:\/\/tos-offshore.com\/fr\/#website","url":"https:\/\/tos-offshore.com\/fr\/","name":"Technostrobe | Obstruction lights for tall towers in broadcasting, telecommunication, utilities and wind farm industries","description":"","potentialAction":[{"@type":"SearchAction","target":{"@type":"EntryPoint","urlTemplate":"https:\/\/tos-offshore.com\/fr\/?s={search_term_string}"},"query-input":"required name=search_term_string"}],"inLanguage":"es"}]}},"_links":{"self":[{"href":"https:\/\/tos-offshore.com\/es\/wp-json\/wp\/v2\/pages\/14470","targetHints":{"allow":["GET"]}}],"collection":[{"href":"https:\/\/tos-offshore.com\/es\/wp-json\/wp\/v2\/pages"}],"about":[{"href":"https:\/\/tos-offshore.com\/es\/wp-json\/wp\/v2\/types\/page"}],"author":[{"embeddable":true,"href":"https:\/\/tos-offshore.com\/es\/wp-json\/wp\/v2\/users\/1"}],"replies":[{"embeddable":true,"href":"https:\/\/tos-offshore.com\/es\/wp-json\/wp\/v2\/comments?post=14470"}],"version-history":[{"count":8,"href":"https:\/\/tos-offshore.com\/es\/wp-json\/wp\/v2\/pages\/14470\/revisions"}],"predecessor-version":[{"id":14735,"href":"https:\/\/tos-offshore.com\/es\/wp-json\/wp\/v2\/pages\/14470\/revisions\/14735"}],"wp:attachment":[{"href":"https:\/\/tos-offshore.com\/es\/wp-json\/wp\/v2\/media?parent=14470"}],"curies":[{"name":"wp","href":"https:\/\/api.w.org\/{rel}","templated":true}]}}